{"id":1943,"date":"2021-03-12T10:53:36","date_gmt":"2021-03-12T09:53:36","guid":{"rendered":"http:\/\/work.localhost\/raufosscouplings\/?page_id=1943"},"modified":"2021-06-14T13:22:53","modified_gmt":"2021-06-14T11:22:53","slug":"instructions","status":"publish","type":"page","link":"https:\/\/raufoss.stage.webcore.no\/de\/instructions\/","title":{"rendered":"HINWEISE"},"content":{"rendered":"\n<h1 class=\"is-style-default\">MONTAGEANLEITUNGEN<\/h1>\n\n\n\n<h1 class=\"is-style-alt\">UND REPARATUR<\/h1>\n\n\n\n<h2>MONTAGEANLEITUNGEN<\/h2>\n\n\n\n    <div class=\"wp-block-page-links alignwide\">\n        <div class=\"wp-block-page-links__inner-container\">\n            <a href=\"https:\/\/raufoss.stage.webcore.no\/de\/instructions\/parallel-gewinde\/\"><span><svg width=\"37\" height=\"69\" viewBox=\"0 0 37 69\" version=\"1.1\" xmlns=\"http:\/\/www.w3.org\/2000\/svg\"><path d=\"M16.7.532H.872a.5.5 0 00-.431.752l19.424 33.161a.5.5 0 010 .506L.441 68.11a.5.5 0 00.431.754H16.7a.5.5 0 00.431-.248L36.852 34.95a.5.5 0 000-.506L17.132.78A.5.5 0 0016.7.532z\" fill=\"#FFF\" fill-rule=\"evenodd\"\/><\/svg><\/span>PARALLEL GEWINDE<\/a><a href=\"https:\/\/raufoss.stage.webcore.no\/de\/instructions\/konisches-gewinde\/\"><span><svg width=\"37\" height=\"69\" viewBox=\"0 0 37 69\" version=\"1.1\" xmlns=\"http:\/\/www.w3.org\/2000\/svg\"><path d=\"M16.7.532H.872a.5.5 0 00-.431.752l19.424 33.161a.5.5 0 010 .506L.441 68.11a.5.5 0 00.431.754H16.7a.5.5 0 00.431-.248L36.852 34.95a.5.5 0 000-.506L17.132.78A.5.5 0 0016.7.532z\" fill=\"#FFF\" fill-rule=\"evenodd\"\/><\/svg><\/span>KONISCHES GEWINDE<\/a><a href=\"https:\/\/raufoss.stage.webcore.no\/de\/instructions\/rohrmontage\/\"><span><svg width=\"37\" height=\"69\" viewBox=\"0 0 37 69\" version=\"1.1\" xmlns=\"http:\/\/www.w3.org\/2000\/svg\"><path d=\"M16.7.532H.872a.5.5 0 00-.431.752l19.424 33.161a.5.5 0 010 .506L.441 68.11a.5.5 0 00.431.754H16.7a.5.5 0 00.431-.248L36.852 34.95a.5.5 0 000-.506L17.132.78A.5.5 0 0016.7.532z\" fill=\"#FFF\" fill-rule=\"evenodd\"\/><\/svg><\/span>ROHRMONTAGE<\/a><a href=\"https:\/\/raufoss.stage.webcore.no\/de\/instructions\/assemblage-des-pieces-de-forme-du-systeme-abc\/\"><span><svg width=\"37\" height=\"69\" viewBox=\"0 0 37 69\" version=\"1.1\" xmlns=\"http:\/\/www.w3.org\/2000\/svg\"><path d=\"M16.7.532H.872a.5.5 0 00-.431.752l19.424 33.161a.5.5 0 010 .506L.441 68.11a.5.5 0 00.431.754H16.7a.5.5 0 00.431-.248L36.852 34.95a.5.5 0 000-.506L17.132.78A.5.5 0 0016.7.532z\" fill=\"#FFF\" fill-rule=\"evenodd\"\/><\/svg><\/span>MONTAGE DES ABC BAUKASTENSYSTEMS<\/a><a href=\"https:\/\/raufoss.stage.webcore.no\/de\/instructions\/montage-des-rotolock\/\"><span><svg width=\"37\" height=\"69\" viewBox=\"0 0 37 69\" version=\"1.1\" xmlns=\"http:\/\/www.w3.org\/2000\/svg\"><path d=\"M16.7.532H.872a.5.5 0 00-.431.752l19.424 33.161a.5.5 0 010 .506L.441 68.11a.5.5 0 00.431.754H16.7a.5.5 0 00.431-.248L36.852 34.95a.5.5 0 000-.506L17.132.78A.5.5 0 0016.7.532z\" fill=\"#FFF\" fill-rule=\"evenodd\"\/><\/svg><\/span>MONTAGE DES ROTOLOCK<\/a>        <\/div>\n    <\/div>\n\n\n\n<div style=\"height:100px\" aria-hidden=\"true\" class=\"wp-block-spacer\"><\/div>\n\n\n\n<h2>REPARATUR<\/h2>\n\n\n\n<p class=\"is-style-default\">Bitte lesen Sie die folgenden Anweisungen zu Ihrer pers\u00f6nlichen Sicherheit und zur sicheren Verwendung der des ABC- Verschraubungssystems als Teil des Bremssystems, um einen Ausfall der Bremse zu vermeiden. s d \u00fcrfen n ur K A-Raufoss Originalwerkzeuge z ur D emontage von Rohren aus den ABC-Verschraubungen verwendet werden. Die Verwendung anderer, als der in diesem Handbuch angegebenen Methoden, Werkzeuge oder Ger\u00e4te gelten als Produkt- Missbrauch und f\u00fchrt zum Erl\u00f6schen jeglicher Garantien. KA \u00fcbernimmt keine Verantwortung f\u00fcr sp\u00e4tere Ausf\u00e4lle aufgrund von Missbrauch oder falscher Anwendung der Produkte. Bei Verwendung des Raufoss ABC Systems, ist der Austausch von Ventilen, Luftbeh\u00e4ltern, Luftfederb\u00e4lge problemlos m\u00f6glich.<\/p>\n\n\n\n<div style=\"height:60px\" aria-hidden=\"true\" class=\"wp-block-spacer\"><\/div>\n\n\n\n<h3>BEVOR SIE MIT DEN ARBEITEN BEGINNEN:<\/h3>\n\n\n\n<ul class=\"wp-block-list\"><li>Entl\u00fcften Sie Druckluftanlage vollst\u00e4ndig, um das Rohr \/ Baukastenteil l\u00f6sen zu k\u00f6nnen.<\/li><li>Entfernen Sie der Kabelbinder nahe der Verschraubung, Rohr muss frei zug\u00e4nglich, so gerade wie m\u00f6glich, sein.<\/li><li>Reinigen Sie Den Push-In Bereich<\/li><li>Reinigen Sie Das ABC -Baukastenteil im Bereiche der Verriegelung.<\/li><li>Stellen Sie sicher, das kein Dreck oder Kontamination ins Rohr, in die Verschraubung oder in gas Gewinde gelangt<\/li><\/ul>\n\n\n\n<div style=\"height:40px\" aria-hidden=\"true\" class=\"wp-block-spacer\"><\/div>\n\n\n\n    <div class=\"wp-block-page-links alignwide\">\n        <div class=\"wp-block-page-links__inner-container\">\n            <a href=\"https:\/\/raufoss.stage.webcore.no\/de\/instructions\/baukasten-demontage\/\"><span><svg width=\"37\" height=\"69\" viewBox=\"0 0 37 69\" version=\"1.1\" xmlns=\"http:\/\/www.w3.org\/2000\/svg\"><path d=\"M16.7.532H.872a.5.5 0 00-.431.752l19.424 33.161a.5.5 0 010 .506L.441 68.11a.5.5 0 00.431.754H16.7a.5.5 0 00.431-.248L36.852 34.95a.5.5 0 000-.506L17.132.78A.5.5 0 0016.7.532z\" fill=\"#FFF\" fill-rule=\"evenodd\"\/><\/svg><\/span>BAUKASTEN DEMONTAGE<\/a><a href=\"https:\/\/raufoss.stage.webcore.no\/de\/instructions\/handhabung-des-abc-rohr-demontage-werkzeug\/\"><span><svg width=\"37\" height=\"69\" viewBox=\"0 0 37 69\" version=\"1.1\" xmlns=\"http:\/\/www.w3.org\/2000\/svg\"><path d=\"M16.7.532H.872a.5.5 0 00-.431.752l19.424 33.161a.5.5 0 010 .506L.441 68.11a.5.5 0 00.431.754H16.7a.5.5 0 00.431-.248L36.852 34.95a.5.5 0 000-.506L17.132.78A.5.5 0 0016.7.532z\" fill=\"#FFF\" fill-rule=\"evenodd\"\/><\/svg><\/span>HANDHABUNG DES ABC ROHR DEMONTAGE WERKZEUG<\/a>        <\/div>\n    <\/div>\n\n\n\n<div style=\"height:60px\" aria-hidden=\"true\" class=\"wp-block-spacer\"><\/div>\n\n\n\n<h2>ERFAHREN SIE MEHR \u00dcBER DAS ABC\u2122-SYSTEM<\/h2>\n\n\n\n<p class=\"is-style-with-chevron\">Weitere Informationen zu unseren Produkten und Montagevorschl\u00e4gen finden Sie auf unserer Seite f\u00fcr Allgemeine Informationen.<br><a href=\"https:\/\/couplingscatalog.kongsbergautomotive.com\/de\/allgemeine-informationen\/\" data-type=\"page\" data-id=\"4383\">Allgemeine Informationen<\/a><\/p>\n\n\n\n<div style=\"height:60px\" aria-hidden=\"true\" class=\"wp-block-spacer\"><\/div>\n\n\n\n<h2><strong>MONTAGEBEISPIELE<\/strong><\/h2>\n\n\n    <div class=\"wp-block-product-images alignwide\">\n        <div class=\"wp-block-product-images__inner-container columns-3\">\n            <div class=\"product-image\"><h3>L-VERSCHRAUBUNG MIT PR\u00dcFANSCHLUSS<\/h3><img width=\"768\" height=\"478\" src=\"https:\/\/raufoss.stage.webcore.no\/de\/wp-content\/uploads\/sites\/4\/2021\/04\/01_Reg_Swivel-TogL-TestpointThreadless-768x478.jpg\" class=\"attachment-medium_large size-medium_large\" alt=\"\" loading=\"lazy\" srcset=\"https:\/\/raufoss.stage.webcore.no\/de\/wp-content\/uploads\/sites\/4\/2021\/04\/01_Reg_Swivel-TogL-TestpointThreadless-768x478.jpg 768w, https:\/\/raufoss.stage.webcore.no\/de\/wp-content\/uploads\/sites\/4\/2021\/04\/01_Reg_Swivel-TogL-TestpointThreadless-300x187.jpg 300w, https:\/\/raufoss.stage.webcore.no\/de\/wp-content\/uploads\/sites\/4\/2021\/04\/01_Reg_Swivel-TogL-TestpointThreadless-1024x637.jpg 1024w, https:\/\/raufoss.stage.webcore.no\/de\/wp-content\/uploads\/sites\/4\/2021\/04\/01_Reg_Swivel-TogL-TestpointThreadless-1536x955.jpg 1536w, https:\/\/raufoss.stage.webcore.no\/de\/wp-content\/uploads\/sites\/4\/2021\/04\/01_Reg_Swivel-TogL-TestpointThreadless-64x40.jpg 64w, https:\/\/raufoss.stage.webcore.no\/de\/wp-content\/uploads\/sites\/4\/2021\/04\/01_Reg_Swivel-TogL-TestpointThreadless.jpg 1552w\" sizes=\"(max-width: 768px) 100vw, 768px\" \/><\/div><div class=\"product-image\"><h3>90\u00b0 WINKEL MIT ROTOLOCK<\/h3><img width=\"768\" height=\"465\" src=\"https:\/\/raufoss.stage.webcore.no\/de\/wp-content\/uploads\/sites\/4\/2021\/04\/02_SwivelIntegral-768x465.jpg\" class=\"attachment-medium_large size-medium_large\" alt=\"\" loading=\"lazy\" srcset=\"https:\/\/raufoss.stage.webcore.no\/de\/wp-content\/uploads\/sites\/4\/2021\/04\/02_SwivelIntegral-768x465.jpg 768w, https:\/\/raufoss.stage.webcore.no\/de\/wp-content\/uploads\/sites\/4\/2021\/04\/02_SwivelIntegral-300x182.jpg 300w, https:\/\/raufoss.stage.webcore.no\/de\/wp-content\/uploads\/sites\/4\/2021\/04\/02_SwivelIntegral-1024x620.jpg 1024w, https:\/\/raufoss.stage.webcore.no\/de\/wp-content\/uploads\/sites\/4\/2021\/04\/02_SwivelIntegral-1536x930.jpg 1536w, https:\/\/raufoss.stage.webcore.no\/de\/wp-content\/uploads\/sites\/4\/2021\/04\/02_SwivelIntegral-64x39.jpg 64w, https:\/\/raufoss.stage.webcore.no\/de\/wp-content\/uploads\/sites\/4\/2021\/04\/02_SwivelIntegral.jpg 1594w\" sizes=\"(max-width: 768px) 100vw, 768px\" \/><\/div><div class=\"product-image\"><h3>T-VERSCHRAUBUNG<\/h3><img width=\"768\" height=\"478\" src=\"https:\/\/raufoss.stage.webcore.no\/de\/wp-content\/uploads\/sites\/4\/2021\/04\/03_Reg_SwivelTogL2xThreadless-768x478.jpg\" class=\"attachment-medium_large size-medium_large\" alt=\"\" loading=\"lazy\" srcset=\"https:\/\/raufoss.stage.webcore.no\/de\/wp-content\/uploads\/sites\/4\/2021\/04\/03_Reg_SwivelTogL2xThreadless-768x478.jpg 768w, https:\/\/raufoss.stage.webcore.no\/de\/wp-content\/uploads\/sites\/4\/2021\/04\/03_Reg_SwivelTogL2xThreadless-300x187.jpg 300w, https:\/\/raufoss.stage.webcore.no\/de\/wp-content\/uploads\/sites\/4\/2021\/04\/03_Reg_SwivelTogL2xThreadless-1024x637.jpg 1024w, https:\/\/raufoss.stage.webcore.no\/de\/wp-content\/uploads\/sites\/4\/2021\/04\/03_Reg_SwivelTogL2xThreadless-1536x955.jpg 1536w, https:\/\/raufoss.stage.webcore.no\/de\/wp-content\/uploads\/sites\/4\/2021\/04\/03_Reg_SwivelTogL2xThreadless-64x40.jpg 64w, https:\/\/raufoss.stage.webcore.no\/de\/wp-content\/uploads\/sites\/4\/2021\/04\/03_Reg_SwivelTogL2xThreadless.jpg 1552w\" sizes=\"(max-width: 768px) 100vw, 768px\" \/><\/div><div class=\"product-image\"><h3>L-VERSCHRAUBUNG<\/h3><img width=\"768\" height=\"478\" src=\"https:\/\/raufoss.stage.webcore.no\/de\/wp-content\/uploads\/sites\/4\/2021\/04\/04_HD_SwivelTogL2xThreadless-768x478.jpg\" class=\"attachment-medium_large size-medium_large\" alt=\"\" loading=\"lazy\" srcset=\"https:\/\/raufoss.stage.webcore.no\/de\/wp-content\/uploads\/sites\/4\/2021\/04\/04_HD_SwivelTogL2xThreadless-768x478.jpg 768w, https:\/\/raufoss.stage.webcore.no\/de\/wp-content\/uploads\/sites\/4\/2021\/04\/04_HD_SwivelTogL2xThreadless-300x187.jpg 300w, https:\/\/raufoss.stage.webcore.no\/de\/wp-content\/uploads\/sites\/4\/2021\/04\/04_HD_SwivelTogL2xThreadless-1024x637.jpg 1024w, https:\/\/raufoss.stage.webcore.no\/de\/wp-content\/uploads\/sites\/4\/2021\/04\/04_HD_SwivelTogL2xThreadless-1536x955.jpg 1536w, https:\/\/raufoss.stage.webcore.no\/de\/wp-content\/uploads\/sites\/4\/2021\/04\/04_HD_SwivelTogL2xThreadless-64x40.jpg 64w, https:\/\/raufoss.stage.webcore.no\/de\/wp-content\/uploads\/sites\/4\/2021\/04\/04_HD_SwivelTogL2xThreadless.jpg 1552w\" sizes=\"(max-width: 768px) 100vw, 768px\" \/><\/div><div class=\"product-image\"><h3>SCHOTTSTUTZEN MIT INTEGRIERTEM STECKVERBINDER<\/h3><img width=\"768\" height=\"604\" src=\"https:\/\/raufoss.stage.webcore.no\/de\/wp-content\/uploads\/sites\/4\/2021\/04\/Bulkhead-with-integral-coupling-768x604.jpg\" class=\"attachment-medium_large size-medium_large\" alt=\"\" loading=\"lazy\" srcset=\"https:\/\/raufoss.stage.webcore.no\/de\/wp-content\/uploads\/sites\/4\/2021\/04\/Bulkhead-with-integral-coupling-768x604.jpg 768w, https:\/\/raufoss.stage.webcore.no\/de\/wp-content\/uploads\/sites\/4\/2021\/04\/Bulkhead-with-integral-coupling-300x236.jpg 300w, https:\/\/raufoss.stage.webcore.no\/de\/wp-content\/uploads\/sites\/4\/2021\/04\/Bulkhead-with-integral-coupling-1024x805.jpg 1024w, https:\/\/raufoss.stage.webcore.no\/de\/wp-content\/uploads\/sites\/4\/2021\/04\/Bulkhead-with-integral-coupling-64x50.jpg 64w, https:\/\/raufoss.stage.webcore.no\/de\/wp-content\/uploads\/sites\/4\/2021\/04\/Bulkhead-with-integral-coupling.jpg 1066w\" sizes=\"(max-width: 768px) 100vw, 768px\" \/><\/div><div class=\"product-image\"><h3>F-VERSCHRAUBUNG<\/h3><img width=\"768\" height=\"478\" src=\"https:\/\/raufoss.stage.webcore.no\/de\/wp-content\/uploads\/sites\/4\/2021\/04\/06_Reg_Swivel-F-TestpointThreadl-768x478.jpg\" class=\"attachment-medium_large size-medium_large\" alt=\"\" loading=\"lazy\" srcset=\"https:\/\/raufoss.stage.webcore.no\/de\/wp-content\/uploads\/sites\/4\/2021\/04\/06_Reg_Swivel-F-TestpointThreadl-768x478.jpg 768w, https:\/\/raufoss.stage.webcore.no\/de\/wp-content\/uploads\/sites\/4\/2021\/04\/06_Reg_Swivel-F-TestpointThreadl-300x187.jpg 300w, https:\/\/raufoss.stage.webcore.no\/de\/wp-content\/uploads\/sites\/4\/2021\/04\/06_Reg_Swivel-F-TestpointThreadl-1024x637.jpg 1024w, https:\/\/raufoss.stage.webcore.no\/de\/wp-content\/uploads\/sites\/4\/2021\/04\/06_Reg_Swivel-F-TestpointThreadl-1536x955.jpg 1536w, https:\/\/raufoss.stage.webcore.no\/de\/wp-content\/uploads\/sites\/4\/2021\/04\/06_Reg_Swivel-F-TestpointThreadl-64x40.jpg 64w, https:\/\/raufoss.stage.webcore.no\/de\/wp-content\/uploads\/sites\/4\/2021\/04\/06_Reg_Swivel-F-TestpointThreadl.jpg 1552w\" sizes=\"(max-width: 768px) 100vw, 768px\" \/><\/div><div class=\"product-image\"><h3>REDUZIERUNG<\/h3><img width=\"768\" height=\"478\" src=\"https:\/\/raufoss.stage.webcore.no\/de\/wp-content\/uploads\/sites\/4\/2021\/04\/Reducer-768x478.jpg\" class=\"attachment-medium_large size-medium_large\" alt=\"\" loading=\"lazy\" srcset=\"https:\/\/raufoss.stage.webcore.no\/de\/wp-content\/uploads\/sites\/4\/2021\/04\/Reducer-768x478.jpg 768w, https:\/\/raufoss.stage.webcore.no\/de\/wp-content\/uploads\/sites\/4\/2021\/04\/Reducer-300x187.jpg 300w, https:\/\/raufoss.stage.webcore.no\/de\/wp-content\/uploads\/sites\/4\/2021\/04\/Reducer-1024x637.jpg 1024w, https:\/\/raufoss.stage.webcore.no\/de\/wp-content\/uploads\/sites\/4\/2021\/04\/Reducer-1536x955.jpg 1536w, https:\/\/raufoss.stage.webcore.no\/de\/wp-content\/uploads\/sites\/4\/2021\/04\/Reducer-64x40.jpg 64w, https:\/\/raufoss.stage.webcore.no\/de\/wp-content\/uploads\/sites\/4\/2021\/04\/Reducer.jpg 1552w\" sizes=\"(max-width: 768px) 100vw, 768px\" \/><\/div><div class=\"product-image\"><h3>KREUZST\u00dcCK MIT REDUZIERUNG<\/h3><img width=\"768\" height=\"577\" src=\"https:\/\/raufoss.stage.webcore.no\/de\/wp-content\/uploads\/sites\/4\/2021\/04\/4_Way_Cross_with_Reducer-768x577.jpg\" class=\"attachment-medium_large size-medium_large\" alt=\"\" loading=\"lazy\" srcset=\"https:\/\/raufoss.stage.webcore.no\/de\/wp-content\/uploads\/sites\/4\/2021\/04\/4_Way_Cross_with_Reducer-768x577.jpg 768w, https:\/\/raufoss.stage.webcore.no\/de\/wp-content\/uploads\/sites\/4\/2021\/04\/4_Way_Cross_with_Reducer-300x225.jpg 300w, https:\/\/raufoss.stage.webcore.no\/de\/wp-content\/uploads\/sites\/4\/2021\/04\/4_Way_Cross_with_Reducer-1024x769.jpg 1024w, https:\/\/raufoss.stage.webcore.no\/de\/wp-content\/uploads\/sites\/4\/2021\/04\/4_Way_Cross_with_Reducer-600x450.jpg 600w, https:\/\/raufoss.stage.webcore.no\/de\/wp-content\/uploads\/sites\/4\/2021\/04\/4_Way_Cross_with_Reducer-64x48.jpg 64w, https:\/\/raufoss.stage.webcore.no\/de\/wp-content\/uploads\/sites\/4\/2021\/04\/4_Way_Cross_with_Reducer.jpg 1051w\" sizes=\"(max-width: 768px) 100vw, 768px\" \/><\/div><div class=\"product-image\"><h3>KREUZST\u00dcCKKOMBINATION<\/h3><img width=\"768\" height=\"478\" src=\"https:\/\/raufoss.stage.webcore.no\/de\/wp-content\/uploads\/sites\/4\/2021\/04\/4-way-union-couplings-768x478.jpg\" class=\"attachment-medium_large size-medium_large\" alt=\"\" loading=\"lazy\" srcset=\"https:\/\/raufoss.stage.webcore.no\/de\/wp-content\/uploads\/sites\/4\/2021\/04\/4-way-union-couplings-768x478.jpg 768w, https:\/\/raufoss.stage.webcore.no\/de\/wp-content\/uploads\/sites\/4\/2021\/04\/4-way-union-couplings-300x187.jpg 300w, https:\/\/raufoss.stage.webcore.no\/de\/wp-content\/uploads\/sites\/4\/2021\/04\/4-way-union-couplings-1024x637.jpg 1024w, https:\/\/raufoss.stage.webcore.no\/de\/wp-content\/uploads\/sites\/4\/2021\/04\/4-way-union-couplings-1536x955.jpg 1536w, https:\/\/raufoss.stage.webcore.no\/de\/wp-content\/uploads\/sites\/4\/2021\/04\/4-way-union-couplings-64x40.jpg 64w, https:\/\/raufoss.stage.webcore.no\/de\/wp-content\/uploads\/sites\/4\/2021\/04\/4-way-union-couplings.jpg 1552w\" sizes=\"(max-width: 768px) 100vw, 768px\" \/><\/div><div class=\"product-image\"><h3>VERSCHRAUBUNGSKOMBINATION<\/h3><img width=\"768\" height=\"478\" src=\"https:\/\/raufoss.stage.webcore.no\/de\/wp-content\/uploads\/sites\/4\/2021\/04\/10_Reg_Swi-TogL-Union-Y-Threadl-768x478.jpg\" class=\"attachment-medium_large size-medium_large\" alt=\"\" loading=\"lazy\" srcset=\"https:\/\/raufoss.stage.webcore.no\/de\/wp-content\/uploads\/sites\/4\/2021\/04\/10_Reg_Swi-TogL-Union-Y-Threadl-768x478.jpg 768w, https:\/\/raufoss.stage.webcore.no\/de\/wp-content\/uploads\/sites\/4\/2021\/04\/10_Reg_Swi-TogL-Union-Y-Threadl-300x187.jpg 300w, https:\/\/raufoss.stage.webcore.no\/de\/wp-content\/uploads\/sites\/4\/2021\/04\/10_Reg_Swi-TogL-Union-Y-Threadl-1024x637.jpg 1024w, https:\/\/raufoss.stage.webcore.no\/de\/wp-content\/uploads\/sites\/4\/2021\/04\/10_Reg_Swi-TogL-Union-Y-Threadl-1536x955.jpg 1536w, https:\/\/raufoss.stage.webcore.no\/de\/wp-content\/uploads\/sites\/4\/2021\/04\/10_Reg_Swi-TogL-Union-Y-Threadl-64x40.jpg 64w, https:\/\/raufoss.stage.webcore.no\/de\/wp-content\/uploads\/sites\/4\/2021\/04\/10_Reg_Swi-TogL-Union-Y-Threadl.jpg 1552w\" sizes=\"(max-width: 768px) 100vw, 768px\" \/><\/div>        <\/div>\n    <\/div>\n","protected":false},"excerpt":{"rendered":"<p>MONTAGEANLEITUNGEN UND REPARATUR MONTAGEANLEITUNGEN REPARATUR Bitte lesen Sie die folgenden Anweisungen zu Ihrer pers\u00f6nlichen Sicherheit und zur sicheren Verwendung der des ABC- Verschraubungssystems als Teil des Bremssystems, um einen Ausfall der Bremse zu vermeiden. s d \u00fcrfen n ur K A-Raufoss Originalwerkzeuge z ur D emontage von Rohren aus den ABC-Verschraubungen verwendet werden. Die Verwendung &hellip; <a href=\"https:\/\/raufoss.stage.webcore.no\/de\/instructions\/\">Continued<\/a><\/p>\n","protected":false},"author":2,"featured_media":0,"parent":0,"menu_order":0,"comment_status":"closed","ping_status":"closed","template":"","meta":[],"acf":[],"_links":{"self":[{"href":"https:\/\/raufoss.stage.webcore.no\/de\/wp-json\/wp\/v2\/pages\/1943"}],"collection":[{"href":"https:\/\/raufoss.stage.webcore.no\/de\/wp-json\/wp\/v2\/pages"}],"about":[{"href":"https:\/\/raufoss.stage.webcore.no\/de\/wp-json\/wp\/v2\/types\/page"}],"author":[{"embeddable":true,"href":"https:\/\/raufoss.stage.webcore.no\/de\/wp-json\/wp\/v2\/users\/2"}],"replies":[{"embeddable":true,"href":"https:\/\/raufoss.stage.webcore.no\/de\/wp-json\/wp\/v2\/comments?post=1943"}],"version-history":[{"count":11,"href":"https:\/\/raufoss.stage.webcore.no\/de\/wp-json\/wp\/v2\/pages\/1943\/revisions"}],"predecessor-version":[{"id":6702,"href":"https:\/\/raufoss.stage.webcore.no\/de\/wp-json\/wp\/v2\/pages\/1943\/revisions\/6702"}],"wp:attachment":[{"href":"https:\/\/raufoss.stage.webcore.no\/de\/wp-json\/wp\/v2\/media?parent=1943"}],"curies":[{"name":"wp","href":"https:\/\/api.w.org\/{rel}","templated":true}]}}