{"id":1956,"date":"2021-03-12T11:11:11","date_gmt":"2021-03-12T11:11:11","guid":{"rendered":"http:\/\/work.localhost\/raufosscouplings\/?page_id=1956"},"modified":"2021-06-29T11:46:50","modified_gmt":"2021-06-29T09:46:50","slug":"konisches-gewinde","status":"publish","type":"page","link":"https:\/\/raufoss.stage.webcore.no\/de\/instructions\/konisches-gewinde\/","title":{"rendered":"KONISCHES GEWINDE"},"content":{"rendered":"\n<h1><strong>KONISCHES GEWINDE<\/strong><\/h1>\n\n\n\n<h1 class=\"is-style-alt\">MONTAGEHINWEISE<\/h1>\n\n\n\n<figure class=\"wp-block-image size-large\"><img loading=\"lazy\" width=\"1024\" height=\"525\" src=\"https:\/\/stage.couplingscatalog.kongsbergautomotive.com\/wp-content\/uploads\/sites\/2\/2021\/04\/Conical-thread-1024x525.png\" alt=\"\" class=\"wp-image-4613\" srcset=\"https:\/\/raufoss.stage.webcore.no\/de\/wp-content\/uploads\/sites\/4\/2021\/04\/Conical-thread-1024x525.png 1024w, https:\/\/raufoss.stage.webcore.no\/de\/wp-content\/uploads\/sites\/4\/2021\/04\/Conical-thread-300x154.png 300w, https:\/\/raufoss.stage.webcore.no\/de\/wp-content\/uploads\/sites\/4\/2021\/04\/Conical-thread-768x394.png 768w, https:\/\/raufoss.stage.webcore.no\/de\/wp-content\/uploads\/sites\/4\/2021\/04\/Conical-thread-1536x788.png 1536w, https:\/\/raufoss.stage.webcore.no\/de\/wp-content\/uploads\/sites\/4\/2021\/04\/Conical-thread-64x33.png 64w, https:\/\/raufoss.stage.webcore.no\/de\/wp-content\/uploads\/sites\/4\/2021\/04\/Conical-thread.png 1637w\" sizes=\"(max-width: 1024px) 100vw, 1024px\" \/><\/figure>\n\n\n\n<p>Das Einschrauben von &#8220;NPTF&#8221; und &#8220;R&#8221;-Gewinden bei geraden ABC Steckverbinder, ABC-Anschlusstutzen, und ABC-Erg\u00e4nzungsteilen erfolgt mit einem separatem Dichtmittel (Band oder Fl\u00fcssigkeit). Jedes Herausschrauben kann die Dichtung besch\u00e4digen. <\/p>\n\n\n\n<p>Die Anzugsdrehmomente sind der Tabelle 2c zu entnehmen.<\/p>\n\n\n\n<h3>TABELLE 2C<\/h3>\n\n\n\n<figure class=\"wp-block-table is-style-stripes\"><table><thead><tr><th class=\"has-text-align-center\" data-align=\"center\">GEWINDE<\/th><th class=\"has-text-align-center\" data-align=\"center\">EMPFOHLENES ANZUGSDREHMOMENT<sup>1,2<\/sup><\/th><th class=\"has-text-align-center\" data-align=\"center\">MAX. ANZUGSDREHMOMENT<sup>2<\/sup><\/th><\/tr><\/thead><tbody><tr><td class=\"has-text-align-center\" data-align=\"center\">1\/8\u201d-27 NPTF<\/td><td class=\"has-text-align-center\" data-align=\"center\">15 Nm (11,1 lbf ft)<\/td><td class=\"has-text-align-center\" data-align=\"center\">18 Nm (13,3 lbf ft)<\/td><\/tr><tr><td class=\"has-text-align-center\" data-align=\"center\">1\/4\u201d-18 NPTF<\/td><td class=\"has-text-align-center\" data-align=\"center\">24 Nm (17,7 lbf ft)<\/td><td class=\"has-text-align-center\" data-align=\"center\">28 Nm (20,7 lbf ft)<\/td><\/tr><tr><td class=\"has-text-align-center\" data-align=\"center\">3\/8\u201d-18 NPTF<\/td><td class=\"has-text-align-center\" data-align=\"center\">32 Nm (23,6 lbf ft)<\/td><td class=\"has-text-align-center\" data-align=\"center\">38 Nm (28,0 lbf ft)<\/td><\/tr><tr><td class=\"has-text-align-center\" data-align=\"center\">1\/2\u201d-14 NPTF<\/td><td class=\"has-text-align-center\" data-align=\"center\">36 Nm (26,6 lbf ft)<\/td><td class=\"has-text-align-center\" data-align=\"center\">42 Nm (31,0 lbf ft)<\/td><\/tr><tr><td class=\"has-text-align-center\" data-align=\"center\">R 1\/8&#8243;<\/td><td class=\"has-text-align-center\" data-align=\"center\">15 Nm (11,1 lbf ft)<\/td><td class=\"has-text-align-center\" data-align=\"center\">18 Nm (13,3 lbf ft)<\/td><\/tr><tr><td class=\"has-text-align-center\" data-align=\"center\">R 1\/4&#8243;<\/td><td class=\"has-text-align-center\" data-align=\"center\">24 Nm (17,7 lbf ft)<\/td><td class=\"has-text-align-center\" data-align=\"center\">28 Nm (20,7 lbf ft)<\/td><\/tr><tr><td class=\"has-text-align-center\" data-align=\"center\">R 3\/8&#8243;<\/td><td class=\"has-text-align-center\" data-align=\"center\">32 Nm (23,6 lbf ft)<\/td><td class=\"has-text-align-center\" data-align=\"center\">38 Nm (23,6 lbf ft)<\/td><\/tr><tr><td class=\"has-text-align-center\" data-align=\"center\">R 1\/2&#8243;<\/td><td class=\"has-text-align-center\" data-align=\"center\">36 Nm (26,6 lbf ft)<\/td><td class=\"has-text-align-center\" data-align=\"center\">42 Nm (31,0 lbf ft)<\/td><\/tr><tr><td class=\"has-text-align-center\" data-align=\"center\">R 5\/8\u201d<\/td><td class=\"has-text-align-center\" data-align=\"center\">43 Nm (31,7 lbf ft)<\/td><td class=\"has-text-align-center\" data-align=\"center\">50 Nm (36,9 lbf ft)<\/td><\/tr><\/tbody><\/table><\/figure>\n\n\n\n<p class=\"has-small-font-size\"><strong>1)<\/strong>&nbsp;Die empfohlenen Anzugsdrehmomente gelten f\u00fcr nicht vorbehandelte Gewinde in Aluminium, Messing, oder Stahl. Ein Drehmomentschl\u00fcssel ist zu verwenden.<br><strong>2)<\/strong>&nbsp;Wenn das zul\u00e4ssige Anzugsdrehmoment des Ventils, Luftbeh\u00e4lter, etc. niedriger ist, ist dieses zu verwenden.<\/p>\n","protected":false},"excerpt":{"rendered":"<p>KONISCHES GEWINDE MONTAGEHINWEISE Das Einschrauben von &#8220;NPTF&#8221; und &#8220;R&#8221;-Gewinden bei geraden ABC Steckverbinder, ABC-Anschlusstutzen, und ABC-Erg\u00e4nzungsteilen erfolgt mit einem separatem Dichtmittel (Band oder Fl\u00fcssigkeit). Jedes Herausschrauben kann die Dichtung besch\u00e4digen. Die Anzugsdrehmomente sind der Tabelle 2c zu entnehmen. TABELLE 2C GEWINDE EMPFOHLENES ANZUGSDREHMOMENT1,2 MAX. ANZUGSDREHMOMENT2 1\/8\u201d-27 NPTF 15 Nm (11,1 lbf ft) 18 Nm (13,3 &hellip; <a href=\"https:\/\/raufoss.stage.webcore.no\/de\/instructions\/konisches-gewinde\/\">Continued<\/a><\/p>\n","protected":false},"author":2,"featured_media":0,"parent":1943,"menu_order":0,"comment_status":"closed","ping_status":"closed","template":"","meta":[],"acf":[],"_links":{"self":[{"href":"https:\/\/raufoss.stage.webcore.no\/de\/wp-json\/wp\/v2\/pages\/1956"}],"collection":[{"href":"https:\/\/raufoss.stage.webcore.no\/de\/wp-json\/wp\/v2\/pages"}],"about":[{"href":"https:\/\/raufoss.stage.webcore.no\/de\/wp-json\/wp\/v2\/types\/page"}],"author":[{"embeddable":true,"href":"https:\/\/raufoss.stage.webcore.no\/de\/wp-json\/wp\/v2\/users\/2"}],"replies":[{"embeddable":true,"href":"https:\/\/raufoss.stage.webcore.no\/de\/wp-json\/wp\/v2\/comments?post=1956"}],"version-history":[{"count":7,"href":"https:\/\/raufoss.stage.webcore.no\/de\/wp-json\/wp\/v2\/pages\/1956\/revisions"}],"predecessor-version":[{"id":7498,"href":"https:\/\/raufoss.stage.webcore.no\/de\/wp-json\/wp\/v2\/pages\/1956\/revisions\/7498"}],"up":[{"embeddable":true,"href":"https:\/\/raufoss.stage.webcore.no\/de\/wp-json\/wp\/v2\/pages\/1943"}],"wp:attachment":[{"href":"https:\/\/raufoss.stage.webcore.no\/de\/wp-json\/wp\/v2\/media?parent=1956"}],"curies":[{"name":"wp","href":"https:\/\/api.w.org\/{rel}","templated":true}]}}