{"id":1980,"date":"2021-03-12T12:16:45","date_gmt":"2021-03-12T12:16:45","guid":{"rendered":"http:\/\/work.localhost\/raufosscouplings\/?page_id=1980"},"modified":"2021-06-17T07:55:47","modified_gmt":"2021-06-17T05:55:47","slug":"baukasten-demontage","status":"publish","type":"page","link":"https:\/\/raufoss.stage.webcore.no\/de\/instructions\/baukasten-demontage\/","title":{"rendered":"BAUKASTEN DEMONTAGE"},"content":{"rendered":"\n<h1><strong>BAUKASTEN DEMONTAGE<\/strong><\/h1>\n\n\n\n<h1 class=\"is-style-alt\">REPARATUR HINWEISE<\/h1>\n\n\n    <div class=\"wp-block-product-images \">\n        <div class=\"wp-block-product-images__inner-container columns-2\">\n            <div class=\"product-image\"><h3><\/h3><img width=\"768\" height=\"503\" src=\"https:\/\/raufoss.stage.webcore.no\/de\/wp-content\/uploads\/sites\/4\/2021\/05\/release-bb-768x503.jpg\" class=\"attachment-medium_large size-medium_large\" alt=\"\" loading=\"lazy\" srcset=\"https:\/\/raufoss.stage.webcore.no\/de\/wp-content\/uploads\/sites\/4\/2021\/05\/release-bb-768x503.jpg 768w, https:\/\/raufoss.stage.webcore.no\/de\/wp-content\/uploads\/sites\/4\/2021\/05\/release-bb-300x196.jpg 300w, https:\/\/raufoss.stage.webcore.no\/de\/wp-content\/uploads\/sites\/4\/2021\/05\/release-bb-64x42.jpg 64w, https:\/\/raufoss.stage.webcore.no\/de\/wp-content\/uploads\/sites\/4\/2021\/05\/release-bb.jpg 788w\" sizes=\"(max-width: 768px) 100vw, 768px\" \/><\/div><div class=\"product-image\"><h3><\/h3><img width=\"768\" height=\"471\" src=\"https:\/\/raufoss.stage.webcore.no\/de\/wp-content\/uploads\/sites\/4\/2021\/04\/Repair_Release-of-Building-block-II-768x471.png\" class=\"attachment-medium_large size-medium_large\" alt=\"\" loading=\"lazy\" srcset=\"https:\/\/raufoss.stage.webcore.no\/de\/wp-content\/uploads\/sites\/4\/2021\/04\/Repair_Release-of-Building-block-II-768x471.png 768w, https:\/\/raufoss.stage.webcore.no\/de\/wp-content\/uploads\/sites\/4\/2021\/04\/Repair_Release-of-Building-block-II-300x184.png 300w, https:\/\/raufoss.stage.webcore.no\/de\/wp-content\/uploads\/sites\/4\/2021\/04\/Repair_Release-of-Building-block-II-1024x628.png 1024w, https:\/\/raufoss.stage.webcore.no\/de\/wp-content\/uploads\/sites\/4\/2021\/04\/Repair_Release-of-Building-block-II-1536x943.png 1536w, https:\/\/raufoss.stage.webcore.no\/de\/wp-content\/uploads\/sites\/4\/2021\/04\/Repair_Release-of-Building-block-II-64x39.png 64w, https:\/\/raufoss.stage.webcore.no\/de\/wp-content\/uploads\/sites\/4\/2021\/04\/Repair_Release-of-Building-block-II.png 1584w\" sizes=\"(max-width: 768px) 100vw, 768px\" \/><\/div>        <\/div>\n    <\/div>\n\n\n\n<p>Die ABC Baukastenteile k\u00f6nnen mit einer Standard Seegerringzange<sup>1<\/sup> demontiert werden. Die Teile sind wiederverwendbar.<\/p>\n\n\n\n<p>Bitte pr\u00fcfen Sie vor Wiedermontage ob die &#8220;Verriegelungsarme&#8221; und die Dichtfl\u00e4chen ohne Besch\u00e4digung sind.<\/p>\n\n\n\n<p>Nach der Wiedermontage m\u00fcssen Sie den korrekten Sitz der Bauteile \u00fcberpr\u00fcfen und einen Leckagetest durchf\u00fchren. Im Fall von Besch\u00e4digungen oder Leckagen m\u00fcssen die Teile ausgetauscht werden.<\/p>\n\n\n\n<p class=\"has-small-font-size\"><strong>1)<\/strong> Seegerringzange z.B Knipex 46 21 A2 oder 46 11 A2.<\/p>\n","protected":false},"excerpt":{"rendered":"<p>BAUKASTEN DEMONTAGE REPARATUR HINWEISE Die ABC Baukastenteile k\u00f6nnen mit einer Standard Seegerringzange1 demontiert werden. Die Teile sind wiederverwendbar. Bitte pr\u00fcfen Sie vor Wiedermontage ob die &#8220;Verriegelungsarme&#8221; und die Dichtfl\u00e4chen ohne Besch\u00e4digung sind. Nach der Wiedermontage m\u00fcssen Sie den korrekten Sitz der Bauteile \u00fcberpr\u00fcfen und einen Leckagetest durchf\u00fchren. Im Fall von Besch\u00e4digungen oder Leckagen m\u00fcssen die &hellip; <a href=\"https:\/\/raufoss.stage.webcore.no\/de\/instructions\/baukasten-demontage\/\">Continued<\/a><\/p>\n","protected":false},"author":2,"featured_media":0,"parent":1943,"menu_order":0,"comment_status":"closed","ping_status":"closed","template":"","meta":[],"acf":[],"_links":{"self":[{"href":"https:\/\/raufoss.stage.webcore.no\/de\/wp-json\/wp\/v2\/pages\/1980"}],"collection":[{"href":"https:\/\/raufoss.stage.webcore.no\/de\/wp-json\/wp\/v2\/pages"}],"about":[{"href":"https:\/\/raufoss.stage.webcore.no\/de\/wp-json\/wp\/v2\/types\/page"}],"author":[{"embeddable":true,"href":"https:\/\/raufoss.stage.webcore.no\/de\/wp-json\/wp\/v2\/users\/2"}],"replies":[{"embeddable":true,"href":"https:\/\/raufoss.stage.webcore.no\/de\/wp-json\/wp\/v2\/comments?post=1980"}],"version-history":[{"count":6,"href":"https:\/\/raufoss.stage.webcore.no\/de\/wp-json\/wp\/v2\/pages\/1980\/revisions"}],"predecessor-version":[{"id":7475,"href":"https:\/\/raufoss.stage.webcore.no\/de\/wp-json\/wp\/v2\/pages\/1980\/revisions\/7475"}],"up":[{"embeddable":true,"href":"https:\/\/raufoss.stage.webcore.no\/de\/wp-json\/wp\/v2\/pages\/1943"}],"wp:attachment":[{"href":"https:\/\/raufoss.stage.webcore.no\/de\/wp-json\/wp\/v2\/media?parent=1980"}],"curies":[{"name":"wp","href":"https:\/\/api.w.org\/{rel}","templated":true}]}}