{"id":1982,"date":"2021-03-12T12:17:17","date_gmt":"2021-03-12T12:17:17","guid":{"rendered":"http:\/\/work.localhost\/raufosscouplings\/?page_id=1982"},"modified":"2021-05-10T14:01:44","modified_gmt":"2021-05-10T12:01:44","slug":"handhabung-des-abc-rohr-demontage-werkzeug","status":"publish","type":"page","link":"https:\/\/raufoss.stage.webcore.no\/de\/instructions\/handhabung-des-abc-rohr-demontage-werkzeug\/","title":{"rendered":"HANDHABUNG DES ABC ROHR DEMONTAGE WERKZEUG"},"content":{"rendered":"\n<h1><strong>HANDHABUNG DES ABC ROHR DEMONTAGE WERKZEUG<\/strong><\/h1>\n\n\n\n<h1 class=\"is-style-alt\">REPARATUR HINWEISE<\/h1>\n\n\n\n<p>Es d\u00fcrfen nur \u201cOriginal-L\u00f6sewerkzeuge\u201c von KA verwendet werden. Stecken sie niemals irgendwelche andere Teile oder in die Verschraubung.<\/p>\n\n\n\n<p>1. Pr\u00fcfen, ob das L\u00f6sewerkzeug unbesch\u00e4digt ist, gegebenenfalls ersetzen.<\/p>\n\n\n    <div class=\"wp-block-product-images \">\n        <div class=\"wp-block-product-images__inner-container columns-3\">\n            <div class=\"product-image\"><h3>1<\/h3><img width=\"768\" height=\"596\" src=\"https:\/\/raufoss.stage.webcore.no\/de\/wp-content\/uploads\/sites\/4\/2021\/04\/New-Line-tube-release-picture_1-768x596.png\" class=\"attachment-medium_large size-medium_large\" alt=\"\" loading=\"lazy\" srcset=\"https:\/\/raufoss.stage.webcore.no\/de\/wp-content\/uploads\/sites\/4\/2021\/04\/New-Line-tube-release-picture_1-768x596.png 768w, https:\/\/raufoss.stage.webcore.no\/de\/wp-content\/uploads\/sites\/4\/2021\/04\/New-Line-tube-release-picture_1-300x233.png 300w, https:\/\/raufoss.stage.webcore.no\/de\/wp-content\/uploads\/sites\/4\/2021\/04\/New-Line-tube-release-picture_1-1024x794.png 1024w, https:\/\/raufoss.stage.webcore.no\/de\/wp-content\/uploads\/sites\/4\/2021\/04\/New-Line-tube-release-picture_1-64x50.png 64w, https:\/\/raufoss.stage.webcore.no\/de\/wp-content\/uploads\/sites\/4\/2021\/04\/New-Line-tube-release-picture_1.png 1106w\" sizes=\"(max-width: 768px) 100vw, 768px\" \/><\/div>        <\/div>\n    <\/div>\n\n\n\n<p>2. Dr\u00fccken Sie das Rohr bis zum Anschlag in die Verschraubung zum l\u00f6sen des Klemmrings.<\/p>\n\n\n\n<p>3. St\u00fclpen des L\u00f6sewerkzeuges \u00fcber das Rohr.<\/p>\n\n\n\n<p>4. Stellen sie Kontakt zwischen L\u00f6sewerkzeug und Rohr sicher.<\/p>\n\n\n    <div class=\"wp-block-product-images \">\n        <div class=\"wp-block-product-images__inner-container columns-3\">\n            <div class=\"product-image\"><h3>2 \/ 3 \/ 4<\/h3><img width=\"768\" height=\"793\" src=\"https:\/\/raufoss.stage.webcore.no\/de\/wp-content\/uploads\/sites\/4\/2021\/04\/picture-64-katalog-768x793.png\" class=\"attachment-medium_large size-medium_large\" alt=\"\" loading=\"lazy\" srcset=\"https:\/\/raufoss.stage.webcore.no\/de\/wp-content\/uploads\/sites\/4\/2021\/04\/picture-64-katalog-768x793.png 768w, https:\/\/raufoss.stage.webcore.no\/de\/wp-content\/uploads\/sites\/4\/2021\/04\/picture-64-katalog-291x300.png 291w, https:\/\/raufoss.stage.webcore.no\/de\/wp-content\/uploads\/sites\/4\/2021\/04\/picture-64-katalog-64x66.png 64w, https:\/\/raufoss.stage.webcore.no\/de\/wp-content\/uploads\/sites\/4\/2021\/04\/picture-64-katalog.png 782w\" sizes=\"(max-width: 768px) 100vw, 768px\" \/><\/div><div class=\"product-image\"><h3>&nbsp;<\/h3><img width=\"768\" height=\"764\" src=\"https:\/\/raufoss.stage.webcore.no\/de\/wp-content\/uploads\/sites\/4\/2021\/04\/96608021_cat-3D-768x764.png\" class=\"attachment-medium_large size-medium_large\" alt=\"\" loading=\"lazy\" srcset=\"https:\/\/raufoss.stage.webcore.no\/de\/wp-content\/uploads\/sites\/4\/2021\/04\/96608021_cat-3D-768x764.png 768w, https:\/\/raufoss.stage.webcore.no\/de\/wp-content\/uploads\/sites\/4\/2021\/04\/96608021_cat-3D-300x298.png 300w, https:\/\/raufoss.stage.webcore.no\/de\/wp-content\/uploads\/sites\/4\/2021\/04\/96608021_cat-3D-1024x1018.png 1024w, https:\/\/raufoss.stage.webcore.no\/de\/wp-content\/uploads\/sites\/4\/2021\/04\/96608021_cat-3D-150x150.png 150w, https:\/\/raufoss.stage.webcore.no\/de\/wp-content\/uploads\/sites\/4\/2021\/04\/96608021_cat-3D-100x100.png 100w, https:\/\/raufoss.stage.webcore.no\/de\/wp-content\/uploads\/sites\/4\/2021\/04\/96608021_cat-3D-64x64.png 64w, https:\/\/raufoss.stage.webcore.no\/de\/wp-content\/uploads\/sites\/4\/2021\/04\/96608021_cat-3D.png 1087w\" sizes=\"(max-width: 768px) 100vw, 768px\" \/><\/div><div class=\"product-image\"><h3>&nbsp;<\/h3><img width=\"768\" height=\"768\" src=\"https:\/\/raufoss.stage.webcore.no\/de\/wp-content\/uploads\/sites\/4\/2021\/04\/picture-65-katalog-768x768.png\" class=\"attachment-medium_large size-medium_large\" alt=\"\" loading=\"lazy\" srcset=\"https:\/\/raufoss.stage.webcore.no\/de\/wp-content\/uploads\/sites\/4\/2021\/04\/picture-65-katalog-768x768.png 768w, https:\/\/raufoss.stage.webcore.no\/de\/wp-content\/uploads\/sites\/4\/2021\/04\/picture-65-katalog-300x300.png 300w, https:\/\/raufoss.stage.webcore.no\/de\/wp-content\/uploads\/sites\/4\/2021\/04\/picture-65-katalog-150x150.png 150w, https:\/\/raufoss.stage.webcore.no\/de\/wp-content\/uploads\/sites\/4\/2021\/04\/picture-65-katalog-100x100.png 100w, https:\/\/raufoss.stage.webcore.no\/de\/wp-content\/uploads\/sites\/4\/2021\/04\/picture-65-katalog-64x64.png 64w, https:\/\/raufoss.stage.webcore.no\/de\/wp-content\/uploads\/sites\/4\/2021\/04\/picture-65-katalog.png 810w\" sizes=\"(max-width: 768px) 100vw, 768px\" \/><\/div>        <\/div>\n    <\/div>\n\n\n\n<p>5. Dr\u00fccken des L\u00f6sewerkzeugs in die Verschraubung, Vermeiden sie gro\u00dfe Kraft oder Drehbewegungen beim hineindr\u00fccken. Stellen sie sicher, dass das L\u00f6sewerkzeug auf der Verschraubung aufliegt.<\/p>\n\n\n\n<p>6. Silikonspray kann zum leichteren Einf\u00fchren des L\u00f6sewerkzeuges verwendet werden.<\/p>\n\n\n    <div class=\"wp-block-product-images \">\n        <div class=\"wp-block-product-images__inner-container columns-3\">\n            <div class=\"product-image\"><h3>5 \/ 6<\/h3><img width=\"768\" height=\"596\" src=\"https:\/\/raufoss.stage.webcore.no\/de\/wp-content\/uploads\/sites\/4\/2021\/04\/New-Line-tube-release_2-768x596.png\" class=\"attachment-medium_large size-medium_large\" alt=\"\" loading=\"lazy\" srcset=\"https:\/\/raufoss.stage.webcore.no\/de\/wp-content\/uploads\/sites\/4\/2021\/04\/New-Line-tube-release_2-768x596.png 768w, https:\/\/raufoss.stage.webcore.no\/de\/wp-content\/uploads\/sites\/4\/2021\/04\/New-Line-tube-release_2-300x233.png 300w, https:\/\/raufoss.stage.webcore.no\/de\/wp-content\/uploads\/sites\/4\/2021\/04\/New-Line-tube-release_2-1024x794.png 1024w, https:\/\/raufoss.stage.webcore.no\/de\/wp-content\/uploads\/sites\/4\/2021\/04\/New-Line-tube-release_2-64x50.png 64w, https:\/\/raufoss.stage.webcore.no\/de\/wp-content\/uploads\/sites\/4\/2021\/04\/New-Line-tube-release_2.png 1106w\" sizes=\"(max-width: 768px) 100vw, 768px\" \/><\/div>        <\/div>\n    <\/div>\n\n\n\n<p>7. Dr\u00fccken sie das L\u00f6sewerkzeug fest gegen die Verschraubung und ziehen das Rohr ( eventuell leichten drehen , wenige Grad) aus der Verschraubung.<\/p>\n\n\n\n<p>8. Entfernen das L\u00f6sewerkzeuges.<\/p>\n\n\n    <div class=\"wp-block-product-images \">\n        <div class=\"wp-block-product-images__inner-container columns-3\">\n            <div class=\"product-image\"><h3>7 \/ 8<\/h3><img width=\"768\" height=\"596\" src=\"https:\/\/raufoss.stage.webcore.no\/de\/wp-content\/uploads\/sites\/4\/2021\/04\/New-Line-tube-release_3-768x596.png\" class=\"attachment-medium_large size-medium_large\" alt=\"\" loading=\"lazy\" srcset=\"https:\/\/raufoss.stage.webcore.no\/de\/wp-content\/uploads\/sites\/4\/2021\/04\/New-Line-tube-release_3-768x596.png 768w, https:\/\/raufoss.stage.webcore.no\/de\/wp-content\/uploads\/sites\/4\/2021\/04\/New-Line-tube-release_3-300x233.png 300w, https:\/\/raufoss.stage.webcore.no\/de\/wp-content\/uploads\/sites\/4\/2021\/04\/New-Line-tube-release_3-1024x794.png 1024w, https:\/\/raufoss.stage.webcore.no\/de\/wp-content\/uploads\/sites\/4\/2021\/04\/New-Line-tube-release_3-64x50.png 64w, https:\/\/raufoss.stage.webcore.no\/de\/wp-content\/uploads\/sites\/4\/2021\/04\/New-Line-tube-release_3.png 1106w\" sizes=\"(max-width: 768px) 100vw, 768px\" \/><\/div>        <\/div>\n    <\/div>\n\n\n\n<p>9. Pr\u00fcfen, ob das Rohr sauber und unbesch\u00e4digt ist, wenn nicht Rohrende abschneiden.<\/p>\n\n\n\n<p>10. \u00dcberpr\u00fcfen Sie den Push-In Bereich der Verschraubung auf eventuelle Verunreinigungen. Stellen Sie sicher, dass keine Verunreinigungen im Luftstrom oder auf den O-Ring-Dichtungen sich befindet. Kongsberg Automotive \u00fcbernimmt keine Verantwortung f\u00fcr die Folgen von solcher Verunreinigungen oder Sch\u00e4den verursacht durch Verunreinigungen.<\/p>\n\n\n\n<p>11. Stecken des sauberen Rohres.<\/p>\n\n\n\n<p>12. F\u00fchren Sie ein Leckagetest durch. Im Leckagefall tauschen sie die Verschraubung aus.<\/p>\n\n\n    <div class=\"wp-block-product-images \">\n        <div class=\"wp-block-product-images__inner-container columns-3\">\n            <div class=\"product-image\"><h3><\/h3><img width=\"768\" height=\"768\" src=\"https:\/\/raufoss.stage.webcore.no\/de\/wp-content\/uploads\/sites\/4\/2021\/04\/Base-med-skrutrekker.png\" class=\"attachment-medium_large size-medium_large\" alt=\"\" loading=\"lazy\" \/><\/div>        <\/div>\n    <\/div>\n\n\n\n<p>Sollte das ABC Release Tool nicht zur Verf\u00fcgung stehen, kann die Verschraubung mit dem Rohr zusammen aus dem Anschluss geschraubt werden. Die Steckverbindung dreht sich um dem Rohr.<\/p>\n\n\n\n<p><\/p>\n","protected":false},"excerpt":{"rendered":"<p>HANDHABUNG DES ABC ROHR DEMONTAGE WERKZEUG REPARATUR HINWEISE Es d\u00fcrfen nur \u201cOriginal-L\u00f6sewerkzeuge\u201c von KA verwendet werden. Stecken sie niemals irgendwelche andere Teile oder in die Verschraubung. 1. Pr\u00fcfen, ob das L\u00f6sewerkzeug unbesch\u00e4digt ist, gegebenenfalls ersetzen. 2. Dr\u00fccken Sie das Rohr bis zum Anschlag in die Verschraubung zum l\u00f6sen des Klemmrings. 3. St\u00fclpen des L\u00f6sewerkzeuges \u00fcber &hellip; <a href=\"https:\/\/raufoss.stage.webcore.no\/de\/instructions\/handhabung-des-abc-rohr-demontage-werkzeug\/\">Continued<\/a><\/p>\n","protected":false},"author":2,"featured_media":0,"parent":1943,"menu_order":0,"comment_status":"closed","ping_status":"closed","template":"","meta":[],"acf":[],"_links":{"self":[{"href":"https:\/\/raufoss.stage.webcore.no\/de\/wp-json\/wp\/v2\/pages\/1982"}],"collection":[{"href":"https:\/\/raufoss.stage.webcore.no\/de\/wp-json\/wp\/v2\/pages"}],"about":[{"href":"https:\/\/raufoss.stage.webcore.no\/de\/wp-json\/wp\/v2\/types\/page"}],"author":[{"embeddable":true,"href":"https:\/\/raufoss.stage.webcore.no\/de\/wp-json\/wp\/v2\/users\/2"}],"replies":[{"embeddable":true,"href":"https:\/\/raufoss.stage.webcore.no\/de\/wp-json\/wp\/v2\/comments?post=1982"}],"version-history":[{"count":4,"href":"https:\/\/raufoss.stage.webcore.no\/de\/wp-json\/wp\/v2\/pages\/1982\/revisions"}],"predecessor-version":[{"id":5988,"href":"https:\/\/raufoss.stage.webcore.no\/de\/wp-json\/wp\/v2\/pages\/1982\/revisions\/5988"}],"up":[{"embeddable":true,"href":"https:\/\/raufoss.stage.webcore.no\/de\/wp-json\/wp\/v2\/pages\/1943"}],"wp:attachment":[{"href":"https:\/\/raufoss.stage.webcore.no\/de\/wp-json\/wp\/v2\/media?parent=1982"}],"curies":[{"name":"wp","href":"https:\/\/api.w.org\/{rel}","templated":true}]}}