{"id":4128,"date":"2021-03-15T15:27:16","date_gmt":"2021-03-15T14:27:16","guid":{"rendered":"https:\/\/stage.couplingscatalog.kongsbergautomotive.com\/?page_id=4128"},"modified":"2021-06-29T11:44:58","modified_gmt":"2021-06-29T09:44:58","slug":"raufoss-abc","status":"publish","type":"page","link":"https:\/\/raufoss.stage.webcore.no\/de\/raufoss-abc\/","title":{"rendered":"Raufoss ABC"},"content":{"rendered":"\n<h1>RAUFOSS ABC\u2122&nbsp;<\/h1>\n\n\n\n<h1 class=\"is-style-alt\">SYSTEM<\/h1>\n\n\n\n<p class=\"is-style-lead\">DIE MISSION UND ZIELSETZUNG VON KONGSBERG AUTOMOTIVE IST ES, EIN GLOBALER PARTNER SEINER KUNDEN, MITARBEITER UND ANTEILSEIGNER ZU SEIN, DURCH VORSTELLUNG\u00a0VORTEILHAFTER\u00a0PRODUKTL\u00d6SUNGEN DIE\u00a0ZUR VERBESSERUNG DES FAHRGEF\u00dcHLS BEITRAGEN.<\/p>\n\n\n\n<p class=\"is-style-default\">&gt; Eine neue Verschraubungsgeneration, basierend auf Komposite Materialen mit einer f\u00fchrenden Verschraubungstechnologie.&nbsp;<\/p>\n\n\n\n<p class=\"is-style-default\">> Das System bietet signifikante Verbesserungen in wichtigen Verschraubungssegmenten und erm\u00f6glicht es Raufoss, eine breitere Verantwortung beim Aufbau eines pneumatischen Systems f\u00fcr Nutzfahrzeuge zu \u00fcbernehmen.\u00a0Verbundwerkstoffe reduzieren die\u00a0Systemkosten, das Gewicht, die Anzahl von Artikelnummern und erh\u00f6hen die Flexibilit\u00e4t.<\/p>\n\n\n\n<p class=\"is-style-default\">&gt; Messing sichert die Funktionalit\u00e4t in hoch&nbsp;&nbsp;beanspruchten Anwendungen.<\/p>\n\n\n\n<p class=\"is-style-default\">&gt; Ein weltweites System f\u00fcr die unterschiedlichen Anforderungen in LKW-, Bus-, Anh\u00e4nger- und Off-road Fahrzeugen.<\/p>\n\n\n\n<div style=\"height:60px\" aria-hidden=\"true\" class=\"wp-block-spacer\"><\/div>\n\n\n\n<div class=\"wp-block-product-categories alignfull\">\n    <div class=\"wp-block-product-categories__inner-container\">\n        <a href=\"https:\/\/raufoss.stage.webcore.no\/de\/product-category\/abc-push-in\/\"><div class=\"cat-block\"><img width=\"768\" height=\"512\" src=\"https:\/\/raufoss.stage.webcore.no\/de\/wp-content\/uploads\/sites\/4\/2021\/03\/Raufoss102ddd-768x512.jpg\" class=\"attachment-medium_large size-medium_large\" alt=\"\" loading=\"lazy\" srcset=\"https:\/\/raufoss.stage.webcore.no\/de\/wp-content\/uploads\/sites\/4\/2021\/03\/Raufoss102ddd-768x512.jpg 768w, https:\/\/raufoss.stage.webcore.no\/de\/wp-content\/uploads\/sites\/4\/2021\/03\/Raufoss102ddd-300x200.jpg 300w, https:\/\/raufoss.stage.webcore.no\/de\/wp-content\/uploads\/sites\/4\/2021\/03\/Raufoss102ddd-1024x683.jpg 1024w, https:\/\/raufoss.stage.webcore.no\/de\/wp-content\/uploads\/sites\/4\/2021\/03\/Raufoss102ddd-64x43.jpg 64w, https:\/\/raufoss.stage.webcore.no\/de\/wp-content\/uploads\/sites\/4\/2021\/03\/Raufoss102ddd.jpg 1500w\" sizes=\"(max-width: 768px) 100vw, 768px\" \/><div class=\"overlay\"><\/div><div class=\"cat-title\"><span><svg width=\"37\" height=\"69\" viewBox=\"0 0 37 69\" version=\"1.1\" xmlns=\"http:\/\/www.w3.org\/2000\/svg\"><path d=\"M16.7.532H.872a.5.5 0 00-.431.752l19.424 33.161a.5.5 0 010 .506L.441 68.11a.5.5 0 00.431.754H16.7a.5.5 0 00.431-.248L36.852 34.95a.5.5 0 000-.506L17.132.78A.5.5 0 0016.7.532z\" fill=\"#FFF\" fill-rule=\"evenodd\"\/><\/svg><\/span><h2>ABC Push-In<\/h2><\/div><\/div><\/a><a href=\"https:\/\/raufoss.stage.webcore.no\/de\/product-category\/abc-building-block-system\/\"><div class=\"cat-block\"><img width=\"768\" height=\"512\" src=\"https:\/\/raufoss.stage.webcore.no\/de\/wp-content\/uploads\/sites\/4\/2021\/03\/Raufoss192ddd-768x512.jpg\" class=\"attachment-medium_large size-medium_large\" alt=\"\" loading=\"lazy\" srcset=\"https:\/\/raufoss.stage.webcore.no\/de\/wp-content\/uploads\/sites\/4\/2021\/03\/Raufoss192ddd-768x512.jpg 768w, https:\/\/raufoss.stage.webcore.no\/de\/wp-content\/uploads\/sites\/4\/2021\/03\/Raufoss192ddd-300x200.jpg 300w, https:\/\/raufoss.stage.webcore.no\/de\/wp-content\/uploads\/sites\/4\/2021\/03\/Raufoss192ddd-1024x683.jpg 1024w, https:\/\/raufoss.stage.webcore.no\/de\/wp-content\/uploads\/sites\/4\/2021\/03\/Raufoss192ddd-64x43.jpg 64w, https:\/\/raufoss.stage.webcore.no\/de\/wp-content\/uploads\/sites\/4\/2021\/03\/Raufoss192ddd.jpg 1500w\" sizes=\"(max-width: 768px) 100vw, 768px\" \/><div class=\"overlay\"><\/div><div class=\"cat-title\"><span><svg width=\"37\" height=\"69\" viewBox=\"0 0 37 69\" version=\"1.1\" xmlns=\"http:\/\/www.w3.org\/2000\/svg\"><path d=\"M16.7.532H.872a.5.5 0 00-.431.752l19.424 33.161a.5.5 0 010 .506L.441 68.11a.5.5 0 00.431.754H16.7a.5.5 0 00.431-.248L36.852 34.95a.5.5 0 000-.506L17.132.78A.5.5 0 0016.7.532z\" fill=\"#FFF\" fill-rule=\"evenodd\"\/><\/svg><\/span><h2>ABC Building Block System<\/h2><\/div><\/div><\/a><a href=\"https:\/\/raufoss.stage.webcore.no\/de\/product-category\/abc-complementary\/\"><div class=\"cat-block\"><img width=\"768\" height=\"512\" src=\"https:\/\/raufoss.stage.webcore.no\/de\/wp-content\/uploads\/sites\/4\/2021\/03\/Raufoss089ddd-768x512.jpg\" class=\"attachment-medium_large size-medium_large\" alt=\"\" loading=\"lazy\" srcset=\"https:\/\/raufoss.stage.webcore.no\/de\/wp-content\/uploads\/sites\/4\/2021\/03\/Raufoss089ddd-768x512.jpg 768w, https:\/\/raufoss.stage.webcore.no\/de\/wp-content\/uploads\/sites\/4\/2021\/03\/Raufoss089ddd-300x200.jpg 300w, https:\/\/raufoss.stage.webcore.no\/de\/wp-content\/uploads\/sites\/4\/2021\/03\/Raufoss089ddd-1024x683.jpg 1024w, https:\/\/raufoss.stage.webcore.no\/de\/wp-content\/uploads\/sites\/4\/2021\/03\/Raufoss089ddd-1536x1024.jpg 1536w, https:\/\/raufoss.stage.webcore.no\/de\/wp-content\/uploads\/sites\/4\/2021\/03\/Raufoss089ddd-2048x1365.jpg 2048w, https:\/\/raufoss.stage.webcore.no\/de\/wp-content\/uploads\/sites\/4\/2021\/03\/Raufoss089ddd-64x43.jpg 64w\" sizes=\"(max-width: 768px) 100vw, 768px\" \/><div class=\"overlay\"><\/div><div class=\"cat-title\"><span><svg width=\"37\" height=\"69\" viewBox=\"0 0 37 69\" version=\"1.1\" xmlns=\"http:\/\/www.w3.org\/2000\/svg\"><path d=\"M16.7.532H.872a.5.5 0 00-.431.752l19.424 33.161a.5.5 0 010 .506L.441 68.11a.5.5 0 00.431.754H16.7a.5.5 0 00.431-.248L36.852 34.95a.5.5 0 000-.506L17.132.78A.5.5 0 0016.7.532z\" fill=\"#FFF\" fill-rule=\"evenodd\"\/><\/svg><\/span><h2>ABC Complementary<\/h2><\/div><\/div><\/a><a href=\"https:\/\/raufoss.stage.webcore.no\/de\/product-category\/abc-tools\/\"><div class=\"cat-block\"><img width=\"768\" height=\"487\" src=\"https:\/\/raufoss.stage.webcore.no\/de\/wp-content\/uploads\/sites\/4\/2021\/03\/picture-64-katalogddd-768x487.jpg\" class=\"attachment-medium_large size-medium_large\" alt=\"\" loading=\"lazy\" srcset=\"https:\/\/raufoss.stage.webcore.no\/de\/wp-content\/uploads\/sites\/4\/2021\/03\/picture-64-katalogddd-768x487.jpg 768w, https:\/\/raufoss.stage.webcore.no\/de\/wp-content\/uploads\/sites\/4\/2021\/03\/picture-64-katalogddd-300x190.jpg 300w, https:\/\/raufoss.stage.webcore.no\/de\/wp-content\/uploads\/sites\/4\/2021\/03\/picture-64-katalogddd-1024x649.jpg 1024w, https:\/\/raufoss.stage.webcore.no\/de\/wp-content\/uploads\/sites\/4\/2021\/03\/picture-64-katalogddd-64x41.jpg 64w, https:\/\/raufoss.stage.webcore.no\/de\/wp-content\/uploads\/sites\/4\/2021\/03\/picture-64-katalogddd.jpg 1416w\" sizes=\"(max-width: 768px) 100vw, 768px\" \/><div class=\"overlay\"><\/div><div class=\"cat-title\"><span><svg width=\"37\" height=\"69\" viewBox=\"0 0 37 69\" version=\"1.1\" xmlns=\"http:\/\/www.w3.org\/2000\/svg\"><path d=\"M16.7.532H.872a.5.5 0 00-.431.752l19.424 33.161a.5.5 0 010 .506L.441 68.11a.5.5 0 00.431.754H16.7a.5.5 0 00.431-.248L36.852 34.95a.5.5 0 000-.506L17.132.78A.5.5 0 0016.7.532z\" fill=\"#FFF\" fill-rule=\"evenodd\"\/><\/svg><\/span><h2>ABC Tools<\/h2><\/div><\/div><\/a>    <\/div>\n<\/div>\n\n\n\n<div style=\"height:60px\" aria-hidden=\"true\" class=\"wp-block-spacer\"><\/div>\n\n\n\n<h2>GEGEN\u00dcBERSTELLUNG<\/h2>\n\n\n\n<p class=\"is-style-with-chevron\">Suchen Sie einen Ersatz f\u00fcr ein \u00e4lteres, veraltetes Produkt? Bitte \u00fcberpr\u00fcfen Sie unsere Querverweistabelle, um zu sehen, ob es durch ein neueres Modell ersetzt wurde.<br><a href=\"https:\/\/couplingscatalog.kongsbergautomotive.com\/de\/cross-reference\/\" data-type=\"page\" data-id=\"1998\">GEGEN\u00dcBERSTELLUNG<\/a><\/p>\n\n\n\n<h2><strong>ALLGEMEINE&nbsp;INFORMATIONEN<\/strong><\/h2>\n\n\n\n<p class=\"is-style-with-chevron\">Weitere Informationen zu unseren Produkten und Vorschl\u00e4ge zur Montage finden Sie auf unserer Seite f\u00fcr allgemeine Informationen.<br><a href=\"https:\/\/couplingscatalog.kongsbergautomotive.com\/de\/allgemeine-informationen\/\">ALLGEMEINE INFORMATIONEN<\/a><\/p>\n","protected":false},"excerpt":{"rendered":"<p>RAUFOSS ABC\u2122&nbsp; SYSTEM DIE MISSION UND ZIELSETZUNG VON KONGSBERG AUTOMOTIVE IST ES, EIN GLOBALER PARTNER SEINER KUNDEN, MITARBEITER UND ANTEILSEIGNER ZU SEIN, DURCH VORSTELLUNG\u00a0VORTEILHAFTER\u00a0PRODUKTL\u00d6SUNGEN DIE\u00a0ZUR VERBESSERUNG DES FAHRGEF\u00dcHLS BEITRAGEN. &gt; Eine neue Verschraubungsgeneration, basierend auf Komposite Materialen mit einer f\u00fchrenden Verschraubungstechnologie.&nbsp; > Das System bietet signifikante Verbesserungen in wichtigen Verschraubungssegmenten und erm\u00f6glicht es Raufoss, eine &hellip; <a href=\"https:\/\/raufoss.stage.webcore.no\/de\/raufoss-abc\/\">Continued<\/a><\/p>\n","protected":false},"author":2,"featured_media":0,"parent":0,"menu_order":0,"comment_status":"closed","ping_status":"closed","template":"","meta":[],"acf":[],"_links":{"self":[{"href":"https:\/\/raufoss.stage.webcore.no\/de\/wp-json\/wp\/v2\/pages\/4128"}],"collection":[{"href":"https:\/\/raufoss.stage.webcore.no\/de\/wp-json\/wp\/v2\/pages"}],"about":[{"href":"https:\/\/raufoss.stage.webcore.no\/de\/wp-json\/wp\/v2\/types\/page"}],"author":[{"embeddable":true,"href":"https:\/\/raufoss.stage.webcore.no\/de\/wp-json\/wp\/v2\/users\/2"}],"replies":[{"embeddable":true,"href":"https:\/\/raufoss.stage.webcore.no\/de\/wp-json\/wp\/v2\/comments?post=4128"}],"version-history":[{"count":7,"href":"https:\/\/raufoss.stage.webcore.no\/de\/wp-json\/wp\/v2\/pages\/4128\/revisions"}],"predecessor-version":[{"id":7497,"href":"https:\/\/raufoss.stage.webcore.no\/de\/wp-json\/wp\/v2\/pages\/4128\/revisions\/7497"}],"wp:attachment":[{"href":"https:\/\/raufoss.stage.webcore.no\/de\/wp-json\/wp\/v2\/media?parent=4128"}],"curies":[{"name":"wp","href":"https:\/\/api.w.org\/{rel}","templated":true}]}}