{"id":4421,"date":"2021-04-15T14:06:45","date_gmt":"2021-04-15T12:06:45","guid":{"rendered":"https:\/\/stage.couplingscatalog.kongsbergautomotive.com\/?page_id=4421"},"modified":"2021-06-29T11:56:03","modified_gmt":"2021-06-29T09:56:03","slug":"assemblage-des-pieces-de-forme-du-systeme-abc","status":"publish","type":"page","link":"https:\/\/raufoss.stage.webcore.no\/de\/instructions\/assemblage-des-pieces-de-forme-du-systeme-abc\/","title":{"rendered":"MONTAGE DES ABC BAUKASTENSYSTEMS"},"content":{"rendered":"\n<h1>MONTAGE DES ABC\u2122 BAUKASTENSYSTEMS&nbsp;<\/h1>\n\n\n\n<h1 class=\"is-style-alt\">MONTAGEHINWEISE<\/h1>\n\n\n\n<figure class=\"wp-block-image size-large\"><img loading=\"lazy\" width=\"1024\" height=\"580\" src=\"https:\/\/stage.couplingscatalog.kongsbergautomotive.com\/wp-content\/uploads\/sites\/2\/2021\/04\/Assembly-of-ABC-Building-block-system-1024x580.png\" alt=\"\" class=\"wp-image-4435\" srcset=\"https:\/\/raufoss.stage.webcore.no\/de\/wp-content\/uploads\/sites\/4\/2021\/04\/Assembly-of-ABC-Building-block-system-1024x580.png 1024w, https:\/\/raufoss.stage.webcore.no\/de\/wp-content\/uploads\/sites\/4\/2021\/04\/Assembly-of-ABC-Building-block-system-300x170.png 300w, https:\/\/raufoss.stage.webcore.no\/de\/wp-content\/uploads\/sites\/4\/2021\/04\/Assembly-of-ABC-Building-block-system-768x435.png 768w, https:\/\/raufoss.stage.webcore.no\/de\/wp-content\/uploads\/sites\/4\/2021\/04\/Assembly-of-ABC-Building-block-system-1536x871.png 1536w, https:\/\/raufoss.stage.webcore.no\/de\/wp-content\/uploads\/sites\/4\/2021\/04\/Assembly-of-ABC-Building-block-system-64x36.png 64w, https:\/\/raufoss.stage.webcore.no\/de\/wp-content\/uploads\/sites\/4\/2021\/04\/Assembly-of-ABC-Building-block-system.png 1542w\" sizes=\"(max-width: 1024px) 100vw, 1024px\" \/><\/figure>\n\n\n\n<p>Das ABC-Baukastensystem darf nicht mit \u00e4hnlichen Systemen anderer Hersteller gemischt werden.<\/p>\n\n\n\n<p>Das Einschrauben des Stutzens erfolgt mit dem erforderlichen Drehmoment (siehe Steckverbindungen). Die Schutzkappe wird unmittelbar vor der Montage des Gegenst\u00fccks entfernt.<\/p>\n\n\n\n<figure class=\"wp-block-image size-large\"><img loading=\"lazy\" width=\"1024\" height=\"606\" src=\"https:\/\/stage.couplingscatalog.kongsbergautomotive.com\/wp-content\/uploads\/sites\/2\/2021\/04\/Assembly-of-ABC-Building-block-w-wrong-swivel-1024x606.png\" alt=\"\" class=\"wp-image-4585\" srcset=\"https:\/\/raufoss.stage.webcore.no\/de\/wp-content\/uploads\/sites\/4\/2021\/04\/Assembly-of-ABC-Building-block-w-wrong-swivel-1024x606.png 1024w, https:\/\/raufoss.stage.webcore.no\/de\/wp-content\/uploads\/sites\/4\/2021\/04\/Assembly-of-ABC-Building-block-w-wrong-swivel-300x178.png 300w, https:\/\/raufoss.stage.webcore.no\/de\/wp-content\/uploads\/sites\/4\/2021\/04\/Assembly-of-ABC-Building-block-w-wrong-swivel-768x454.png 768w, https:\/\/raufoss.stage.webcore.no\/de\/wp-content\/uploads\/sites\/4\/2021\/04\/Assembly-of-ABC-Building-block-w-wrong-swivel-1536x909.png 1536w, https:\/\/raufoss.stage.webcore.no\/de\/wp-content\/uploads\/sites\/4\/2021\/04\/Assembly-of-ABC-Building-block-w-wrong-swivel-64x38.png 64w, https:\/\/raufoss.stage.webcore.no\/de\/wp-content\/uploads\/sites\/4\/2021\/04\/Assembly-of-ABC-Building-block-w-wrong-swivel.png 1629w\" sizes=\"(max-width: 1024px) 100vw, 1024px\" \/><\/figure>\n\n\n\n<p>Das ABC Baukastensystem hat eine zweistufige Verbindung. Die Teile werden von Hand zusammengef\u00fcgt. Die Verbindung Anschlu\u00dfstutzen und Baukastenteil ist drehbar zur Positionierung.<\/p>\n\n\n\n<p>Wenn lediglich die erste&nbsp; Verriegelungsstufe (Sicherungsstufe) erreicht wird, tritt eine kontrollierte, leicht h\u00f6rbare Leckage auf, die durch nachdr\u00fccken der Verbindung problemlos behoben werden kann.<\/p>\n\n\n\n<div style=\"height:40px\" aria-hidden=\"true\" class=\"wp-block-spacer\"><\/div>\n\n\n\n<div class=\"wp-block-group has-white-color has-text-black-background-color has-text-color has-background\"><div class=\"wp-block-group__inner-container\">\n<p class=\"has-white-color has-text-color has-medium-font-size\"><strong><strong>WICHTIGER HINWEIS<\/strong><\/strong><\/p>\n\n\n\n<p class=\"has-white-color has-text-color\">VERWENDEN SIE DAS ABC-BAUKASTENSYSTEM NICHT:<\/p>\n\n\n\n<ul class=\"wp-block-list\"><li>IN KOMBINATION MIT GUMMI-SCHL\u00c4UCHEN<\/li><li>ZWISCHEN LKW UND ANH\u00c4NGER<\/li><\/ul>\n\n\n\n<p class=\"is-style-no-margin-bottom has-white-color has-text-color\">BEI DER VERWENDUNG DES ABC BAUKASTENSYSTEMS ZWISCHEN ACHSE UND RAHMEN MUSS DAS ABC-BAUKASTENTEIL MIT EINEM ROTOLOCK GEGEN\u00dcBER DEM ABC STUTZEN GESICHERT WERDEN. EINE ANGEPASSTE LEITUNGSF\u00dcHRUNG IST SICHERZUSTELLEN.<\/p>\n<\/div><\/div>\n","protected":false},"excerpt":{"rendered":"<p>MONTAGE DES ABC\u2122 BAUKASTENSYSTEMS&nbsp; MONTAGEHINWEISE Das ABC-Baukastensystem darf nicht mit \u00e4hnlichen Systemen anderer Hersteller gemischt werden. Das Einschrauben des Stutzens erfolgt mit dem erforderlichen Drehmoment (siehe Steckverbindungen). Die Schutzkappe wird unmittelbar vor der Montage des Gegenst\u00fccks entfernt. Das ABC Baukastensystem hat eine zweistufige Verbindung. Die Teile werden von Hand zusammengef\u00fcgt. Die Verbindung Anschlu\u00dfstutzen und Baukastenteil &hellip; <a href=\"https:\/\/raufoss.stage.webcore.no\/de\/instructions\/assemblage-des-pieces-de-forme-du-systeme-abc\/\">Continued<\/a><\/p>\n","protected":false},"author":2,"featured_media":0,"parent":1943,"menu_order":0,"comment_status":"closed","ping_status":"closed","template":"","meta":[],"acf":[],"_links":{"self":[{"href":"https:\/\/raufoss.stage.webcore.no\/de\/wp-json\/wp\/v2\/pages\/4421"}],"collection":[{"href":"https:\/\/raufoss.stage.webcore.no\/de\/wp-json\/wp\/v2\/pages"}],"about":[{"href":"https:\/\/raufoss.stage.webcore.no\/de\/wp-json\/wp\/v2\/types\/page"}],"author":[{"embeddable":true,"href":"https:\/\/raufoss.stage.webcore.no\/de\/wp-json\/wp\/v2\/users\/2"}],"replies":[{"embeddable":true,"href":"https:\/\/raufoss.stage.webcore.no\/de\/wp-json\/wp\/v2\/comments?post=4421"}],"version-history":[{"count":5,"href":"https:\/\/raufoss.stage.webcore.no\/de\/wp-json\/wp\/v2\/pages\/4421\/revisions"}],"predecessor-version":[{"id":7501,"href":"https:\/\/raufoss.stage.webcore.no\/de\/wp-json\/wp\/v2\/pages\/4421\/revisions\/7501"}],"up":[{"embeddable":true,"href":"https:\/\/raufoss.stage.webcore.no\/de\/wp-json\/wp\/v2\/pages\/1943"}],"wp:attachment":[{"href":"https:\/\/raufoss.stage.webcore.no\/de\/wp-json\/wp\/v2\/media?parent=4421"}],"curies":[{"name":"wp","href":"https:\/\/api.w.org\/{rel}","templated":true}]}}