{"id":580,"date":"2021-02-22T10:08:59","date_gmt":"2021-02-22T09:08:59","guid":{"rendered":"http:\/\/work.localhost\/raufosscouplings\/?page_id=580"},"modified":"2021-06-29T12:04:41","modified_gmt":"2021-06-29T10:04:41","slug":"about-us","status":"publish","type":"page","link":"https:\/\/raufoss.stage.webcore.no\/de\/about-us\/","title":{"rendered":"\u00dcBER UNS"},"content":{"rendered":"\n<h1 class=\"has-core-blue-color has-text-color\">RAUFOSS<\/h1>\n\n\n\n<h1 class=\"is-style-alt has-core-blue-color has-text-color\">COUPLINGS<\/h1>\n\n\n\n<p class=\"is-style-lead\">Der Gesch\u00e4ftsbereich Verschraubungen von Kongsberg Automotive ist Technologie-F\u00fchrer&nbsp;&nbsp;f\u00fcr Druckluftverschraubungen in der&nbsp;&nbsp;weltweiten Nutzfahrzeugindustrie.<\/p>\n\n\n\n<p>Die unter der Marke&nbsp;<strong>RAUFOSS<\/strong>&nbsp;vertriebenen Druckluft-Verschraubungen erf\u00fcllen die Anforderungen der internationalen Normen f\u00fcr die Druckluftbremse und sind entwickelt gem\u00e4\u00df den&nbsp;&nbsp;g\u00fcltigen Normen, Erwartungen und Spezifikationen der weltweiten Nutzfahrzeughersteller.<\/p>\n\n\n\n<p>Das Raufoss ABC-System von Kongsberg Automotive wurde entwickelt, um geringste Druckverluste zu bei gelichzeitig maximalem Luftdurchfluss\u00a0und um eine effektive, sichere, dauerhafte Montage von Rohren und Baukastenkomponenten\u00a0\u00a0zu gew\u00e4hrleisten. Dies macht es gegen\u00fcber seinen Mitbewerbern einzigartig und verschafft ihm einen Vorsprung. Es erf\u00fcllt steigenden Anordnungen durch\u00a0\u00a0zuk\u00fcnftige Gesetze, Standards und Spezifikationen.\u00a0<\/p>\n\n\n\n<h2 class=\"is-style-default\">UNSERE L\u00d6SUNGEN<\/h2>\n\n\n\n<p>Beim Raufoss-Verschraubungssystem k\u00f6nnen die Anwender innerhalb eines umfangreichen, kompletten\u00a0\u00a0Produktspektrums w\u00e4hlen, bestehend aus Steckverbindern bei einem vollst\u00e4ndigen auf ein modulares\u00a0Bauelementen System.<\/p>\n\n\n\n<p>Die umfangreiche Produktpalette des Raufoss ABC-Systems\u00a0bietet einzigartige Funktionen, eine hohe Flexibilit\u00e4t und individuelle technische L\u00f6sungen, die auf die spezifischen Anforderungen in NFZ zugeschnitten sind.<\/p>\n\n\n\n<p>KArtridge-L\u00f6sungen sind f\u00fcr geringen Platzbedarf und niedrigste Montagezeit ausgelegt. KArtridge-L\u00f6sungen&nbsp;&nbsp;erm\u00f6glichen neue Designans\u00e4tze beim Entwurf von Ventilen mit gewindelosen Anschl\u00fcssen.<\/p>\n\n\n\n<p>Das ABC-System bietet umfangreiche Demontagem\u00f6glichkeiten der einzelnen Komponenten und des Rohres, zur Reduzierung von\u00a0\u00a0Reparaturkosten.<\/p>\n\n\n\n<figure class=\"wp-block-image size-large\"><img loading=\"lazy\" width=\"1024\" height=\"654\" src=\"https:\/\/couplingscatalog.kongsbergautomotive.com\/de\/wp-content\/uploads\/sites\/4\/2021\/06\/ABC-couplings-1024x654.png\" alt=\"\" class=\"wp-image-5996\" srcset=\"https:\/\/raufoss.stage.webcore.no\/de\/wp-content\/uploads\/sites\/4\/2021\/06\/ABC-couplings-1024x654.png 1024w, https:\/\/raufoss.stage.webcore.no\/de\/wp-content\/uploads\/sites\/4\/2021\/06\/ABC-couplings-300x192.png 300w, https:\/\/raufoss.stage.webcore.no\/de\/wp-content\/uploads\/sites\/4\/2021\/06\/ABC-couplings-768x490.png 768w, https:\/\/raufoss.stage.webcore.no\/de\/wp-content\/uploads\/sites\/4\/2021\/06\/ABC-couplings-1536x980.png 1536w, https:\/\/raufoss.stage.webcore.no\/de\/wp-content\/uploads\/sites\/4\/2021\/06\/ABC-couplings-2048x1307.png 2048w, https:\/\/raufoss.stage.webcore.no\/de\/wp-content\/uploads\/sites\/4\/2021\/06\/ABC-couplings-64x41.png 64w\" sizes=\"(max-width: 1024px) 100vw, 1024px\" \/><\/figure>\n\n\n\n<h2>KUNDENVORTEILE<\/h2>\n\n\n\n<p>Unsere Verschraubungsl\u00f6sung f\u00fcr die Druckluftanlage bietet h\u00f6chste Flexibilit\u00e4t und Modularit\u00e4t mit integrierten Sicherheitsfunktionen in \u00dcbereinstimmung mit den Marktanforderungen . Das Raufoss ABC-System kann in vielen unterschiedlichen Konfiguration verwendet werden, bei gleichzeitiger Reduzierung der Anzahl aktiver Artikelnummern. Intensive Entwicklungsarbeiten und der erweiterte Einsatz von Komposite-Werkstoffen stellen sicher, dass die aktuellen und zuk\u00fcnftigen Kundenerwartungen erf\u00fcllt werden.<\/p>\n\n\n\n<p>Ein hochqualifiziertes und engagiertes Team aus Technikern und Key-Acount Managern erarbeitet eine f\u00fcr den Kunden optimale Systeml\u00f6sung. In den Projekten wird das Programm st\u00e4ndig, zum Nutzen aller Kunden, erweitert. Diese Erfahrungen bilden die Basis f\u00fcr die Weiterentwicklung des Systems.<\/p>\n\n\n\n<p>Eine vollautomatisierte Produktion, in der jeder Fertigungsschritt \u00fcberwacht&nbsp;&nbsp;wird, gew\u00e4hrleistet kosteng\u00fcnstige Produkte und erf\u00fcllt h\u00f6chste Sicherheitsanspr\u00fcche.<\/p>\n\n\n\n<p>Das Verst\u00e4ndnis von Kongsberg Automotive \u00fcber die Funktion von Druckluftsystemen in Kombination mit einzigartigen Materialien verbunden mit einer hohen&nbsp;&nbsp;Fertigungskompetenz f\u00fchren zu neuen und innovativen Produkten, die beim Kunden zu seinem Erfolg heute und in der Zukunft beitragen. Ziel von&nbsp;&nbsp;Kongsberg Automotive ist es, seinen&nbsp;&nbsp;Kunden&nbsp;&nbsp;niedrige Gesamtkosten f\u00fcr die Neumontage zu gew\u00e4hrleisten, verbunden mit einer langen Haltbarkeit zur Reduzierung der&nbsp;&nbsp;Betriebskosten des Fahrzeuges zum Nutzen des Fahrzeugeigent\u00fcmers.<\/p>\n\n\n\n<h2>WELTWEITE PR\u00c4SENZ<\/h2>\n\n\n\n<p>Der Gesch\u00e4ftsbereich Couplings w\u00e4chst weltweit und wandelt sich von einem einzigen Standort zu einer weltweiten Pr\u00e4sens, um\u00a0einen optimalen Service unserer weltweiten Kunden in der Nutzfahrzeugindustrie zu gew\u00e4hrleisten.<\/p>\n\n\n\n<p>Im Jahr 2020 hat Kongsberg Automotive seinen Marktanteil in Europa, Asien und Amerika gesteigert. Der weltweite Nutzfahrzeugmarkt sch\u00e4tzt die Vorteile eines geringen Gewichts verbunden mit hoher Funktionalit\u00e4t, Flexibilit\u00e4t und integrierten Sicherheitsmerkmalen, dokumentiert durch umfangreiches Pr\u00fcfprogramm.<\/p>\n\n\n\n<p>Die innovativen und einzigarten Verschraubungen f\u00fcr die Druckluftbremse sind in Ihrer N\u00e4he verf\u00fcgbar.<\/p>\n\n\n\n<div style=\"height:60px\" aria-hidden=\"true\" class=\"wp-block-spacer\"><\/div>\n\n\n\n<figure class=\"wp-block-embed alignfull is-type-video is-provider-vimeo wp-block-embed-vimeo wp-embed-aspect-16-9 wp-has-aspect-ratio\"><div class=\"wp-block-embed__wrapper\">\n<iframe loading=\"lazy\" title=\"Raufoss&amp;trade; Couplings ABC film\" src=\"https:\/\/player.vimeo.com\/video\/162885286?dnt=1&amp;app_id=122963\" width=\"500\" height=\"281\" frameborder=\"0\" allow=\"autoplay; fullscreen; picture-in-picture\" allowfullscreen><\/iframe>\n<\/div><\/figure>\n","protected":false},"excerpt":{"rendered":"<p>RAUFOSS COUPLINGS Der Gesch\u00e4ftsbereich Verschraubungen von Kongsberg Automotive ist Technologie-F\u00fchrer&nbsp;&nbsp;f\u00fcr Druckluftverschraubungen in der&nbsp;&nbsp;weltweiten Nutzfahrzeugindustrie. Die unter der Marke&nbsp;RAUFOSS&nbsp;vertriebenen Druckluft-Verschraubungen erf\u00fcllen die Anforderungen der internationalen Normen f\u00fcr die Druckluftbremse und sind entwickelt gem\u00e4\u00df den&nbsp;&nbsp;g\u00fcltigen Normen, Erwartungen und Spezifikationen der weltweiten Nutzfahrzeughersteller. Das Raufoss ABC-System von Kongsberg Automotive wurde entwickelt, um geringste Druckverluste zu bei gelichzeitig maximalem &hellip; <a href=\"https:\/\/raufoss.stage.webcore.no\/de\/about-us\/\">Continued<\/a><\/p>\n","protected":false},"author":2,"featured_media":0,"parent":0,"menu_order":0,"comment_status":"closed","ping_status":"closed","template":"","meta":[],"acf":[],"_links":{"self":[{"href":"https:\/\/raufoss.stage.webcore.no\/de\/wp-json\/wp\/v2\/pages\/580"}],"collection":[{"href":"https:\/\/raufoss.stage.webcore.no\/de\/wp-json\/wp\/v2\/pages"}],"about":[{"href":"https:\/\/raufoss.stage.webcore.no\/de\/wp-json\/wp\/v2\/types\/page"}],"author":[{"embeddable":true,"href":"https:\/\/raufoss.stage.webcore.no\/de\/wp-json\/wp\/v2\/users\/2"}],"replies":[{"embeddable":true,"href":"https:\/\/raufoss.stage.webcore.no\/de\/wp-json\/wp\/v2\/comments?post=580"}],"version-history":[{"count":10,"href":"https:\/\/raufoss.stage.webcore.no\/de\/wp-json\/wp\/v2\/pages\/580\/revisions"}],"predecessor-version":[{"id":7503,"href":"https:\/\/raufoss.stage.webcore.no\/de\/wp-json\/wp\/v2\/pages\/580\/revisions\/7503"}],"wp:attachment":[{"href":"https:\/\/raufoss.stage.webcore.no\/de\/wp-json\/wp\/v2\/media?parent=580"}],"curies":[{"name":"wp","href":"https:\/\/api.w.org\/{rel}","templated":true}]}}