{"id":1980,"date":"2021-03-12T12:16:45","date_gmt":"2021-03-12T12:16:45","guid":{"rendered":"http:\/\/work.localhost\/raufosscouplings\/?page_id=1980"},"modified":"2021-06-17T07:54:35","modified_gmt":"2021-06-17T05:54:35","slug":"demontage-des-composants-abc","status":"publish","type":"page","link":"https:\/\/raufoss.stage.webcore.no\/fr\/instructions\/demontage-des-composants-abc\/","title":{"rendered":"D\u00c9MONTAGE DES COMPOSANTS ABC"},"content":{"rendered":"\n<h1>INSTRUCTION POUR LE D\u00c9MONTAGE<\/h1>\n\n\n\n<h1 class=\"is-style-alt\">DES COMPOSANTS ABC<\/h1>\n\n\n    <div class=\"wp-block-product-images \">\n        <div class=\"wp-block-product-images__inner-container columns-2\">\n            <div class=\"product-image\"><h3><\/h3><img width=\"768\" height=\"503\" src=\"https:\/\/raufoss.stage.webcore.no\/fr\/wp-content\/uploads\/sites\/2\/2021\/05\/release-bb-768x503.jpg\" class=\"attachment-medium_large size-medium_large\" alt=\"\" loading=\"lazy\" srcset=\"https:\/\/raufoss.stage.webcore.no\/fr\/wp-content\/uploads\/sites\/2\/2021\/05\/release-bb-768x503.jpg 768w, https:\/\/raufoss.stage.webcore.no\/fr\/wp-content\/uploads\/sites\/2\/2021\/05\/release-bb-300x196.jpg 300w, https:\/\/raufoss.stage.webcore.no\/fr\/wp-content\/uploads\/sites\/2\/2021\/05\/release-bb-64x42.jpg 64w, https:\/\/raufoss.stage.webcore.no\/fr\/wp-content\/uploads\/sites\/2\/2021\/05\/release-bb.jpg 788w\" sizes=\"(max-width: 768px) 100vw, 768px\" \/><\/div><div class=\"product-image\"><h3><\/h3><img width=\"768\" height=\"471\" src=\"https:\/\/raufoss.stage.webcore.no\/fr\/wp-content\/uploads\/sites\/2\/2021\/04\/Repair_Release-of-Building-block-II-768x471.png\" class=\"attachment-medium_large size-medium_large\" alt=\"\" loading=\"lazy\" srcset=\"https:\/\/raufoss.stage.webcore.no\/fr\/wp-content\/uploads\/sites\/2\/2021\/04\/Repair_Release-of-Building-block-II-768x471.png 768w, https:\/\/raufoss.stage.webcore.no\/fr\/wp-content\/uploads\/sites\/2\/2021\/04\/Repair_Release-of-Building-block-II-300x184.png 300w, https:\/\/raufoss.stage.webcore.no\/fr\/wp-content\/uploads\/sites\/2\/2021\/04\/Repair_Release-of-Building-block-II-1024x628.png 1024w, https:\/\/raufoss.stage.webcore.no\/fr\/wp-content\/uploads\/sites\/2\/2021\/04\/Repair_Release-of-Building-block-II-1536x943.png 1536w, https:\/\/raufoss.stage.webcore.no\/fr\/wp-content\/uploads\/sites\/2\/2021\/04\/Repair_Release-of-Building-block-II-64x39.png 64w, https:\/\/raufoss.stage.webcore.no\/fr\/wp-content\/uploads\/sites\/2\/2021\/04\/Repair_Release-of-Building-block-II.png 1584w\" sizes=\"(max-width: 768px) 100vw, 768px\" \/><\/div>        <\/div>\n    <\/div>\n\n\n\n<p class=\"is-style-default\">Le syst\u00e8me de pi\u00e8ces de formes et raccords ABC peut \u00eatre d\u00e9mont\u00e9 \u00e0 l&#8217;aide d&#8217;une pince \u00e0 circlips ordinaire\u00b9. Les pi\u00e8ces sont r\u00e9utilisables.<\/p>\n\n\n\n<p>Merci de v\u00e9rifier avant remontage si les bras de fixation des pi\u00e8ces de forme et la zone d&#8217;\u00e9tanch\u00e9it\u00e9 ne sont pas endommag\u00e9s.<\/p>\n\n\n\n<p>Apr\u00e8s remontage l&#8217;op\u00e9rateur devra v\u00e9rifier que la jonction embase\/ pi\u00e8ce de forme est bien fix\u00e9e solidement dans la position de s\u00e9curit\u00e9, et devra effectuer un test d&#8217;\u00e9tanch\u00e9it\u00e9. Dans le cas de fuite ou si les pi\u00e8ces sont ab\u00eem\u00e9es, il faudra les remplacer.<\/p>\n\n\n\n<p class=\"has-small-font-size\"><strong>1)<\/strong> De pr\u00e9f\u00e9rence des pinces avec des pointes fines p.ex Knipex 46 21 A2 or 46 11 A2.<\/p>\n","protected":false},"excerpt":{"rendered":"<p>INSTRUCTION POUR LE D\u00c9MONTAGE DES COMPOSANTS ABC Le syst\u00e8me de pi\u00e8ces de formes et raccords ABC peut \u00eatre d\u00e9mont\u00e9 \u00e0 l&#8217;aide d&#8217;une pince \u00e0 circlips ordinaire\u00b9. Les pi\u00e8ces sont r\u00e9utilisables. Merci de v\u00e9rifier avant remontage si les bras de fixation des pi\u00e8ces de forme et la zone d&#8217;\u00e9tanch\u00e9it\u00e9 ne sont pas endommag\u00e9s. Apr\u00e8s remontage l&#8217;op\u00e9rateur &hellip; <a href=\"https:\/\/raufoss.stage.webcore.no\/fr\/instructions\/demontage-des-composants-abc\/\">Continued<\/a><\/p>\n","protected":false},"author":2,"featured_media":0,"parent":1943,"menu_order":0,"comment_status":"closed","ping_status":"closed","template":"","meta":[],"acf":[],"_links":{"self":[{"href":"https:\/\/raufoss.stage.webcore.no\/fr\/wp-json\/wp\/v2\/pages\/1980"}],"collection":[{"href":"https:\/\/raufoss.stage.webcore.no\/fr\/wp-json\/wp\/v2\/pages"}],"about":[{"href":"https:\/\/raufoss.stage.webcore.no\/fr\/wp-json\/wp\/v2\/types\/page"}],"author":[{"embeddable":true,"href":"https:\/\/raufoss.stage.webcore.no\/fr\/wp-json\/wp\/v2\/users\/2"}],"replies":[{"embeddable":true,"href":"https:\/\/raufoss.stage.webcore.no\/fr\/wp-json\/wp\/v2\/comments?post=1980"}],"version-history":[{"count":4,"href":"https:\/\/raufoss.stage.webcore.no\/fr\/wp-json\/wp\/v2\/pages\/1980\/revisions"}],"predecessor-version":[{"id":7841,"href":"https:\/\/raufoss.stage.webcore.no\/fr\/wp-json\/wp\/v2\/pages\/1980\/revisions\/7841"}],"up":[{"embeddable":true,"href":"https:\/\/raufoss.stage.webcore.no\/fr\/wp-json\/wp\/v2\/pages\/1943"}],"wp:attachment":[{"href":"https:\/\/raufoss.stage.webcore.no\/fr\/wp-json\/wp\/v2\/media?parent=1980"}],"curies":[{"name":"wp","href":"https:\/\/api.w.org\/{rel}","templated":true}]}}