{"id":1982,"date":"2021-03-12T12:17:17","date_gmt":"2021-03-12T12:17:17","guid":{"rendered":"http:\/\/work.localhost\/raufosscouplings\/?page_id=1982"},"modified":"2021-05-11T09:48:45","modified_gmt":"2021-05-11T07:48:45","slug":"manipulation-de-loutil-de-deconnexion-abc-des-tubes","status":"publish","type":"page","link":"https:\/\/raufoss.stage.webcore.no\/fr\/instructions\/manipulation-de-loutil-de-deconnexion-abc-des-tubes\/","title":{"rendered":"MANIPULATION DE L\u2019OUTIL DE D\u00c9CONNEXION ABC DES TUBES"},"content":{"rendered":"\n<h1><strong>MANIPULATION DE L\u2019OUTIL DE D\u00c9CONNEXION ABC DES TUBES<\/strong><\/h1>\n\n\n\n<h1 class=\"is-style-alt\">CONSEILS POUR LA R\u00c9PARATION\u00a0<\/h1>\n\n\n\n<p>Utiliser uniquement les outils de d\u00e9montage originaux fournis par KA. Ne jamais ins\u00e9rer d&#8217;autres pi\u00e8ces ou \u00e9quipements dans les raccords.<\/p>\n\n\n\n<p>1. V\u00e9rifier que l\u2019outil de d\u00e9connexion n\u2019est pas endommag\u00e9. Il faut le remplacer le cas \u00e9ch\u00e9ant.<\/p>\n\n\n    <div class=\"wp-block-product-images \">\n        <div class=\"wp-block-product-images__inner-container columns-3\">\n            <div class=\"product-image\"><h3>1<\/h3><img width=\"768\" height=\"596\" src=\"https:\/\/raufoss.stage.webcore.no\/fr\/wp-content\/uploads\/sites\/2\/2021\/04\/New-Line-tube-release-picture_1-768x596.png\" class=\"attachment-medium_large size-medium_large\" alt=\"\" loading=\"lazy\" srcset=\"https:\/\/raufoss.stage.webcore.no\/fr\/wp-content\/uploads\/sites\/2\/2021\/04\/New-Line-tube-release-picture_1-768x596.png 768w, https:\/\/raufoss.stage.webcore.no\/fr\/wp-content\/uploads\/sites\/2\/2021\/04\/New-Line-tube-release-picture_1-300x233.png 300w, https:\/\/raufoss.stage.webcore.no\/fr\/wp-content\/uploads\/sites\/2\/2021\/04\/New-Line-tube-release-picture_1-1024x794.png 1024w, https:\/\/raufoss.stage.webcore.no\/fr\/wp-content\/uploads\/sites\/2\/2021\/04\/New-Line-tube-release-picture_1-64x50.png 64w, https:\/\/raufoss.stage.webcore.no\/fr\/wp-content\/uploads\/sites\/2\/2021\/04\/New-Line-tube-release-picture_1.png 1106w\" sizes=\"(max-width: 768px) 100vw, 768px\" \/><\/div>        <\/div>\n    <\/div>\n\n\n\n<p>2. Pousser le tube au fond du raccord pour d\u00e9coller l\u2019anneau de retenue de tube.<\/p>\n\n\n\n<p>3. Le disposer sur le tube en l\u2019enveloppant \u00e9troitement.<\/p>\n\n\n\n<p>4. Assurer un bon contact entre l\u2019outil de d\u00e9connexion et le tube.<\/p>\n\n\n    <div class=\"wp-block-product-images \">\n        <div class=\"wp-block-product-images__inner-container columns-3\">\n            <div class=\"product-image\"><h3>2 \/ 3 \/ 4<\/h3><img width=\"768\" height=\"793\" src=\"https:\/\/raufoss.stage.webcore.no\/fr\/wp-content\/uploads\/sites\/2\/2021\/04\/picture-64-katalog-768x793.png\" class=\"attachment-medium_large size-medium_large\" alt=\"\" loading=\"lazy\" srcset=\"https:\/\/raufoss.stage.webcore.no\/fr\/wp-content\/uploads\/sites\/2\/2021\/04\/picture-64-katalog-768x793.png 768w, https:\/\/raufoss.stage.webcore.no\/fr\/wp-content\/uploads\/sites\/2\/2021\/04\/picture-64-katalog-291x300.png 291w, https:\/\/raufoss.stage.webcore.no\/fr\/wp-content\/uploads\/sites\/2\/2021\/04\/picture-64-katalog-64x66.png 64w, https:\/\/raufoss.stage.webcore.no\/fr\/wp-content\/uploads\/sites\/2\/2021\/04\/picture-64-katalog.png 782w\" sizes=\"(max-width: 768px) 100vw, 768px\" \/><\/div><div class=\"product-image\"><h3>&nbsp;<\/h3><img width=\"768\" height=\"764\" src=\"https:\/\/raufoss.stage.webcore.no\/fr\/wp-content\/uploads\/sites\/2\/2021\/04\/96608021_cat-3D-768x764.png\" class=\"attachment-medium_large size-medium_large\" alt=\"\" loading=\"lazy\" srcset=\"https:\/\/raufoss.stage.webcore.no\/fr\/wp-content\/uploads\/sites\/2\/2021\/04\/96608021_cat-3D-768x764.png 768w, https:\/\/raufoss.stage.webcore.no\/fr\/wp-content\/uploads\/sites\/2\/2021\/04\/96608021_cat-3D-300x298.png 300w, https:\/\/raufoss.stage.webcore.no\/fr\/wp-content\/uploads\/sites\/2\/2021\/04\/96608021_cat-3D-1024x1018.png 1024w, https:\/\/raufoss.stage.webcore.no\/fr\/wp-content\/uploads\/sites\/2\/2021\/04\/96608021_cat-3D-150x150.png 150w, https:\/\/raufoss.stage.webcore.no\/fr\/wp-content\/uploads\/sites\/2\/2021\/04\/96608021_cat-3D-100x100.png 100w, https:\/\/raufoss.stage.webcore.no\/fr\/wp-content\/uploads\/sites\/2\/2021\/04\/96608021_cat-3D-64x64.png 64w, https:\/\/raufoss.stage.webcore.no\/fr\/wp-content\/uploads\/sites\/2\/2021\/04\/96608021_cat-3D.png 1087w\" sizes=\"(max-width: 768px) 100vw, 768px\" \/><\/div><div class=\"product-image\"><h3>&nbsp;<\/h3><img width=\"768\" height=\"768\" src=\"https:\/\/raufoss.stage.webcore.no\/fr\/wp-content\/uploads\/sites\/2\/2021\/04\/picture-65-katalog-768x768.png\" class=\"attachment-medium_large size-medium_large\" alt=\"\" loading=\"lazy\" srcset=\"https:\/\/raufoss.stage.webcore.no\/fr\/wp-content\/uploads\/sites\/2\/2021\/04\/picture-65-katalog-768x768.png 768w, https:\/\/raufoss.stage.webcore.no\/fr\/wp-content\/uploads\/sites\/2\/2021\/04\/picture-65-katalog-300x300.png 300w, https:\/\/raufoss.stage.webcore.no\/fr\/wp-content\/uploads\/sites\/2\/2021\/04\/picture-65-katalog-150x150.png 150w, https:\/\/raufoss.stage.webcore.no\/fr\/wp-content\/uploads\/sites\/2\/2021\/04\/picture-65-katalog-100x100.png 100w, https:\/\/raufoss.stage.webcore.no\/fr\/wp-content\/uploads\/sites\/2\/2021\/04\/picture-65-katalog-64x64.png 64w, https:\/\/raufoss.stage.webcore.no\/fr\/wp-content\/uploads\/sites\/2\/2021\/04\/picture-65-katalog.png 810w\" sizes=\"(max-width: 768px) 100vw, 768px\" \/><\/div>        <\/div>\n    <\/div>\n\n\n\n<p>5. Pousser l\u2019outil jusqu\u2019\u00e0 ce que la collerette touche le haut du raccord, sans force excessive.<\/p>\n\n\n\n<p>6. Pour faciliter l\u2019introduction de l\u2019outil on peut pulv\u00e9riser un peu de silicone.<\/p>\n\n\n    <div class=\"wp-block-product-images \">\n        <div class=\"wp-block-product-images__inner-container columns-3\">\n            <div class=\"product-image\"><h3>5 \/ 6<\/h3><img width=\"768\" height=\"596\" src=\"https:\/\/raufoss.stage.webcore.no\/fr\/wp-content\/uploads\/sites\/2\/2021\/04\/New-Line-tube-release_2-768x596.png\" class=\"attachment-medium_large size-medium_large\" alt=\"\" loading=\"lazy\" srcset=\"https:\/\/raufoss.stage.webcore.no\/fr\/wp-content\/uploads\/sites\/2\/2021\/04\/New-Line-tube-release_2-768x596.png 768w, https:\/\/raufoss.stage.webcore.no\/fr\/wp-content\/uploads\/sites\/2\/2021\/04\/New-Line-tube-release_2-300x233.png 300w, https:\/\/raufoss.stage.webcore.no\/fr\/wp-content\/uploads\/sites\/2\/2021\/04\/New-Line-tube-release_2-1024x794.png 1024w, https:\/\/raufoss.stage.webcore.no\/fr\/wp-content\/uploads\/sites\/2\/2021\/04\/New-Line-tube-release_2-64x50.png 64w, https:\/\/raufoss.stage.webcore.no\/fr\/wp-content\/uploads\/sites\/2\/2021\/04\/New-Line-tube-release_2.png 1106w\" sizes=\"(max-width: 768px) 100vw, 768px\" \/><\/div>        <\/div>\n    <\/div>\n\n\n\n<p>7. Tenir l\u2019outil de d\u00e9connexion et retirer le tube en le tournant l\u00e9g\u00e8rement.<\/p>\n\n\n\n<p>8. Enlever l\u2019outil de d\u00e9connexion.<\/p>\n\n\n    <div class=\"wp-block-product-images \">\n        <div class=\"wp-block-product-images__inner-container columns-3\">\n            <div class=\"product-image\"><h3>7 \/ 8<\/h3><img width=\"768\" height=\"596\" src=\"https:\/\/raufoss.stage.webcore.no\/fr\/wp-content\/uploads\/sites\/2\/2021\/04\/New-Line-tube-release_3-768x596.png\" class=\"attachment-medium_large size-medium_large\" alt=\"\" loading=\"lazy\" srcset=\"https:\/\/raufoss.stage.webcore.no\/fr\/wp-content\/uploads\/sites\/2\/2021\/04\/New-Line-tube-release_3-768x596.png 768w, https:\/\/raufoss.stage.webcore.no\/fr\/wp-content\/uploads\/sites\/2\/2021\/04\/New-Line-tube-release_3-300x233.png 300w, https:\/\/raufoss.stage.webcore.no\/fr\/wp-content\/uploads\/sites\/2\/2021\/04\/New-Line-tube-release_3-1024x794.png 1024w, https:\/\/raufoss.stage.webcore.no\/fr\/wp-content\/uploads\/sites\/2\/2021\/04\/New-Line-tube-release_3-64x50.png 64w, https:\/\/raufoss.stage.webcore.no\/fr\/wp-content\/uploads\/sites\/2\/2021\/04\/New-Line-tube-release_3.png 1106w\" sizes=\"(max-width: 768px) 100vw, 768px\" \/><\/div>        <\/div>\n    <\/div>\n\n\n\n<p>9. V\u00e9rifier que le tube est propre et en bon \u00e9tat, dans le cas contraire il convient de couper le bout du tube.<\/p>\n\n\n\n<p>10. Inspecter visuellement la section Push-In du raccord pour v\u00e9rifier la pr\u00e9sence \u00e9ventuelle de contamination. S&#8217;assurer qu&#8217;aucune contamination ne se trouve dans le flux d&#8217;air ou sur les joints toriques du raccord. Kongsberg Automotive d\u00e9cline toute responsabilit\u00e9 quant aux cons\u00e9quences d&#8217;une telle contamination ou de dommages caus\u00e9s par le non retrait des contaminations pr\u00e9sentes.<\/p>\n\n\n\n<p>11. Emmancher le tube propre.<\/p>\n\n\n\n<p>12. R\u00e9aliser un test d&#8217;\u00e9tanch\u00e9it\u00e9. En cas de fuite les raccords doivents \u00eatre remplac\u00e9s.<\/p>\n\n\n    <div class=\"wp-block-product-images \">\n        <div class=\"wp-block-product-images__inner-container columns-3\">\n            <div class=\"product-image\"><h3><\/h3><img width=\"768\" height=\"768\" src=\"https:\/\/raufoss.stage.webcore.no\/fr\/wp-content\/uploads\/sites\/2\/2021\/04\/Base-med-skrutrekker.png\" class=\"attachment-medium_large size-medium_large\" alt=\"\" loading=\"lazy\" \/><\/div>        <\/div>\n    <\/div>\n\n\n\n<p>Sans outil de d\u00e9connexion, il reste possible de d\u00e9visser le raccord connect\u00e9 au tube en utilisant une cl\u00e9 standard. Les unions m\u00e2les sont en libre rotation sur les tubes.<\/p>\n\n\n\n<p><\/p>\n","protected":false},"excerpt":{"rendered":"<p>MANIPULATION DE L\u2019OUTIL DE D\u00c9CONNEXION ABC DES TUBES CONSEILS POUR LA R\u00c9PARATION\u00a0 Utiliser uniquement les outils de d\u00e9montage originaux fournis par KA. Ne jamais ins\u00e9rer d&#8217;autres pi\u00e8ces ou \u00e9quipements dans les raccords. 1. V\u00e9rifier que l\u2019outil de d\u00e9connexion n\u2019est pas endommag\u00e9. Il faut le remplacer le cas \u00e9ch\u00e9ant. 2. Pousser le tube au fond du &hellip; <a href=\"https:\/\/raufoss.stage.webcore.no\/fr\/instructions\/manipulation-de-loutil-de-deconnexion-abc-des-tubes\/\">Continued<\/a><\/p>\n","protected":false},"author":2,"featured_media":0,"parent":1943,"menu_order":0,"comment_status":"closed","ping_status":"closed","template":"","meta":[],"acf":[],"_links":{"self":[{"href":"https:\/\/raufoss.stage.webcore.no\/fr\/wp-json\/wp\/v2\/pages\/1982"}],"collection":[{"href":"https:\/\/raufoss.stage.webcore.no\/fr\/wp-json\/wp\/v2\/pages"}],"about":[{"href":"https:\/\/raufoss.stage.webcore.no\/fr\/wp-json\/wp\/v2\/types\/page"}],"author":[{"embeddable":true,"href":"https:\/\/raufoss.stage.webcore.no\/fr\/wp-json\/wp\/v2\/users\/2"}],"replies":[{"embeddable":true,"href":"https:\/\/raufoss.stage.webcore.no\/fr\/wp-json\/wp\/v2\/comments?post=1982"}],"version-history":[{"count":3,"href":"https:\/\/raufoss.stage.webcore.no\/fr\/wp-json\/wp\/v2\/pages\/1982\/revisions"}],"predecessor-version":[{"id":5548,"href":"https:\/\/raufoss.stage.webcore.no\/fr\/wp-json\/wp\/v2\/pages\/1982\/revisions\/5548"}],"up":[{"embeddable":true,"href":"https:\/\/raufoss.stage.webcore.no\/fr\/wp-json\/wp\/v2\/pages\/1943"}],"wp:attachment":[{"href":"https:\/\/raufoss.stage.webcore.no\/fr\/wp-json\/wp\/v2\/media?parent=1982"}],"curies":[{"name":"wp","href":"https:\/\/api.w.org\/{rel}","templated":true}]}}