{"id":3491,"date":"2021-02-04T07:39:51","date_gmt":"2021-02-04T06:39:51","guid":{"rendered":"http:\/\/work.localhost\/raufosscouplings\/?page_id=11"},"modified":"2021-06-23T08:47:29","modified_gmt":"2021-06-23T06:47:29","slug":"frontpage","status":"publish","type":"page","link":"https:\/\/raufoss.stage.webcore.no\/fr\/","title":{"rendered":"Frontpage"},"content":{"rendered":"\n<div class=\"wp-block-cover alignfull has-core-blue-background-color is-style-art-cover\" style=\"min-height:640px\"><video class=\"wp-block-cover__video-background intrinsic-ignore\" autoplay muted loop playsinline src=\"https:\/\/couplingscatalog.kongsbergautomotive.com\/fr\/wp-content\/uploads\/sites\/2\/2021\/03\/RC-teaser_1_2_1.mp4\" data-object-fit=\"cover\"><\/video><div class=\"wp-block-cover__inner-container container\">\n<div style=\"height:160px\" aria-hidden=\"true\" class=\"wp-block-spacer\"><\/div>\n\n\n\n<h1 class=\"has-text-align-center has-white-color has-text-color\">LES RACCORDS <br>RAUFOSS\u00ae<\/h1>\n\n\n\n<h1 class=\"has-text-align-center is-style-alt has-white-color has-text-color\">CATALOGUE<br>PRODUITS<\/h1>\n\n\n<div class=\"dgwt-wcas-search-wrapp dgwt-wcas-no-submit woocommerce js-dgwt-wcas-layout-classic dgwt-wcas-layout-classic js-dgwt-wcas-mobile-overlay-disabled\">\n\t\t<form class=\"dgwt-wcas-search-form\" role=\"search\" action=\"https:\/\/raufoss.stage.webcore.no\/fr\/\" method=\"get\">\n\t\t<div class=\"dgwt-wcas-sf-wrapp\">\n\t\t\t\t\t\t\t<svg version=\"1.1\" class=\"dgwt-wcas-ico-magnifier\" xmlns=\"http:\/\/www.w3.org\/2000\/svg\"\n\t\t\t\t\t xmlns:xlink=\"http:\/\/www.w3.org\/1999\/xlink\" x=\"0px\" y=\"0px\"\n\t\t\t\t\t viewBox=\"0 0 51.539 51.361\" enable-background=\"new 0 0 51.539 51.361\" xml:space=\"preserve\">\n\t\t             <path fill=\"#444\" d=\"M51.539,49.356L37.247,35.065c3.273-3.74,5.272-8.623,5.272-13.983c0-11.742-9.518-21.26-21.26-21.26 S0,9.339,0,21.082s9.518,21.26,21.26,21.26c5.361,0,10.244-1.999,13.983-5.272l14.292,14.292L51.539,49.356z M2.835,21.082 c0-10.176,8.249-18.425,18.425-18.425s18.425,8.249,18.425,18.425S31.436,39.507,21.26,39.507S2.835,31.258,2.835,21.082z\"\/>\n\t\t\t\t<\/svg>\n\t\t\t\t\t\t\t<label class=\"screen-reader-text\"\n\t\t\t       for=\"dgwt-wcas-search-input-1113\">Products search<\/label>\n\n\t\t\t<input id=\"dgwt-wcas-search-input-1113\"\n\t\t\t       type=\"search\"\n\t\t\t       class=\"dgwt-wcas-search-input\"\n\t\t\t       name=\"s\"\n\t\t\t       value=\"\"\n\t\t\t       placeholder=\"Recherche par produits, r\u00e9f\u00e9rence ou type d\u2019utilisation des produits\"\n\t\t\t       autocomplete=\"off\"\n\t\t\t\t   \t\t\t\/>\n\t\t\t<div class=\"dgwt-wcas-preloader\"><\/div>\n\n\t\t\t\n\t\t\t<input type=\"hidden\" name=\"post_type\" value=\"product\"\/>\n\t\t\t<input type=\"hidden\" name=\"dgwt_wcas\" value=\"1\"\/>\n\n\t\t\t\n\t\t\t\t\t<\/div>\n\t<\/form>\n<\/div>\n\n\n\n\n<div style=\"height:100px\" aria-hidden=\"true\" class=\"wp-block-spacer\"><\/div>\n<\/div><\/div>\n\n\n\n<div style=\"height:100px\" aria-hidden=\"true\" class=\"wp-block-spacer\"><\/div>\n\n\n\n<p class=\"is-style-lead-with-oblique-stroke has-primary-color has-text-color\">La division Couplings de Kongsberg Automotive est un leader dans la technologie de pointe des raccords pour air comprim\u00e9 pour le march\u00e9 global des v\u00e9hicules industriels.<\/p>\n\n\n\n<div style=\"height:100px\" aria-hidden=\"true\" class=\"wp-block-spacer\"><\/div>\n\n\n\n<div class=\"wp-block-product-categories alignfull\">\n    <div class=\"wp-block-product-categories__inner-container\">\n        <a href=\"https:\/\/raufoss.stage.webcore.no\/fr\/product-category\/abc-push-in\/\"><div class=\"cat-block\"><img width=\"768\" height=\"512\" src=\"https:\/\/raufoss.stage.webcore.no\/fr\/wp-content\/uploads\/sites\/2\/2021\/03\/Raufoss102ddd-768x512.jpg\" class=\"attachment-medium_large size-medium_large\" alt=\"\" loading=\"lazy\" srcset=\"https:\/\/raufoss.stage.webcore.no\/fr\/wp-content\/uploads\/sites\/2\/2021\/03\/Raufoss102ddd-768x512.jpg 768w, https:\/\/raufoss.stage.webcore.no\/fr\/wp-content\/uploads\/sites\/2\/2021\/03\/Raufoss102ddd-300x200.jpg 300w, https:\/\/raufoss.stage.webcore.no\/fr\/wp-content\/uploads\/sites\/2\/2021\/03\/Raufoss102ddd-1024x683.jpg 1024w, https:\/\/raufoss.stage.webcore.no\/fr\/wp-content\/uploads\/sites\/2\/2021\/03\/Raufoss102ddd-64x43.jpg 64w, https:\/\/raufoss.stage.webcore.no\/fr\/wp-content\/uploads\/sites\/2\/2021\/03\/Raufoss102ddd.jpg 1500w\" sizes=\"(max-width: 768px) 100vw, 768px\" \/><div class=\"overlay\"><\/div><div class=\"cat-title\"><span><svg width=\"37\" height=\"69\" viewBox=\"0 0 37 69\" version=\"1.1\" xmlns=\"http:\/\/www.w3.org\/2000\/svg\"><path d=\"M16.7.532H.872a.5.5 0 00-.431.752l19.424 33.161a.5.5 0 010 .506L.441 68.11a.5.5 0 00.431.754H16.7a.5.5 0 00.431-.248L36.852 34.95a.5.5 0 000-.506L17.132.78A.5.5 0 0016.7.532z\" fill=\"#FFF\" fill-rule=\"evenodd\"\/><\/svg><\/span><h2>ABC Push-In<\/h2><\/div><\/div><\/a><a href=\"https:\/\/raufoss.stage.webcore.no\/fr\/product-category\/abc-building-block-system\/\"><div class=\"cat-block\"><img width=\"768\" height=\"512\" src=\"https:\/\/raufoss.stage.webcore.no\/fr\/wp-content\/uploads\/sites\/2\/2021\/03\/Raufoss192ddd-768x512.jpg\" class=\"attachment-medium_large size-medium_large\" alt=\"\" loading=\"lazy\" srcset=\"https:\/\/raufoss.stage.webcore.no\/fr\/wp-content\/uploads\/sites\/2\/2021\/03\/Raufoss192ddd-768x512.jpg 768w, https:\/\/raufoss.stage.webcore.no\/fr\/wp-content\/uploads\/sites\/2\/2021\/03\/Raufoss192ddd-300x200.jpg 300w, https:\/\/raufoss.stage.webcore.no\/fr\/wp-content\/uploads\/sites\/2\/2021\/03\/Raufoss192ddd-1024x683.jpg 1024w, https:\/\/raufoss.stage.webcore.no\/fr\/wp-content\/uploads\/sites\/2\/2021\/03\/Raufoss192ddd-64x43.jpg 64w, https:\/\/raufoss.stage.webcore.no\/fr\/wp-content\/uploads\/sites\/2\/2021\/03\/Raufoss192ddd.jpg 1500w\" sizes=\"(max-width: 768px) 100vw, 768px\" \/><div class=\"overlay\"><\/div><div class=\"cat-title\"><span><svg width=\"37\" height=\"69\" viewBox=\"0 0 37 69\" version=\"1.1\" xmlns=\"http:\/\/www.w3.org\/2000\/svg\"><path d=\"M16.7.532H.872a.5.5 0 00-.431.752l19.424 33.161a.5.5 0 010 .506L.441 68.11a.5.5 0 00.431.754H16.7a.5.5 0 00.431-.248L36.852 34.95a.5.5 0 000-.506L17.132.78A.5.5 0 0016.7.532z\" fill=\"#FFF\" fill-rule=\"evenodd\"\/><\/svg><\/span><h2>ABC Building Block System<\/h2><\/div><\/div><\/a><a href=\"https:\/\/raufoss.stage.webcore.no\/fr\/product-category\/abc-complementary\/\"><div class=\"cat-block\"><img width=\"768\" height=\"512\" src=\"https:\/\/raufoss.stage.webcore.no\/fr\/wp-content\/uploads\/sites\/2\/2021\/03\/Raufoss089ddd-768x512.jpg\" class=\"attachment-medium_large size-medium_large\" alt=\"\" loading=\"lazy\" srcset=\"https:\/\/raufoss.stage.webcore.no\/fr\/wp-content\/uploads\/sites\/2\/2021\/03\/Raufoss089ddd-768x512.jpg 768w, https:\/\/raufoss.stage.webcore.no\/fr\/wp-content\/uploads\/sites\/2\/2021\/03\/Raufoss089ddd-300x200.jpg 300w, https:\/\/raufoss.stage.webcore.no\/fr\/wp-content\/uploads\/sites\/2\/2021\/03\/Raufoss089ddd-1024x683.jpg 1024w, https:\/\/raufoss.stage.webcore.no\/fr\/wp-content\/uploads\/sites\/2\/2021\/03\/Raufoss089ddd-1536x1024.jpg 1536w, https:\/\/raufoss.stage.webcore.no\/fr\/wp-content\/uploads\/sites\/2\/2021\/03\/Raufoss089ddd-2048x1365.jpg 2048w, https:\/\/raufoss.stage.webcore.no\/fr\/wp-content\/uploads\/sites\/2\/2021\/03\/Raufoss089ddd-64x43.jpg 64w\" sizes=\"(max-width: 768px) 100vw, 768px\" \/><div class=\"overlay\"><\/div><div class=\"cat-title\"><span><svg width=\"37\" height=\"69\" viewBox=\"0 0 37 69\" version=\"1.1\" xmlns=\"http:\/\/www.w3.org\/2000\/svg\"><path d=\"M16.7.532H.872a.5.5 0 00-.431.752l19.424 33.161a.5.5 0 010 .506L.441 68.11a.5.5 0 00.431.754H16.7a.5.5 0 00.431-.248L36.852 34.95a.5.5 0 000-.506L17.132.78A.5.5 0 0016.7.532z\" fill=\"#FFF\" fill-rule=\"evenodd\"\/><\/svg><\/span><h2>ABC Complementary<\/h2><\/div><\/div><\/a><a href=\"https:\/\/raufoss.stage.webcore.no\/fr\/product-category\/abc-tools\/\"><div class=\"cat-block\"><img width=\"768\" height=\"487\" src=\"https:\/\/raufoss.stage.webcore.no\/fr\/wp-content\/uploads\/sites\/2\/2021\/03\/picture-64-katalogddd-768x487.jpg\" class=\"attachment-medium_large size-medium_large\" alt=\"\" loading=\"lazy\" srcset=\"https:\/\/raufoss.stage.webcore.no\/fr\/wp-content\/uploads\/sites\/2\/2021\/03\/picture-64-katalogddd-768x487.jpg 768w, https:\/\/raufoss.stage.webcore.no\/fr\/wp-content\/uploads\/sites\/2\/2021\/03\/picture-64-katalogddd-300x190.jpg 300w, https:\/\/raufoss.stage.webcore.no\/fr\/wp-content\/uploads\/sites\/2\/2021\/03\/picture-64-katalogddd-1024x649.jpg 1024w, https:\/\/raufoss.stage.webcore.no\/fr\/wp-content\/uploads\/sites\/2\/2021\/03\/picture-64-katalogddd-64x41.jpg 64w, https:\/\/raufoss.stage.webcore.no\/fr\/wp-content\/uploads\/sites\/2\/2021\/03\/picture-64-katalogddd.jpg 1416w\" sizes=\"(max-width: 768px) 100vw, 768px\" \/><div class=\"overlay\"><\/div><div class=\"cat-title\"><span><svg width=\"37\" height=\"69\" viewBox=\"0 0 37 69\" version=\"1.1\" xmlns=\"http:\/\/www.w3.org\/2000\/svg\"><path d=\"M16.7.532H.872a.5.5 0 00-.431.752l19.424 33.161a.5.5 0 010 .506L.441 68.11a.5.5 0 00.431.754H16.7a.5.5 0 00.431-.248L36.852 34.95a.5.5 0 000-.506L17.132.78A.5.5 0 0016.7.532z\" fill=\"#FFF\" fill-rule=\"evenodd\"\/><\/svg><\/span><h2>ABC Tools<\/h2><\/div><\/div><\/a>    <\/div>\n<\/div>\n\n\n\n<div class=\"wp-block-group alignfull has-secondary-nav-link-background-color has-background\"><div class=\"wp-block-group__inner-container container\"><div class=\"wp-block-group__inner-container\">\n<div style=\"height:100px\" aria-hidden=\"true\" class=\"wp-block-spacer\"><\/div>\n\n\n\n<div class=\"wp-block-columns\">\n<div class=\"wp-block-column\" style=\"flex-basis:33.33%\"><\/div>\n\n\n\n<div class=\"wp-block-column\" style=\"flex-basis:66.66%\">\n<h2 class=\"has-text-align-left has-white-color has-text-color\">UNE PRESENCE<\/h2>\n\n\n\n<h2 class=\"has-text-align-left is-style-alt has-white-color has-text-color\">MONDIALE<\/h2>\n<\/div>\n<\/div>\n\n\n\n<div class=\"wp-block-columns\">\n<div class=\"wp-block-column\" style=\"flex-basis:33.33%\">\n<div class=\"wp-block-company-numbers\">\n    <span class=\"number\" data-value=\"11234\">11,234<\/span><span class=\"text\">Employees in<\/span><span class=\"number\" data-value=\"19\">19<\/span><span class=\"text\">Countries<\/span><span class=\"text\">Worldwide<\/span><\/div>\n<\/div>\n\n\n\n<div class=\"wp-block-column\" style=\"flex-basis:66.66%\">\n<p class=\"is-style-lead has-white-color has-text-color\"><strong>KONGSBERG AUTOMOTIVE FOURNIT DES PRODUITS DE CLASSE INTERNATIONALE \u00c0 L&#8217;INDUSTRIE AUTOMOBILE MONDIALE. NOS PRODUITS AM\u00c9LIORENT L&#8217;EXP\u00c9RIENCE DE CONDUITE, LA RENDANT PLUS S\u00dbRE, PLUS CONFORTABLE ET DURABLE.<\/strong><\/p>\n\n\n\n<p class=\"has-white-color has-text-color\">Avec un chiffre d&#8217;affaires d&#8217;environ 969 millions d&#8217;euros et plus de 11 000 employ\u00e9s dans 19 pays, Kongsberg Automotive est v\u00e9ritablement un fournisseur mondial. La soci\u00e9t\u00e9 a son si\u00e8ge \u00e0 Zurich, en Suisse, et dispose de 27 sites de production dans le monde. La gamme de produits comprend des syst\u00e8mes de confort pour les si\u00e8ges, des syst\u00e8mes de commande de vitesses, des solutions pour les fluides et des produits d&#8217;interface pour les conducteurs de v\u00e9hicules industriels d\u00e9velopp\u00e9s pour les constructeurs automobiles mondiaux.<\/p>\n<\/div>\n<\/div>\n\n\n\n<div style=\"height:40px\" aria-hidden=\"true\" class=\"wp-block-spacer\"><\/div>\n\n\n\n<div class=\"wp-block-company-map alignwide\">\n    <div class=\"wp-block-company-map__inner-container\">\n        <svg width=\"1119\" height=\"613\" viewBox=\"0 0 1119 613\" version=\"1.1\" xmlns=\"http:\/\/www.w3.org\/2000\/svg\"><g id=\"Map-and-Countries\"><path d=\"M1038.829 413.97L1049 424h-7.973l-11.427-11.27-7.917 7.806h-12.12l-7.654-7.546 5.51-5.435-12.424-12.248H985V390h12.196l3.708 3.655h17.325l20.6 20.315zM1014 179h6v-16h-6v16zm-25.033 25.15l-6.013-5.91 4.313-4.24 8.23 8.088 4.757-4.675H1006l-5.92 5.82 3.294 3.235-6.39 6.281-4.353-4.277v9.281l2.572 2.527v19.843l4.89 4.805-4.338 4.264h-8.482l-2.114 2.077h-11.867l-3.841 3.775V269L963 262.659v-10.186l8.744-8.592h10.346v-5.031l6.722-6.608v-14.837l-6.667-6.552 6.822-6.703zM946.733 333l8.267 8h-7.943L941 335.137V322h9.568v7.288L946.733 333zm-17.745 62.172V401h-10.18L908 390.153v-6.786h5.254l19.3-19.367 8.446 8.477-7.913 7.94 5.302 5.32-9.401 9.435zM953.23 381l4.77 4.787-7.732 7.759 3.513 3.528V406H942v-13.733L953.23 381zM951 349h4v-5h-4v5zm-14 72h17v-4h-17v4zm4-64h3v-14h-3v14zm1-70h5v-11h-5v11zm16.09 69.146l4.664-5.146 4.246 4.686V366h-7.048l-3.904-4.307H951v-5.547h7.09zM961 428h4v-6h-4v6zm3-27h17v-4h-17v4zm-8-127h4v-4h-4v4zm3 75h6v-6h-6v6zm87 59h6v-14h-6v14zm-45 148h16v8.564L1006.34 575l-5.34-5.227V556zm-91-42.016l6.507-6.49-5.814-5.799v-28.17l13.413-13.381h14.374l9.912-9.887 14.63-14.593 7.235 7.126L981.074 432h20.4l-6.457 6.441 11.733 11.706h12.24v-17.093l8.694 8.671v19.36L1049 482.352v21.893l-17.482 17.439v10.093L1021.27 542h-22.067l-12.73-12.697v-6.89l-17.373-17.33h-9.591l-10.477 10.45h-17.034l-10.222 10.197L910 513.984zm-13-102.367l2.253-2.617h16.455l6.388 7.426H928V423h-6.35l-5.076-5.903h-14.862l-4.712-5.48zM861 372h8.731l17.823 17.761v4.062H895V407h-5.535l-8.038-8.01-7.719-7.696v-6.629l-6.69-6.67L861 372zm-55-2.272l5.728-5.728 4.272 4.273-5.728 5.727-4.272-4.272zM676 470.802l8.307-8.59v-16.108L699.879 430H710v10.43l-9.013 9.323v13.6l-6.617 6.843-9.477 9.804-8.893-9.198zM466 118.629l4.871-4.682 7.228 6.947 9.253-8.894 7.648 7.352L481.841 132h-12.755v-10.406L466 118.63zM351 592h8v-11h-8v11zM201 361h10v-10h-10v10zM0 141h20v-4H0v4zm202.252-82.83l21.122 11.078 21.823 20.518h27.113l18.678-17.56v14.147h19.893v17.492h-30.157v8.576l-30.536 30.581 18.705 18.733h10.98l18.25 18.28v-29.332l18.855-18.88v-16.758l12.036 12.054v38.608l14.15-14.173 18.725 18.756v21.073h-32.503l-8.975 8.987h18.895v18.252h-15.573l-18.106 18.133-29.542 29.587v19.538l-3.622 3.63-10.895-10.914h-32.04l-16.327 16.355v20.214h30.094v18l27.767 27.81 2.9-2.904 7.463-7.473h47.5l31.254 31.301 23.19 23.223H414v23.16l-17.96 17.987v35.797h-17.59l-38.827 38.884v27.05l-21.172 21.204 14.922 14.945V613l-42.361-42.424v-45.45l13.555-13.576v-61.838l-43.619-43.684 13.082-13.101v-16.613h-16.061l-1.122-1.122-63.229-63.322H166.85V294.9l-10.081-10.094-31.914-31.962v-44.868l22.197-22.229v-51.31l-30.308-30.354h-30.59l-15.64 15.665H54.15l-18.34 18.365-6.81-6.817 23.497-23.531V87.927L72.65 68.98l-12.6-11.847V44.556h14.276l27-14.556 36.191 8.78 32.142 19.39h32.593zm93.768-15.263V45h-7.61v-1.183L285 41.299V39l4.155.023h4.588l7.257.209-4.98 3.675zm6.38 12.696v6.09l11.82-4.044.644-.618 6.823 6.53h11.146l17.61 7.947v21.257L364 106.59l-7.767 7.92-9.757-9.95V121H335.46l-15.564-15.871 8.433-8.598V78.999H316.85l-7.615-7.288-9.507-9.102 1.714-.587h-8.784s-11.373 3.022-11.92 2.498C280.19 63.995 269 62.196 269 62.196v-9.763h7.812l7.44.05 1.55-1.483 4.808 4.603h11.79zM278.75 322l-11.418-12.199H255V305h19.086L290 322h-11.25zM289 123h15v-10h-15v10zm-56-56.132V56.006L241.504 55h14.406v5.411L267 62.138 247.406 80 233 66.868zM224.645 46H244v6.414h-13.03l-5.488-1.778L218.18 57l-8.18-.567 8.464-7.375L224.645 46zM267 29.303l-7.453 4.2-3.54-3.17L248.56 37 244 32.92 258.901 27 267 29.303zm10.03 11.701L282 39.2V48h-22.49L249 40.648l7.91-3.583h7.339v2.52h4.934v-.155L277.03 32v9.004zM290 26.125L281.428 28 275 25.545v-1.106L278.443 22h5.737l5.82 4.125zm26 3.062L311.733 33h-12.312L293 29.703l7.405-1.738-6.438-5.75L304.28 13 316 23.47v5.717zm2.41 18.063h2.787l4.725 4.335 8.078.292L327.323 58l-6.83-6.266h-9.962v-4.812L305 41.85s.036-.648.03-2.85h13.38v8.25zM343 19.71l-4.295 4.074v5.548L332.729 35h-9.725L320 32.15v-3.253h3.68V17.895L333.626 11h5.09v4.645L343 19.709zm69-9.016L399.78 22.23h-10.65l-12.29 6.543h-11.726v7.165l-12.35 5.333L337.66 53 323 41.69l8.415-1.615h14.07V24.978h14.24l-9.345-8.823V5.845h14.176L370.746 0h27.247L412 10.693zm95 20.328L488.42 42.23v25.99l-17.18 7.354v10.808l-28.49 28.635h-21.233v15.636L405.254 147l-19.493-19.59V88.62l10.643-6.442V49.701h-7.814l-9.622-1.955-5.968-3.1v-8.338h21.642l19.919-11.204h22.142L448.473 14h17.547l19.355 15.732h14.895l6.73 1.29zM508.315 179l6.685 6.687-9.313 9.313-6.687-6.686 9.315-9.314zM542 188.313l-9.456 9.874h-6.794L517.309 207l-4.763-4.973 6.346-6.627-3.096-3.234 8.948-9.344L511 168.472l8.435-8.807L521.03 158l6.911 7.215v8.42L542 188.312zM566.693 39L576 47.53v6.9L572.103 58 556 50.348V44.74l6.262-5.74h4.43zM590 38.55L582.384 44l-6.105-4.369-2.279-.07V38l2.28 1.631 8.457.264L590 38.55zM629 37h10v-5h-10v5zm19-5h5v-4h-5v4zm7 7h6v-6h-6v6zm37 9.505l-16.303 16.23v8.127l9.795 9.748-6.417 6.39L666 75.984V64.652l25.975-18.63L692 46v2.505zm46-28.89L731.217 26H724V15.56l4.847-4.56L738 19.615zM761 29h-16.788L737 27.186 745.758 19l4.685 4.381H761V29zm109.981-5L883 28h-14.167L862 26.48V24h8.981zM881 39h6v-4h-6v4zm2-12h11v-4h-11v4zm177 27.54l-17.033 8.91 9.194-.169-14.445 13.56v13.353h-17.096v15.004l10.135 10.135v42.008h-8.134l-10.282-10.28v-11.485l-7.408-7.408v-22.35l5.061-5.062V89.554l-6.738-6.327v5.881h-9.282l-7.017 7.016v9.186l-.258.004h-10.405v5.423h-20.343v32.24l19.56 19.558V200.6l-22.983 22.982v19.557h-13.444l-14.191-14.192-7.911 7.911 20.069 20.072v31.132l-18.725 18.724h-24.41v18.802l10.76 10.76v8.464l-6.867 6.866h-11.349l-10.444-10.444v16.635l15.745 15.743-7.585 7.586-8.048-8.046v-7.384l-7.525-7.525V338.99l-9.508-9.507-5.976 5.974-21.007-21.006-21.184 21.182v18.527l-10.98 10.979-11.51-11.506-10.674-10.677v-22.052l-19.913-19.91h-32.14l12.115 12.114-27.655 27.654h-26.753l-38.985-38.983v11.455l29.05 29.046 10.37 10.37h19.982v18.626l-32.593 32.591v27.168l-18.293 18.292v30.023L616.297 516H585.7v-41.625l-19.06-19.058v-56.38l-27.892-27.893h-34.315L472 338.612v-38.046l36.764-36.761h59.844l15.434 15.432h54.813l.003-.003 15.158-15.155H621.78v-15.33l6.922-6.92h24.884l14.524-14.523h-49.58v16.749l-11.678 11.679-33.635-33.631v8.292l14.884 14.884-10.865 10.863v-13.816l-16.282-16.283h-15.757l-16.402 16.401h-24.87v-17.937l20.434-20.431h13.622l20.509-20.506h32.887l24.148-24.148-12.735-12.734v-21.98h-9.926l-17.803 17.801 9.165 9.164-14.55 14.548-10.246-10.244h-11.738v-19.38l49.756-49.752h31.76l19.736 19.734-12.788 12.787 8.567 8.566 28.692-28.69h34.421V64.311H729.2l26.339-8.85v-17.07L774.917 29h26.39l11.057 14.63h42.126l13.307 9.979h13.48l18.506-14.856h27.706l8.984 8.43 5.073-4.762h18.33l16.748-9.438h61.41L1060 47.317v7.222zM553 253h10v-14h-10v14zm511 162h17v-5h-17v5zm36 54.871l-4.127 4.129L1083 461.126l4.127-4.126L1100 469.871zm0 101.384l-8.44 8.604h-5.464v5.33L1070.589 601l-5.589-5.7v-7.546l8.737-8.91h5.893l4.132-4.214L1096.15 562l3.85 4.718v4.537zm19-17.246h-5.417v4.378l-7.665 7.613v-6.231L1100 553.89l6.749-6.704V531l6.7 6.365v11.136H1119v5.508zM302.87 61.375l-.74.25h.74v-.25z\" id=\"Kart\" fill=\"#0032A0\"\/><g id=\"Countries\" transform=\"translate(172 143)\" fill=\"#FFF\"><circle id=\"UK\" cx=\"356\" cy=\"51\" r=\"6\"\/><circle id=\"Poland\" cx=\"398\" cy=\"51\" r=\"6\"\/><circle id=\"Sweden\" cx=\"396\" cy=\"19\" r=\"6\"\/><circle id=\"Slovakia\" cx=\"407\" cy=\"65\" r=\"6\"\/><circle id=\"Hungary\" cx=\"412\" cy=\"85\" r=\"6\"\/><circle id=\"Germany\" cx=\"386\" cy=\"65\" r=\"6\"\/><circle id=\"Switzerland\" cx=\"377\" cy=\"79\" r=\"6\"\/><circle id=\"The-Netherlands\" cx=\"371\" cy=\"59\" r=\"6\"\/><circle id=\"France\" cx=\"354\" cy=\"79\" r=\"6\"\/><circle id=\"Spain\" cx=\"340\" cy=\"96\" r=\"6\"\/><circle id=\"India\" cx=\"626\" cy=\"184\" r=\"6\"\/><circle id=\"China\" cx=\"706\" cy=\"124\" r=\"6\"\/><circle id=\"South-Korea\" cx=\"766\" cy=\"94\" r=\"6\"\/><circle id=\"Japan\" cx=\"806\" cy=\"105\" r=\"6\"\/><circle id=\"Canada\" cx=\"116\" cy=\"54\" r=\"6\"\/><circle id=\"USA\" cx=\"6\" cy=\"104\" r=\"6\"\/><circle id=\"Brazil\" cx=\"186\" cy=\"294\" r=\"6\"\/><circle id=\"Norway\" cx=\"380\" cy=\"6\" r=\"6\"\/><\/g><\/g><\/svg>        <div class=\"country-tooltip\"><\/div>\n    <\/div>\n<\/div>\n\n\n\n<div style=\"height:100px\" aria-hidden=\"true\" class=\"wp-block-spacer\"><\/div>\n<\/div><\/div><\/div>\n\n\n\n<div style=\"height:100px\" aria-hidden=\"true\" class=\"wp-block-spacer\"><\/div>\n\n\n    <div class=\"wp-block-company-values alignfull \">\n        <div class=\"wp-block-company-values__inner-container container\">\n            <p class=\"is-style-lead has-primary-color has-text-color\">\n                DEPUIS PLUS DE 60 ANS, LA CULTURE DE KONGSBERG AUTOMOTIVE A \u00c9T\u00c9 \u00c0 LA SOURCE DE SES R\u00c9USSITES ET ELLE CONTINUERA \u00c0 PORTER LE GROUPE DANS LE FUTUR. NOS VALEURS NOUS GUIDENT DANS NOTRE TRAVAIL AU QUOTIDIEN, DANS NOS RELATIONS PROFESSIONNELLES, AINSI QUE DANS TOUTES NOS PRISES DE D\u00c9CISIONS            <\/p>\n            <div class=\"company-values\">\n                <p class=\"value is-style-lead has-core-blue-color has-text-color\">INT\u00c9GRIT\u00c9<\/p><p class=\"value is-style-lead has-core-blue-color has-text-color\">RESPONSABILIT\u00c9<\/p><p class=\"value is-style-lead has-core-blue-color has-text-color\">ESPRIT D\u2019\u00c9QUIPE<\/p><p class=\"value is-style-lead has-core-blue-color has-text-color\">CR\u00c9ATIVIT\u00c9<\/p>            <\/div>\n        <\/div>\n    <\/div>\n\n\n\n\n<div style=\"height:100px\" aria-hidden=\"true\" class=\"wp-block-spacer\"><\/div>\n\n\n\n<div class=\"wp-block-cover alignfull\" style=\"min-height:1000px\"><img loading=\"lazy\" width=\"1707\" height=\"2560\" class=\"wp-block-cover__image-background wp-image-4162\" alt=\"\" src=\"https:\/\/couplingscatalog.kongsbergautomotive.com\/fr\/wp-content\/uploads\/sites\/2\/2021\/03\/Raufoss076-scaled.jpg\" style=\"object-position:50% 75%\" data-object-fit=\"cover\" data-object-position=\"50% 75%\" srcset=\"https:\/\/raufoss.stage.webcore.no\/fr\/wp-content\/uploads\/sites\/2\/2021\/03\/Raufoss076-scaled.jpg 1707w, https:\/\/raufoss.stage.webcore.no\/fr\/wp-content\/uploads\/sites\/2\/2021\/03\/Raufoss076-200x300.jpg 200w, https:\/\/raufoss.stage.webcore.no\/fr\/wp-content\/uploads\/sites\/2\/2021\/03\/Raufoss076-683x1024.jpg 683w, https:\/\/raufoss.stage.webcore.no\/fr\/wp-content\/uploads\/sites\/2\/2021\/03\/Raufoss076-768x1152.jpg 768w, https:\/\/raufoss.stage.webcore.no\/fr\/wp-content\/uploads\/sites\/2\/2021\/03\/Raufoss076-1024x1536.jpg 1024w, https:\/\/raufoss.stage.webcore.no\/fr\/wp-content\/uploads\/sites\/2\/2021\/03\/Raufoss076-1365x2048.jpg 1365w, https:\/\/raufoss.stage.webcore.no\/fr\/wp-content\/uploads\/sites\/2\/2021\/03\/Raufoss076-64x96.jpg 64w\" sizes=\"(max-width: 1707px) 100vw, 1707px\" \/><div class=\"wp-block-cover__inner-container container\">\n<p class=\"has-large-font-size\"><\/p>\n<\/div><\/div>\n","protected":false},"excerpt":{"rendered":"<p>La division Couplings de Kongsberg Automotive est un leader dans la technologie de pointe des raccords pour air comprim\u00e9 pour le march\u00e9 global des v\u00e9hicules industriels. UNE PRESENCE MONDIALE KONGSBERG AUTOMOTIVE FOURNIT DES PRODUITS DE CLASSE INTERNATIONALE \u00c0 L&#8217;INDUSTRIE AUTOMOBILE MONDIALE. NOS PRODUITS AM\u00c9LIORENT L&#8217;EXP\u00c9RIENCE DE CONDUITE, LA RENDANT PLUS S\u00dbRE, PLUS CONFORTABLE ET DURABLE. &hellip; <a href=\"https:\/\/raufoss.stage.webcore.no\/fr\/\">Continued<\/a><\/p>\n","protected":false},"author":2,"featured_media":7855,"parent":0,"menu_order":0,"comment_status":"closed","ping_status":"closed","template":"","meta":[],"acf":[],"_links":{"self":[{"href":"https:\/\/raufoss.stage.webcore.no\/fr\/wp-json\/wp\/v2\/pages\/3491"}],"collection":[{"href":"https:\/\/raufoss.stage.webcore.no\/fr\/wp-json\/wp\/v2\/pages"}],"about":[{"href":"https:\/\/raufoss.stage.webcore.no\/fr\/wp-json\/wp\/v2\/types\/page"}],"author":[{"embeddable":true,"href":"https:\/\/raufoss.stage.webcore.no\/fr\/wp-json\/wp\/v2\/users\/2"}],"replies":[{"embeddable":true,"href":"https:\/\/raufoss.stage.webcore.no\/fr\/wp-json\/wp\/v2\/comments?post=3491"}],"version-history":[{"count":17,"href":"https:\/\/raufoss.stage.webcore.no\/fr\/wp-json\/wp\/v2\/pages\/3491\/revisions"}],"predecessor-version":[{"id":7860,"href":"https:\/\/raufoss.stage.webcore.no\/fr\/wp-json\/wp\/v2\/pages\/3491\/revisions\/7860"}],"wp:featuredmedia":[{"embeddable":true,"href":"https:\/\/raufoss.stage.webcore.no\/fr\/wp-json\/wp\/v2\/media\/7855"}],"wp:attachment":[{"href":"https:\/\/raufoss.stage.webcore.no\/fr\/wp-json\/wp\/v2\/media?parent=3491"}],"curies":[{"name":"wp","href":"https:\/\/api.w.org\/{rel}","templated":true}]}}