{"id":4128,"date":"2021-03-15T15:27:16","date_gmt":"2021-03-15T14:27:16","guid":{"rendered":"https:\/\/stage.couplingscatalog.kongsbergautomotive.com\/?page_id=4128"},"modified":"2021-06-23T08:52:15","modified_gmt":"2021-06-23T06:52:15","slug":"raufoss-abc","status":"publish","type":"page","link":"https:\/\/raufoss.stage.webcore.no\/fr\/raufoss-abc\/","title":{"rendered":"Raufoss ABC"},"content":{"rendered":"\n<h1 class=\"is-style-alt\">LE SYST\u00c8ME <\/h1>\n\n\n\n<h1 class=\"is-style-default\">RAUFOSS ABC\u2122<\/h1>\n\n\n\n<p class=\"is-style-lead\">LA MISSION ET L\u2019OBJECTIF DE KONGSBERG AUTOMOTIVE EST D\u2019\u00caTRE LE PARTENAIRE GLOBAL PRIVIL\u00c9GI\u00c9 POUR NOS CLIENTS, NOS EMPLOY\u00c9S ET NOS ACTIONNAIRES EN APPORTANT DES SOLUTIONS B\u00c9N\u00c9FIQUES QUI AM\u00c9LIORENT l\u2019EXP\u00c9RIENCE DE CONDUITE.<\/p>\n\n\n\n<p class=\"is-style-default\">&gt; Une nouvelle g\u00e9n\u00e9ration de raccords, bas\u00e9e sur des mat\u00e9riaux composites et une technologie de pointe.<\/p>\n\n\n\n<p class=\"is-style-default\">&gt; La solution ABC\u2122&nbsp;apporte une am\u00e9lioration significative dans les endroits cl\u00e9s du syst\u00e8me de freinage et permet \u00e0 Raufoss d&#8217;assumer une responsabilit\u00e9 plus large dans la construction de syst\u00e8mes pneumatiques sur les v\u00e9hicules utilitaires. Les nouveaux mat\u00e9riaux composites r\u00e9duisent le co\u00fbt du syst\u00e8me, le poids, le nombre d&#8217;articles et augmentent la flexibilit\u00e9 de conception au montage.<\/p>\n\n\n\n<p class=\"is-style-default\">&gt; Les composants en laiton garantissent la solidit\u00e9 de la structure dans les zones fortement sollicit\u00e9es.<\/p>\n\n\n\n<p class=\"is-style-default\">&gt; Un syst\u00e8me global, r\u00e9pondant \u00e0 diff\u00e9rentes philosophies d&#8217;ing\u00e9nierie pour les applications de camions, bus, remorques et v\u00e9hicules tout-terrain.<\/p>\n\n\n\n<div style=\"height:60px\" aria-hidden=\"true\" class=\"wp-block-spacer\"><\/div>\n\n\n\n<div class=\"wp-block-product-categories alignfull\">\n    <div class=\"wp-block-product-categories__inner-container\">\n        <a href=\"https:\/\/raufoss.stage.webcore.no\/fr\/product-category\/abc-push-in\/\"><div class=\"cat-block\"><img width=\"768\" height=\"512\" src=\"https:\/\/raufoss.stage.webcore.no\/fr\/wp-content\/uploads\/sites\/2\/2021\/03\/Raufoss102ddd-768x512.jpg\" class=\"attachment-medium_large size-medium_large\" alt=\"\" loading=\"lazy\" srcset=\"https:\/\/raufoss.stage.webcore.no\/fr\/wp-content\/uploads\/sites\/2\/2021\/03\/Raufoss102ddd-768x512.jpg 768w, https:\/\/raufoss.stage.webcore.no\/fr\/wp-content\/uploads\/sites\/2\/2021\/03\/Raufoss102ddd-300x200.jpg 300w, https:\/\/raufoss.stage.webcore.no\/fr\/wp-content\/uploads\/sites\/2\/2021\/03\/Raufoss102ddd-1024x683.jpg 1024w, https:\/\/raufoss.stage.webcore.no\/fr\/wp-content\/uploads\/sites\/2\/2021\/03\/Raufoss102ddd-64x43.jpg 64w, https:\/\/raufoss.stage.webcore.no\/fr\/wp-content\/uploads\/sites\/2\/2021\/03\/Raufoss102ddd.jpg 1500w\" sizes=\"(max-width: 768px) 100vw, 768px\" \/><div class=\"overlay\"><\/div><div class=\"cat-title\"><span><svg width=\"37\" height=\"69\" viewBox=\"0 0 37 69\" version=\"1.1\" xmlns=\"http:\/\/www.w3.org\/2000\/svg\"><path d=\"M16.7.532H.872a.5.5 0 00-.431.752l19.424 33.161a.5.5 0 010 .506L.441 68.11a.5.5 0 00.431.754H16.7a.5.5 0 00.431-.248L36.852 34.95a.5.5 0 000-.506L17.132.78A.5.5 0 0016.7.532z\" fill=\"#FFF\" fill-rule=\"evenodd\"\/><\/svg><\/span><h2>ABC Push-In<\/h2><\/div><\/div><\/a><a href=\"https:\/\/raufoss.stage.webcore.no\/fr\/product-category\/abc-building-block-system\/\"><div class=\"cat-block\"><img width=\"768\" height=\"512\" src=\"https:\/\/raufoss.stage.webcore.no\/fr\/wp-content\/uploads\/sites\/2\/2021\/03\/Raufoss192ddd-768x512.jpg\" class=\"attachment-medium_large size-medium_large\" alt=\"\" loading=\"lazy\" srcset=\"https:\/\/raufoss.stage.webcore.no\/fr\/wp-content\/uploads\/sites\/2\/2021\/03\/Raufoss192ddd-768x512.jpg 768w, https:\/\/raufoss.stage.webcore.no\/fr\/wp-content\/uploads\/sites\/2\/2021\/03\/Raufoss192ddd-300x200.jpg 300w, https:\/\/raufoss.stage.webcore.no\/fr\/wp-content\/uploads\/sites\/2\/2021\/03\/Raufoss192ddd-1024x683.jpg 1024w, https:\/\/raufoss.stage.webcore.no\/fr\/wp-content\/uploads\/sites\/2\/2021\/03\/Raufoss192ddd-64x43.jpg 64w, https:\/\/raufoss.stage.webcore.no\/fr\/wp-content\/uploads\/sites\/2\/2021\/03\/Raufoss192ddd.jpg 1500w\" sizes=\"(max-width: 768px) 100vw, 768px\" \/><div class=\"overlay\"><\/div><div class=\"cat-title\"><span><svg width=\"37\" height=\"69\" viewBox=\"0 0 37 69\" version=\"1.1\" xmlns=\"http:\/\/www.w3.org\/2000\/svg\"><path d=\"M16.7.532H.872a.5.5 0 00-.431.752l19.424 33.161a.5.5 0 010 .506L.441 68.11a.5.5 0 00.431.754H16.7a.5.5 0 00.431-.248L36.852 34.95a.5.5 0 000-.506L17.132.78A.5.5 0 0016.7.532z\" fill=\"#FFF\" fill-rule=\"evenodd\"\/><\/svg><\/span><h2>ABC Building Block System<\/h2><\/div><\/div><\/a><a href=\"https:\/\/raufoss.stage.webcore.no\/fr\/product-category\/abc-complementary\/\"><div class=\"cat-block\"><img width=\"768\" height=\"512\" src=\"https:\/\/raufoss.stage.webcore.no\/fr\/wp-content\/uploads\/sites\/2\/2021\/03\/Raufoss089ddd-768x512.jpg\" class=\"attachment-medium_large size-medium_large\" alt=\"\" loading=\"lazy\" srcset=\"https:\/\/raufoss.stage.webcore.no\/fr\/wp-content\/uploads\/sites\/2\/2021\/03\/Raufoss089ddd-768x512.jpg 768w, https:\/\/raufoss.stage.webcore.no\/fr\/wp-content\/uploads\/sites\/2\/2021\/03\/Raufoss089ddd-300x200.jpg 300w, https:\/\/raufoss.stage.webcore.no\/fr\/wp-content\/uploads\/sites\/2\/2021\/03\/Raufoss089ddd-1024x683.jpg 1024w, https:\/\/raufoss.stage.webcore.no\/fr\/wp-content\/uploads\/sites\/2\/2021\/03\/Raufoss089ddd-1536x1024.jpg 1536w, https:\/\/raufoss.stage.webcore.no\/fr\/wp-content\/uploads\/sites\/2\/2021\/03\/Raufoss089ddd-2048x1365.jpg 2048w, https:\/\/raufoss.stage.webcore.no\/fr\/wp-content\/uploads\/sites\/2\/2021\/03\/Raufoss089ddd-64x43.jpg 64w\" sizes=\"(max-width: 768px) 100vw, 768px\" \/><div class=\"overlay\"><\/div><div class=\"cat-title\"><span><svg width=\"37\" height=\"69\" viewBox=\"0 0 37 69\" version=\"1.1\" xmlns=\"http:\/\/www.w3.org\/2000\/svg\"><path d=\"M16.7.532H.872a.5.5 0 00-.431.752l19.424 33.161a.5.5 0 010 .506L.441 68.11a.5.5 0 00.431.754H16.7a.5.5 0 00.431-.248L36.852 34.95a.5.5 0 000-.506L17.132.78A.5.5 0 0016.7.532z\" fill=\"#FFF\" fill-rule=\"evenodd\"\/><\/svg><\/span><h2>ABC Complementary<\/h2><\/div><\/div><\/a><a href=\"https:\/\/raufoss.stage.webcore.no\/fr\/product-category\/abc-tools\/\"><div class=\"cat-block\"><img width=\"768\" height=\"487\" src=\"https:\/\/raufoss.stage.webcore.no\/fr\/wp-content\/uploads\/sites\/2\/2021\/03\/picture-64-katalogddd-768x487.jpg\" class=\"attachment-medium_large size-medium_large\" alt=\"\" loading=\"lazy\" srcset=\"https:\/\/raufoss.stage.webcore.no\/fr\/wp-content\/uploads\/sites\/2\/2021\/03\/picture-64-katalogddd-768x487.jpg 768w, https:\/\/raufoss.stage.webcore.no\/fr\/wp-content\/uploads\/sites\/2\/2021\/03\/picture-64-katalogddd-300x190.jpg 300w, https:\/\/raufoss.stage.webcore.no\/fr\/wp-content\/uploads\/sites\/2\/2021\/03\/picture-64-katalogddd-1024x649.jpg 1024w, https:\/\/raufoss.stage.webcore.no\/fr\/wp-content\/uploads\/sites\/2\/2021\/03\/picture-64-katalogddd-64x41.jpg 64w, https:\/\/raufoss.stage.webcore.no\/fr\/wp-content\/uploads\/sites\/2\/2021\/03\/picture-64-katalogddd.jpg 1416w\" sizes=\"(max-width: 768px) 100vw, 768px\" \/><div class=\"overlay\"><\/div><div class=\"cat-title\"><span><svg width=\"37\" height=\"69\" viewBox=\"0 0 37 69\" version=\"1.1\" xmlns=\"http:\/\/www.w3.org\/2000\/svg\"><path d=\"M16.7.532H.872a.5.5 0 00-.431.752l19.424 33.161a.5.5 0 010 .506L.441 68.11a.5.5 0 00.431.754H16.7a.5.5 0 00.431-.248L36.852 34.95a.5.5 0 000-.506L17.132.78A.5.5 0 0016.7.532z\" fill=\"#FFF\" fill-rule=\"evenodd\"\/><\/svg><\/span><h2>ABC Tools<\/h2><\/div><\/div><\/a>    <\/div>\n<\/div>\n\n\n\n<div style=\"height:60px\" aria-hidden=\"true\" class=\"wp-block-spacer\"><\/div>\n\n\n\n<h2>LISTE D\u2019\u00c9QUIVALENCES<\/h2>\n\n\n\n<p class=\"is-style-with-chevron\">Vous cherchez un remplacement pour un produit plus ancien et obsol\u00e8te ? Veuillez consulter notre tableau de r\u00e9f\u00e9rences crois\u00e9es pour voir s&#8217;il a \u00e9t\u00e9 remplac\u00e9 par un mod\u00e8le plus r\u00e9cent.<br><a href=\"https:\/\/couplingscatalog.kongsbergautomotive.com\/fr\/cross-reference\/\" data-type=\"page\" data-id=\"1998\">LISTE D\u2019\u00c9QUIVALENCES&nbsp;&nbsp;<\/a><\/p>\n\n\n\n<h2><strong>G\u00c9N\u00c9RALIT\u00c9S<\/strong><\/h2>\n\n\n\n<p class=\"is-style-with-chevron\">Pour plus d&#8217;informations sur nos produits et propositions d&#8217;assemblage, veuillez visiter notre page d&#8217;informations g\u00e9n\u00e9rales.<br><a href=\"https:\/\/couplingscatalog.kongsbergautomotive.com\/fr\/informations-generales\/\" data-type=\"page\" data-id=\"4383\"><strong>G\u00c9N\u00c9RALIT\u00c9S<\/strong><\/a><\/p>\n","protected":false},"excerpt":{"rendered":"<p>LE SYST\u00c8ME RAUFOSS ABC\u2122 LA MISSION ET L\u2019OBJECTIF DE KONGSBERG AUTOMOTIVE EST D\u2019\u00caTRE LE PARTENAIRE GLOBAL PRIVIL\u00c9GI\u00c9 POUR NOS CLIENTS, NOS EMPLOY\u00c9S ET NOS ACTIONNAIRES EN APPORTANT DES SOLUTIONS B\u00c9N\u00c9FIQUES QUI AM\u00c9LIORENT l\u2019EXP\u00c9RIENCE DE CONDUITE. &gt; Une nouvelle g\u00e9n\u00e9ration de raccords, bas\u00e9e sur des mat\u00e9riaux composites et une technologie de pointe. &gt; La solution ABC\u2122&nbsp;apporte &hellip; <a href=\"https:\/\/raufoss.stage.webcore.no\/fr\/raufoss-abc\/\">Continued<\/a><\/p>\n","protected":false},"author":2,"featured_media":0,"parent":0,"menu_order":0,"comment_status":"closed","ping_status":"closed","template":"","meta":[],"acf":[],"_links":{"self":[{"href":"https:\/\/raufoss.stage.webcore.no\/fr\/wp-json\/wp\/v2\/pages\/4128"}],"collection":[{"href":"https:\/\/raufoss.stage.webcore.no\/fr\/wp-json\/wp\/v2\/pages"}],"about":[{"href":"https:\/\/raufoss.stage.webcore.no\/fr\/wp-json\/wp\/v2\/types\/page"}],"author":[{"embeddable":true,"href":"https:\/\/raufoss.stage.webcore.no\/fr\/wp-json\/wp\/v2\/users\/2"}],"replies":[{"embeddable":true,"href":"https:\/\/raufoss.stage.webcore.no\/fr\/wp-json\/wp\/v2\/comments?post=4128"}],"version-history":[{"count":12,"href":"https:\/\/raufoss.stage.webcore.no\/fr\/wp-json\/wp\/v2\/pages\/4128\/revisions"}],"predecessor-version":[{"id":7862,"href":"https:\/\/raufoss.stage.webcore.no\/fr\/wp-json\/wp\/v2\/pages\/4128\/revisions\/7862"}],"wp:attachment":[{"href":"https:\/\/raufoss.stage.webcore.no\/fr\/wp-json\/wp\/v2\/media?parent=4128"}],"curies":[{"name":"wp","href":"https:\/\/api.w.org\/{rel}","templated":true}]}}