{"id":4427,"date":"2021-04-15T14:14:06","date_gmt":"2021-04-15T12:14:06","guid":{"rendered":"https:\/\/stage.couplingscatalog.kongsbergautomotive.com\/?page_id=4427"},"modified":"2021-06-16T08:37:58","modified_gmt":"2021-06-16T06:37:58","slug":"montage-des-bagues-de-blocage-rotolock","status":"publish","type":"page","link":"https:\/\/raufoss.stage.webcore.no\/fr\/instructions\/montage-des-bagues-de-blocage-rotolock\/","title":{"rendered":"MONTAGE DES BAGUES DE BLOCAGE ROTOLOCK"},"content":{"rendered":"\n<h1><strong>MONTAGE DES BAGUES DE BLOCAGE ROTOLOCK<\/strong><\/h1>\n\n\n\n<h1 class=\"is-style-alt\">INSTRUCTIONS DE MONTAGE<\/h1>\n\n\n\n<figure class=\"wp-block-image size-large\"><img loading=\"lazy\" width=\"1024\" height=\"453\" src=\"https:\/\/couplingscatalog.kongsbergautomotive.com\/fr\/wp-content\/uploads\/sites\/2\/2021\/06\/assembly-of-rotoblock-1-2-1024x453.png\" alt=\"\" class=\"wp-image-7827\" srcset=\"https:\/\/raufoss.stage.webcore.no\/fr\/wp-content\/uploads\/sites\/2\/2021\/06\/assembly-of-rotoblock-1-2-1024x453.png 1024w, https:\/\/raufoss.stage.webcore.no\/fr\/wp-content\/uploads\/sites\/2\/2021\/06\/assembly-of-rotoblock-1-2-300x133.png 300w, https:\/\/raufoss.stage.webcore.no\/fr\/wp-content\/uploads\/sites\/2\/2021\/06\/assembly-of-rotoblock-1-2-768x339.png 768w, https:\/\/raufoss.stage.webcore.no\/fr\/wp-content\/uploads\/sites\/2\/2021\/06\/assembly-of-rotoblock-1-2-1536x679.png 1536w, https:\/\/raufoss.stage.webcore.no\/fr\/wp-content\/uploads\/sites\/2\/2021\/06\/assembly-of-rotoblock-1-2-64x28.png 64w, https:\/\/raufoss.stage.webcore.no\/fr\/wp-content\/uploads\/sites\/2\/2021\/06\/assembly-of-rotoblock-1-2.png 2000w\" sizes=\"(max-width: 1024px) 100vw, 1024px\" \/><\/figure>\n\n\n\n<p>1. Clipser la bague Rotolock sur le corps ABC.<\/p>\n\n\n\n<p>2. Clipser l\u2019embase partiellement (1\u00e8re position de s\u00e9curit\u00e9).<\/p>\n\n\n\n<figure class=\"wp-block-image size-large\"><img loading=\"lazy\" width=\"1024\" height=\"414\" src=\"https:\/\/couplingscatalog.kongsbergautomotive.com\/fr\/wp-content\/uploads\/sites\/2\/2021\/06\/assembly-of-rotoblock-3-4-1024x414.png\" alt=\"\" class=\"wp-image-7829\" srcset=\"https:\/\/raufoss.stage.webcore.no\/fr\/wp-content\/uploads\/sites\/2\/2021\/06\/assembly-of-rotoblock-3-4-1024x414.png 1024w, https:\/\/raufoss.stage.webcore.no\/fr\/wp-content\/uploads\/sites\/2\/2021\/06\/assembly-of-rotoblock-3-4-300x121.png 300w, https:\/\/raufoss.stage.webcore.no\/fr\/wp-content\/uploads\/sites\/2\/2021\/06\/assembly-of-rotoblock-3-4-768x311.png 768w, https:\/\/raufoss.stage.webcore.no\/fr\/wp-content\/uploads\/sites\/2\/2021\/06\/assembly-of-rotoblock-3-4-1536x621.png 1536w, https:\/\/raufoss.stage.webcore.no\/fr\/wp-content\/uploads\/sites\/2\/2021\/06\/assembly-of-rotoblock-3-4-64x26.png 64w, https:\/\/raufoss.stage.webcore.no\/fr\/wp-content\/uploads\/sites\/2\/2021\/06\/assembly-of-rotoblock-3-4.png 2000w\" sizes=\"(max-width: 1024px) 100vw, 1024px\" \/><\/figure>\n\n\n\n<p>3. Choisir l\u2019orientation d\u00e9sir\u00e9e.<\/p>\n\n\n\n<p>4. Emmancher l\u2019embase compl\u00e8tement &#8211; 2\u00e8me position d\u2019\u00e9tanch\u00e9it\u00e9.<\/p>\n","protected":false},"excerpt":{"rendered":"<p>MONTAGE DES BAGUES DE BLOCAGE ROTOLOCK INSTRUCTIONS DE MONTAGE 1. Clipser la bague Rotolock sur le corps ABC. 2. Clipser l\u2019embase partiellement (1\u00e8re position de s\u00e9curit\u00e9). 3. Choisir l\u2019orientation d\u00e9sir\u00e9e. 4. Emmancher l\u2019embase compl\u00e8tement &#8211; 2\u00e8me position d\u2019\u00e9tanch\u00e9it\u00e9.<\/p>\n","protected":false},"author":2,"featured_media":0,"parent":1943,"menu_order":0,"comment_status":"closed","ping_status":"closed","template":"","meta":[],"acf":[],"_links":{"self":[{"href":"https:\/\/raufoss.stage.webcore.no\/fr\/wp-json\/wp\/v2\/pages\/4427"}],"collection":[{"href":"https:\/\/raufoss.stage.webcore.no\/fr\/wp-json\/wp\/v2\/pages"}],"about":[{"href":"https:\/\/raufoss.stage.webcore.no\/fr\/wp-json\/wp\/v2\/types\/page"}],"author":[{"embeddable":true,"href":"https:\/\/raufoss.stage.webcore.no\/fr\/wp-json\/wp\/v2\/users\/2"}],"replies":[{"embeddable":true,"href":"https:\/\/raufoss.stage.webcore.no\/fr\/wp-json\/wp\/v2\/comments?post=4427"}],"version-history":[{"count":5,"href":"https:\/\/raufoss.stage.webcore.no\/fr\/wp-json\/wp\/v2\/pages\/4427\/revisions"}],"predecessor-version":[{"id":7830,"href":"https:\/\/raufoss.stage.webcore.no\/fr\/wp-json\/wp\/v2\/pages\/4427\/revisions\/7830"}],"up":[{"embeddable":true,"href":"https:\/\/raufoss.stage.webcore.no\/fr\/wp-json\/wp\/v2\/pages\/1943"}],"wp:attachment":[{"href":"https:\/\/raufoss.stage.webcore.no\/fr\/wp-json\/wp\/v2\/media?parent=4427"}],"curies":[{"name":"wp","href":"https:\/\/api.w.org\/{rel}","templated":true}]}}