{"id":580,"date":"2021-02-22T10:08:59","date_gmt":"2021-02-22T09:08:59","guid":{"rendered":"http:\/\/work.localhost\/raufosscouplings\/?page_id=580"},"modified":"2021-06-23T08:42:32","modified_gmt":"2021-06-23T06:42:32","slug":"about-us","status":"publish","type":"page","link":"https:\/\/raufoss.stage.webcore.no\/fr\/about-us\/","title":{"rendered":"QUI SOMMES-NOUS"},"content":{"rendered":"\n<h1 class=\"has-core-blue-color has-text-color\">RAUFOSS<\/h1>\n\n\n\n<h1 class=\"is-style-alt has-core-blue-color has-text-color\">COUPLINGS<\/h1>\n\n\n\n<p class=\"is-style-lead\">La division Couplings de Kongsberg Automotive est un leader dans la technologie de pointe des raccords pour air comprim\u00e9 pour le march\u00e9 global des v\u00e9hicules industriels.<\/p>\n\n\n\n<p>Nos raccords de haute qualit\u00e9 pour air comprim\u00e9, vendus et distribu\u00e9s sous la marque Raufoss Couplings, r\u00e9pondent aux standards internationaux des syst\u00e8mes de freinage, et sont con\u00e7us et optimis\u00e9s pour \u00eatre conformes aux sp\u00e9cifications et r\u00e9quisitions des constructeurs de v\u00e9hicules industriels.&nbsp;<\/p>\n\n\n\n<p>Le Syst\u00e8me Raufoss ABC de Kongsberg Automotive est con\u00e7u pour garantir une perte de charge minimale et un d\u00e9bit d\u2019air maximal dans le syst\u00e8me \u00e0 air comprim\u00e9, et pour permettre un assemblage s\u00fbr et durable du tube et des raccords de forme, ce qui le rend unique face \u00e0 ses concurrents et lui donne une longueur d\u2019avance par rapport aux lois, normes et sp\u00e9cifications plus rigoureuses futures.&nbsp;&nbsp;&nbsp;<\/p>\n\n\n\n<h2 class=\"is-style-default\">NOS SOLUTIONS<\/h2>\n\n\n\n<p>En utilisant les raccords Raufoss, les clients peuvent chercher et s\u00e9lectionner les solutions correspondant \u00e0 leur contraintes d\u2019encombrement et \u00e0 leurs configurations, dans notre gamme compl\u00e8te de raccords Push-In pour tubes et de pi\u00e8ces de formes.&nbsp;<\/p>\n\n\n\n<p>La large gamme de produits Raufoss ABC offre des propri\u00e9t\u00e9s et des avantages uniques, une tr\u00e8s grande flexibilit\u00e9 ainsi que des solutions techniques personnalis\u00e9es adapt\u00e9es aux r\u00e9quisitions sp\u00e9cifiques.<\/p>\n\n\n\n<p>La solution KArtridge est con\u00e7ue pour une optimisation de l\u2019encombrement et du temps de montage, et cette technologie ouvre des voies nouvelles de d\u00e9veloppement et d\u2019utilisation de connections moul\u00e9es pour un montage automatis\u00e9 par presse des raccords KArtridge.\u00a0\u00a0<\/p>\n\n\n\n<p>Le syst\u00e8me ABC offre une d\u00e9montabilit\u00e9 compl\u00e8te de chaque \u00e9l\u00e9ment individuel, aussi bien entre pi\u00e8ces du syst\u00e8me ABC que entre le tube et les raccords Push-In, ce qui permet de r\u00e9duire les co\u00fbts de maintenance et de r\u00e9paration.<\/p>\n\n\n\n<figure class=\"wp-block-image size-large\"><img loading=\"lazy\" width=\"1024\" height=\"654\" src=\"https:\/\/couplingscatalog.kongsbergautomotive.com\/fr\/wp-content\/uploads\/sites\/2\/2021\/06\/ABC-couplings-1024x654.png\" alt=\"\" class=\"wp-image-5554\" srcset=\"https:\/\/raufoss.stage.webcore.no\/fr\/wp-content\/uploads\/sites\/2\/2021\/06\/ABC-couplings-1024x654.png 1024w, https:\/\/raufoss.stage.webcore.no\/fr\/wp-content\/uploads\/sites\/2\/2021\/06\/ABC-couplings-300x192.png 300w, https:\/\/raufoss.stage.webcore.no\/fr\/wp-content\/uploads\/sites\/2\/2021\/06\/ABC-couplings-768x490.png 768w, https:\/\/raufoss.stage.webcore.no\/fr\/wp-content\/uploads\/sites\/2\/2021\/06\/ABC-couplings-1536x980.png 1536w, https:\/\/raufoss.stage.webcore.no\/fr\/wp-content\/uploads\/sites\/2\/2021\/06\/ABC-couplings-2048x1307.png 2048w, https:\/\/raufoss.stage.webcore.no\/fr\/wp-content\/uploads\/sites\/2\/2021\/06\/ABC-couplings-64x41.png 64w\" sizes=\"(max-width: 1024px) 100vw, 1024px\" \/><\/figure>\n\n\n\n<h2>LES AVANTAGES POUR LES CLIENTS<\/h2>\n\n\n\n<p>Nos solutions de raccords \u00e0 air comprim\u00e9 apportent le meilleur qui soit en termes de haute flexibilit\u00e9, modularit\u00e9 et fonctions de s\u00e9curit\u00e9 int\u00e9gr\u00e9es, facilitant l\u2019enti\u00e8re conformit\u00e9 avec les r\u00e9quisitions de design du syst\u00e8me. Le syst\u00e8me Raufoss ABC est con\u00e7u pour \u00eatre utilis\u00e9 dans les diverses configurations requises, tout en r\u00e9duisant le nombre global de r\u00e9f\u00e9rences n\u00e9cessaires.&nbsp;Les activit\u00e9s de d\u00e9veloppement continues et l\u2019utilisation \u00e9tendue de la technologie polym\u00e8re garantissent la conformit\u00e9 aux exigences actuelles et futures des clients.<\/p>\n\n\n\n<p>Notre \u00e9quipe d\u00e9di\u00e9e et hautement qualifi\u00e9e de sp\u00e9cialistes apporte leurs services d\u2019expertise et leur support technique, afin de fournir des solutions personnalis\u00e9es enti\u00e8rement optimis\u00e9es aussi bien au niveau technique qu\u2019en termes de co\u00fbts \u00e0 chaque client.&nbsp;&nbsp;Elles sont guid\u00e9es \u00e0 la fois par un travail sur des projets innovants que par le souci constant d\u2019\u00e9tendre la gamme de raccords ABC, avec comme objectif d\u2019introduire la prochaine g\u00e9n\u00e9ration du syst\u00e8me de raccords de Kongsberg Automotive.<\/p>\n\n\n\n<p>Une production enti\u00e8rement automatis\u00e9e et des contr\u00f4les qualit\u00e9 \u00e0 chaque \u00e9tape du process sont le garant de solutions \u00e0 la fois rentables, et r\u00e9pondant aux plus hautes exigences de s\u00e9curit\u00e9 pour nos clients.<\/p>\n\n\n\n<p>La ma\u00eetrise de Kongsberg Automotive du fonctionnement des syst\u00e8mes \u00e0 air comprim\u00e9, combin\u00e9e \u00e0 des mat\u00e9riaux uniques et \u00e0 une expertise de fabrication, engendre des produits nouveaux et innovants, contribuant encore davantage aux succ\u00e8s pr\u00e9sents et futurs de nos clients. Chez Kongsberg Automotive, nous sommes engag\u00e9s \u00e0 proposer \u00e0 nos clients un Co\u00fbt Total Install\u00e9 et un Co\u00fbt Total Dur\u00e9e de Vie optimis\u00e9, ce qui induit une augmentation du temps de fonctionnement des v\u00e9hicules et une durabilit\u00e9 accrue pour l\u2019utilisateur final.\u00a0<\/p>\n\n\n\n<h2><strong>UNE PR<\/strong>\u00c9SENCE MONDIALE ACCRUE<\/h2>\n\n\n\n<p>Notre division Couplings accro\u00eet et \u00e9tend ses op\u00e9rations, en passant d\u2019une unit\u00e9 de production unique&nbsp;&nbsp;\u00e0 une pr\u00e9sence globale sur tous les continents, engag\u00e9e \u00e0 servir l\u2019industrie du v\u00e9hicule commercial dans le monde entier.&nbsp;<\/p>\n\n\n\n<p>En 2020, la division Couplings de Kongsberg Automotive a augment\u00e9 ses parts de march\u00e9 en Asie, en Europe et en Am\u00e9rique (Nord et Sud). La demande globale du march\u00e9 des v\u00e9hicules pour nos raccords augmente consid\u00e9rablement, du fait de leurs nombreux avantages&nbsp;: r\u00e9duction de poids, assemblage plus facile, flexibilit\u00e9 et fonctionnalit\u00e9 accrues, s\u00e9curit\u00e9 int\u00e9gr\u00e9e, nombreux tests et validations au cours du process de production.&nbsp;<\/p>\n\n\n\n<p>Les raccords innovants et uniques pour air comprim\u00e9 de Kongsberg Automotive sont disponibles sur un site de vente pr\u00e8s de chez vous!<\/p>\n\n\n\n<div style=\"height:60px\" aria-hidden=\"true\" class=\"wp-block-spacer\"><\/div>\n\n\n\n<figure class=\"wp-block-embed alignfull is-type-video is-provider-vimeo wp-block-embed-vimeo wp-embed-aspect-16-9 wp-has-aspect-ratio\"><div class=\"wp-block-embed__wrapper\">\n<iframe loading=\"lazy\" title=\"Raufoss&amp;trade; Couplings ABC film\" src=\"https:\/\/player.vimeo.com\/video\/162885286?dnt=1&amp;app_id=122963\" width=\"500\" height=\"281\" frameborder=\"0\" allow=\"autoplay; fullscreen; picture-in-picture\" allowfullscreen><\/iframe>\n<\/div><\/figure>\n","protected":false},"excerpt":{"rendered":"<p>RAUFOSS COUPLINGS La division Couplings de Kongsberg Automotive est un leader dans la technologie de pointe des raccords pour air comprim\u00e9 pour le march\u00e9 global des v\u00e9hicules industriels. Nos raccords de haute qualit\u00e9 pour air comprim\u00e9, vendus et distribu\u00e9s sous la marque Raufoss Couplings, r\u00e9pondent aux standards internationaux des syst\u00e8mes de freinage, et sont con\u00e7us &hellip; <a href=\"https:\/\/raufoss.stage.webcore.no\/fr\/about-us\/\">Continued<\/a><\/p>\n","protected":false},"author":2,"featured_media":0,"parent":0,"menu_order":0,"comment_status":"closed","ping_status":"closed","template":"","meta":[],"acf":[],"_links":{"self":[{"href":"https:\/\/raufoss.stage.webcore.no\/fr\/wp-json\/wp\/v2\/pages\/580"}],"collection":[{"href":"https:\/\/raufoss.stage.webcore.no\/fr\/wp-json\/wp\/v2\/pages"}],"about":[{"href":"https:\/\/raufoss.stage.webcore.no\/fr\/wp-json\/wp\/v2\/types\/page"}],"author":[{"embeddable":true,"href":"https:\/\/raufoss.stage.webcore.no\/fr\/wp-json\/wp\/v2\/users\/2"}],"replies":[{"embeddable":true,"href":"https:\/\/raufoss.stage.webcore.no\/fr\/wp-json\/wp\/v2\/comments?post=580"}],"version-history":[{"count":11,"href":"https:\/\/raufoss.stage.webcore.no\/fr\/wp-json\/wp\/v2\/pages\/580\/revisions"}],"predecessor-version":[{"id":7857,"href":"https:\/\/raufoss.stage.webcore.no\/fr\/wp-json\/wp\/v2\/pages\/580\/revisions\/7857"}],"wp:attachment":[{"href":"https:\/\/raufoss.stage.webcore.no\/fr\/wp-json\/wp\/v2\/media?parent=580"}],"curies":[{"name":"wp","href":"https:\/\/api.w.org\/{rel}","templated":true}]}}