{"id":7546,"date":"2021-06-15T10:54:09","date_gmt":"2021-06-15T08:54:09","guid":{"rendered":"https:\/\/couplingscatalog.kongsbergautomotive.com\/fr\/product\/passe-cloison-avec-contre-ecrou-et-joints\/"},"modified":"2021-06-25T12:21:38","modified_gmt":"2021-06-25T10:21:38","slug":"passe-cloison-avec-contre-ecrou-et-joints","status":"publish","type":"product","link":"https:\/\/raufoss.stage.webcore.no\/fr\/product\/passe-cloison-avec-contre-ecrou-et-joints\/","title":{"rendered":"PASSE-CLOISON, AVEC CONTRE-\u00c9CROU ET JOINTS"},"content":{"rendered":"","protected":false},"excerpt":{"rendered":"<p><span style=\"text-decoration: underline\">Remarque:<\/span><\/p>\n<p>La r\u00e9f\u00e9rence 623 7857 est la nouvelle r\u00e9f\u00e9rence qui va remplacer la r\u00e9f\u00e9rence 623 7834.<\/p>\n","protected":false},"featured_media":7544,"template":"","meta":[],"product_cat":[37,39],"product_tag":[],"acf":[],"_links":{"self":[{"href":"https:\/\/raufoss.stage.webcore.no\/fr\/wp-json\/wp\/v2\/product\/7546"}],"collection":[{"href":"https:\/\/raufoss.stage.webcore.no\/fr\/wp-json\/wp\/v2\/product"}],"about":[{"href":"https:\/\/raufoss.stage.webcore.no\/fr\/wp-json\/wp\/v2\/types\/product"}],"wp:featuredmedia":[{"embeddable":true,"href":"https:\/\/raufoss.stage.webcore.no\/fr\/wp-json\/wp\/v2\/media\/7544"}],"wp:attachment":[{"href":"https:\/\/raufoss.stage.webcore.no\/fr\/wp-json\/wp\/v2\/media?parent=7546"}],"wp:term":[{"taxonomy":"product_cat","embeddable":true,"href":"https:\/\/raufoss.stage.webcore.no\/fr\/wp-json\/wp\/v2\/product_cat?post=7546"},{"taxonomy":"product_tag","embeddable":true,"href":"https:\/\/raufoss.stage.webcore.no\/fr\/wp-json\/wp\/v2\/product_tag?post=7546"}],"curies":[{"name":"wp","href":"https:\/\/api.w.org\/{rel}","templated":true}]}}