{"id":1943,"date":"2021-03-12T10:53:36","date_gmt":"2021-03-12T09:53:36","guid":{"rendered":"http:\/\/work.localhost\/raufosscouplings\/?page_id=1943"},"modified":"2021-06-11T11:48:11","modified_gmt":"2021-06-11T09:48:11","slug":"instructions","status":"publish","type":"page","link":"https:\/\/raufoss.stage.webcore.no\/it\/instructions\/","title":{"rendered":"ISTRUZIONI"},"content":{"rendered":"\n<h1 class=\"is-style-default\">ISTRUZIONI DI MONTAGGIO<\/h1>\n\n\n\n<h1 class=\"is-style-alt\">E PER\u00a0L\u2018ASSISTENZA<\/h1>\n\n\n\n<h2>ISTRUZIONI DI MONTAGGIO<\/h2>\n\n\n\n    <div class=\"wp-block-page-links alignwide\">\n        <div class=\"wp-block-page-links__inner-container\">\n            <a href=\"https:\/\/raufoss.stage.webcore.no\/it\/instructions\/filettatura-metrica\/\"><span><svg width=\"37\" height=\"69\" viewBox=\"0 0 37 69\" version=\"1.1\" xmlns=\"http:\/\/www.w3.org\/2000\/svg\"><path d=\"M16.7.532H.872a.5.5 0 00-.431.752l19.424 33.161a.5.5 0 010 .506L.441 68.11a.5.5 0 00.431.754H16.7a.5.5 0 00.431-.248L36.852 34.95a.5.5 0 000-.506L17.132.78A.5.5 0 0016.7.532z\" fill=\"#FFF\" fill-rule=\"evenodd\"\/><\/svg><\/span>FILETTATURA METRICA<\/a><a href=\"https:\/\/raufoss.stage.webcore.no\/it\/instructions\/sedi-coniche\/\"><span><svg width=\"37\" height=\"69\" viewBox=\"0 0 37 69\" version=\"1.1\" xmlns=\"http:\/\/www.w3.org\/2000\/svg\"><path d=\"M16.7.532H.872a.5.5 0 00-.431.752l19.424 33.161a.5.5 0 010 .506L.441 68.11a.5.5 0 00.431.754H16.7a.5.5 0 00.431-.248L36.852 34.95a.5.5 0 000-.506L17.132.78A.5.5 0 0016.7.532z\" fill=\"#FFF\" fill-rule=\"evenodd\"\/><\/svg><\/span>SEDI CONICHE<\/a><a href=\"https:\/\/raufoss.stage.webcore.no\/it\/instructions\/montaggio-del-tubo\/\"><span><svg width=\"37\" height=\"69\" viewBox=\"0 0 37 69\" version=\"1.1\" xmlns=\"http:\/\/www.w3.org\/2000\/svg\"><path d=\"M16.7.532H.872a.5.5 0 00-.431.752l19.424 33.161a.5.5 0 010 .506L.441 68.11a.5.5 0 00.431.754H16.7a.5.5 0 00.431-.248L36.852 34.95a.5.5 0 000-.506L17.132.78A.5.5 0 0016.7.532z\" fill=\"#FFF\" fill-rule=\"evenodd\"\/><\/svg><\/span>MONTAGGIO DEL TUBO<\/a><a href=\"https:\/\/raufoss.stage.webcore.no\/it\/instructions\/montaggio-del-sistema-di-raccordi-abc\/\"><span><svg width=\"37\" height=\"69\" viewBox=\"0 0 37 69\" version=\"1.1\" xmlns=\"http:\/\/www.w3.org\/2000\/svg\"><path d=\"M16.7.532H.872a.5.5 0 00-.431.752l19.424 33.161a.5.5 0 010 .506L.441 68.11a.5.5 0 00.431.754H16.7a.5.5 0 00.431-.248L36.852 34.95a.5.5 0 000-.506L17.132.78A.5.5 0 0016.7.532z\" fill=\"#FFF\" fill-rule=\"evenodd\"\/><\/svg><\/span>MONTAGGIO DEL SISTEMA DI RACCORDI ABC<\/a><a href=\"https:\/\/raufoss.stage.webcore.no\/it\/instructions\/montaggio-del-rotolock\/\"><span><svg width=\"37\" height=\"69\" viewBox=\"0 0 37 69\" version=\"1.1\" xmlns=\"http:\/\/www.w3.org\/2000\/svg\"><path d=\"M16.7.532H.872a.5.5 0 00-.431.752l19.424 33.161a.5.5 0 010 .506L.441 68.11a.5.5 0 00.431.754H16.7a.5.5 0 00.431-.248L36.852 34.95a.5.5 0 000-.506L17.132.78A.5.5 0 0016.7.532z\" fill=\"#FFF\" fill-rule=\"evenodd\"\/><\/svg><\/span>MONTAGGIO DEL ROTOLOCK<\/a>        <\/div>\n    <\/div>\n\n\n\n<div style=\"height:100px\" aria-hidden=\"true\" class=\"wp-block-spacer\"><\/div>\n\n\n\n<h2><strong>ISTRUZIONI\u00a0PER\u00a0L\u2018ASSISTENZA<\/strong><\/h2>\n\n\n\n<p class=\"is-style-default\">Leggere le seguenti istruzioni per la sicurezza personale e l\u2019uso sicuro dei raccordi, come parte del sistema frenante, per evitare di perdere la funzione del freno. Per il rilascio dei tubi dai raccordi Raufoss ABC devono essere utilizzati solo attrezzi originali Raufoss ABC Release. L&#8217;uso di metodi, strumenti o apparecchiature diversi da quelli indicati in questo manuale \u00e8 considerato un uso improprio dei prodotti e invalider\u00e0 la garanzia del prodotto. KA non si assume alcuna responsabilit\u00e0 per eventuali guasti che avvengono a seguito di un uso improprio o di un&#8217;errata applicazione dei prodotti. <\/p>\n\n\n\n<p class=\"is-style-default\">Con l\u2019impiego del sistema Raufoss ABC, \u00e8 possibile sostituire valvole, serbatoi, ecc, semplicemente smontando il tubo dal raccordo.<\/p>\n\n\n\n<div style=\"height:60px\" aria-hidden=\"true\" class=\"wp-block-spacer\"><\/div>\n\n\n\n<h3>PRIMA DI EFFETUARE QUESTA OPERAZIONE:<\/h3>\n\n\n\n<ul class=\"wp-block-list\"><li>Scaricare completamente l\u2019impianto pneumatico.<\/li><li>Garantire il miglior accesso possibile al tubo rimuovendo eventuali fascette o altro<\/li><li>Rulire L&#8217;imboccatura del tubo<\/li><li>Rulire L&#8217;area di innesto dei raccordi multipli<\/li><li>Assicurarsi che nessuna impurit\u00e0 venga spinta all&#8217;interno del tubo, del raccordo, della sede valvola.<\/li><\/ul>\n\n\n\n<div style=\"height:40px\" aria-hidden=\"true\" class=\"wp-block-spacer\"><\/div>\n\n\n\n    <div class=\"wp-block-page-links alignwide\">\n        <div class=\"wp-block-page-links__inner-container\">\n            <a href=\"https:\/\/raufoss.stage.webcore.no\/it\/instructions\/release-of-building-block\/\"><span><svg width=\"37\" height=\"69\" viewBox=\"0 0 37 69\" version=\"1.1\" xmlns=\"http:\/\/www.w3.org\/2000\/svg\"><path d=\"M16.7.532H.872a.5.5 0 00-.431.752l19.424 33.161a.5.5 0 010 .506L.441 68.11a.5.5 0 00.431.754H16.7a.5.5 0 00.431-.248L36.852 34.95a.5.5 0 000-.506L17.132.78A.5.5 0 0016.7.532z\" fill=\"#FFF\" fill-rule=\"evenodd\"\/><\/svg><\/span>ISTRUZIONI PER LO SMONTAGGIO<\/a><a href=\"https:\/\/raufoss.stage.webcore.no\/it\/instructions\/uso-dellutensile-di-sgancio-del-tubo\/\"><span><svg width=\"37\" height=\"69\" viewBox=\"0 0 37 69\" version=\"1.1\" xmlns=\"http:\/\/www.w3.org\/2000\/svg\"><path d=\"M16.7.532H.872a.5.5 0 00-.431.752l19.424 33.161a.5.5 0 010 .506L.441 68.11a.5.5 0 00.431.754H16.7a.5.5 0 00.431-.248L36.852 34.95a.5.5 0 000-.506L17.132.78A.5.5 0 0016.7.532z\" fill=\"#FFF\" fill-rule=\"evenodd\"\/><\/svg><\/span>USO DELL\u2019UTENSILE DI SGANCIO DEL TUBO<\/a>        <\/div>\n    <\/div>\n\n\n\n<div style=\"height:60px\" aria-hidden=\"true\" class=\"wp-block-spacer\"><\/div>\n\n\n\n<h2>SCOPRI DI PI\u00d9 SUL SISTEMA ABC\u2122<\/h2>\n\n\n\n<p class=\"is-style-with-chevron\">Per maggiori informazioni sui nostri prodotti e proposte di montaggio, visita la nostra pagina per informazioni generali.<br><a href=\"https:\/\/couplingscatalog.kongsbergautomotive.com\/it\/informazioni-generali\/\" data-type=\"page\" data-id=\"4383\">Informazioni Generali<\/a><\/p>\n\n\n\n<div style=\"height:60px\" aria-hidden=\"true\" class=\"wp-block-spacer\"><\/div>\n\n\n\n<h2>ESEMPI DI MONTAGGIO<\/h2>\n\n\n    <div class=\"wp-block-product-images alignwide\">\n        <div class=\"wp-block-product-images__inner-container columns-3\">\n            <div class=\"product-image\"><h3>RACCORDO A L CON PRESA PRESSIONE<\/h3><img width=\"768\" height=\"478\" src=\"https:\/\/raufoss.stage.webcore.no\/it\/wp-content\/uploads\/sites\/3\/2021\/04\/01_Reg_Swivel-TogL-TestpointThreadless-768x478.jpg\" class=\"attachment-medium_large size-medium_large\" alt=\"\" loading=\"lazy\" srcset=\"https:\/\/raufoss.stage.webcore.no\/it\/wp-content\/uploads\/sites\/3\/2021\/04\/01_Reg_Swivel-TogL-TestpointThreadless-768x478.jpg 768w, https:\/\/raufoss.stage.webcore.no\/it\/wp-content\/uploads\/sites\/3\/2021\/04\/01_Reg_Swivel-TogL-TestpointThreadless-300x187.jpg 300w, https:\/\/raufoss.stage.webcore.no\/it\/wp-content\/uploads\/sites\/3\/2021\/04\/01_Reg_Swivel-TogL-TestpointThreadless-1024x637.jpg 1024w, https:\/\/raufoss.stage.webcore.no\/it\/wp-content\/uploads\/sites\/3\/2021\/04\/01_Reg_Swivel-TogL-TestpointThreadless-1536x955.jpg 1536w, https:\/\/raufoss.stage.webcore.no\/it\/wp-content\/uploads\/sites\/3\/2021\/04\/01_Reg_Swivel-TogL-TestpointThreadless-64x40.jpg 64w, https:\/\/raufoss.stage.webcore.no\/it\/wp-content\/uploads\/sites\/3\/2021\/04\/01_Reg_Swivel-TogL-TestpointThreadless.jpg 1552w\" sizes=\"(max-width: 768px) 100vw, 768px\" \/><\/div><div class=\"product-image\"><h3>RACCORDO A 90\u00b0 CON ROTOLOCK<\/h3><img width=\"768\" height=\"465\" src=\"https:\/\/raufoss.stage.webcore.no\/it\/wp-content\/uploads\/sites\/3\/2021\/04\/02_SwivelIntegral-768x465.jpg\" class=\"attachment-medium_large size-medium_large\" alt=\"\" loading=\"lazy\" srcset=\"https:\/\/raufoss.stage.webcore.no\/it\/wp-content\/uploads\/sites\/3\/2021\/04\/02_SwivelIntegral-768x465.jpg 768w, https:\/\/raufoss.stage.webcore.no\/it\/wp-content\/uploads\/sites\/3\/2021\/04\/02_SwivelIntegral-300x182.jpg 300w, https:\/\/raufoss.stage.webcore.no\/it\/wp-content\/uploads\/sites\/3\/2021\/04\/02_SwivelIntegral-1024x620.jpg 1024w, https:\/\/raufoss.stage.webcore.no\/it\/wp-content\/uploads\/sites\/3\/2021\/04\/02_SwivelIntegral-1536x930.jpg 1536w, https:\/\/raufoss.stage.webcore.no\/it\/wp-content\/uploads\/sites\/3\/2021\/04\/02_SwivelIntegral-64x39.jpg 64w, https:\/\/raufoss.stage.webcore.no\/it\/wp-content\/uploads\/sites\/3\/2021\/04\/02_SwivelIntegral.jpg 1594w\" sizes=\"(max-width: 768px) 100vw, 768px\" \/><\/div><div class=\"product-image\"><h3>RACCORDO A T<\/h3><img width=\"768\" height=\"478\" src=\"https:\/\/raufoss.stage.webcore.no\/it\/wp-content\/uploads\/sites\/3\/2021\/04\/03_Reg_SwivelTogL2xThreadless-768x478.jpg\" class=\"attachment-medium_large size-medium_large\" alt=\"\" loading=\"lazy\" srcset=\"https:\/\/raufoss.stage.webcore.no\/it\/wp-content\/uploads\/sites\/3\/2021\/04\/03_Reg_SwivelTogL2xThreadless-768x478.jpg 768w, https:\/\/raufoss.stage.webcore.no\/it\/wp-content\/uploads\/sites\/3\/2021\/04\/03_Reg_SwivelTogL2xThreadless-300x187.jpg 300w, https:\/\/raufoss.stage.webcore.no\/it\/wp-content\/uploads\/sites\/3\/2021\/04\/03_Reg_SwivelTogL2xThreadless-1024x637.jpg 1024w, https:\/\/raufoss.stage.webcore.no\/it\/wp-content\/uploads\/sites\/3\/2021\/04\/03_Reg_SwivelTogL2xThreadless-1536x955.jpg 1536w, https:\/\/raufoss.stage.webcore.no\/it\/wp-content\/uploads\/sites\/3\/2021\/04\/03_Reg_SwivelTogL2xThreadless-64x40.jpg 64w, https:\/\/raufoss.stage.webcore.no\/it\/wp-content\/uploads\/sites\/3\/2021\/04\/03_Reg_SwivelTogL2xThreadless.jpg 1552w\" sizes=\"(max-width: 768px) 100vw, 768px\" \/><\/div><div class=\"product-image\"><h3>RACCORDO A L<\/h3><img width=\"768\" height=\"478\" src=\"https:\/\/raufoss.stage.webcore.no\/it\/wp-content\/uploads\/sites\/3\/2021\/04\/04_HD_SwivelTogL2xThreadless-768x478.jpg\" class=\"attachment-medium_large size-medium_large\" alt=\"\" loading=\"lazy\" srcset=\"https:\/\/raufoss.stage.webcore.no\/it\/wp-content\/uploads\/sites\/3\/2021\/04\/04_HD_SwivelTogL2xThreadless-768x478.jpg 768w, https:\/\/raufoss.stage.webcore.no\/it\/wp-content\/uploads\/sites\/3\/2021\/04\/04_HD_SwivelTogL2xThreadless-300x187.jpg 300w, https:\/\/raufoss.stage.webcore.no\/it\/wp-content\/uploads\/sites\/3\/2021\/04\/04_HD_SwivelTogL2xThreadless-1024x637.jpg 1024w, https:\/\/raufoss.stage.webcore.no\/it\/wp-content\/uploads\/sites\/3\/2021\/04\/04_HD_SwivelTogL2xThreadless-1536x955.jpg 1536w, https:\/\/raufoss.stage.webcore.no\/it\/wp-content\/uploads\/sites\/3\/2021\/04\/04_HD_SwivelTogL2xThreadless-64x40.jpg 64w, https:\/\/raufoss.stage.webcore.no\/it\/wp-content\/uploads\/sites\/3\/2021\/04\/04_HD_SwivelTogL2xThreadless.jpg 1552w\" sizes=\"(max-width: 768px) 100vw, 768px\" \/><\/div><div class=\"product-image\"><h3>PASSAPARETE CON 90\u00b0<\/h3><img width=\"768\" height=\"604\" src=\"https:\/\/raufoss.stage.webcore.no\/it\/wp-content\/uploads\/sites\/3\/2021\/04\/Bulkhead-with-integral-coupling-768x604.jpg\" class=\"attachment-medium_large size-medium_large\" alt=\"\" loading=\"lazy\" srcset=\"https:\/\/raufoss.stage.webcore.no\/it\/wp-content\/uploads\/sites\/3\/2021\/04\/Bulkhead-with-integral-coupling-768x604.jpg 768w, https:\/\/raufoss.stage.webcore.no\/it\/wp-content\/uploads\/sites\/3\/2021\/04\/Bulkhead-with-integral-coupling-300x236.jpg 300w, https:\/\/raufoss.stage.webcore.no\/it\/wp-content\/uploads\/sites\/3\/2021\/04\/Bulkhead-with-integral-coupling-1024x805.jpg 1024w, https:\/\/raufoss.stage.webcore.no\/it\/wp-content\/uploads\/sites\/3\/2021\/04\/Bulkhead-with-integral-coupling-64x50.jpg 64w, https:\/\/raufoss.stage.webcore.no\/it\/wp-content\/uploads\/sites\/3\/2021\/04\/Bulkhead-with-integral-coupling.jpg 1066w\" sizes=\"(max-width: 768px) 100vw, 768px\" \/><\/div><div class=\"product-image\"><h3>RACCORDO A F<\/h3><img width=\"768\" height=\"478\" src=\"https:\/\/raufoss.stage.webcore.no\/it\/wp-content\/uploads\/sites\/3\/2021\/04\/06_Reg_Swivel-F-TestpointThreadl-768x478.jpg\" class=\"attachment-medium_large size-medium_large\" alt=\"\" loading=\"lazy\" srcset=\"https:\/\/raufoss.stage.webcore.no\/it\/wp-content\/uploads\/sites\/3\/2021\/04\/06_Reg_Swivel-F-TestpointThreadl-768x478.jpg 768w, https:\/\/raufoss.stage.webcore.no\/it\/wp-content\/uploads\/sites\/3\/2021\/04\/06_Reg_Swivel-F-TestpointThreadl-300x187.jpg 300w, https:\/\/raufoss.stage.webcore.no\/it\/wp-content\/uploads\/sites\/3\/2021\/04\/06_Reg_Swivel-F-TestpointThreadl-1024x637.jpg 1024w, https:\/\/raufoss.stage.webcore.no\/it\/wp-content\/uploads\/sites\/3\/2021\/04\/06_Reg_Swivel-F-TestpointThreadl-1536x955.jpg 1536w, https:\/\/raufoss.stage.webcore.no\/it\/wp-content\/uploads\/sites\/3\/2021\/04\/06_Reg_Swivel-F-TestpointThreadl-64x40.jpg 64w, https:\/\/raufoss.stage.webcore.no\/it\/wp-content\/uploads\/sites\/3\/2021\/04\/06_Reg_Swivel-F-TestpointThreadl.jpg 1552w\" sizes=\"(max-width: 768px) 100vw, 768px\" \/><\/div><div class=\"product-image\"><h3>RIDUZIONE<\/h3><img width=\"768\" height=\"478\" src=\"https:\/\/raufoss.stage.webcore.no\/it\/wp-content\/uploads\/sites\/3\/2021\/04\/Reducer-768x478.jpg\" class=\"attachment-medium_large size-medium_large\" alt=\"\" loading=\"lazy\" srcset=\"https:\/\/raufoss.stage.webcore.no\/it\/wp-content\/uploads\/sites\/3\/2021\/04\/Reducer-768x478.jpg 768w, https:\/\/raufoss.stage.webcore.no\/it\/wp-content\/uploads\/sites\/3\/2021\/04\/Reducer-300x187.jpg 300w, https:\/\/raufoss.stage.webcore.no\/it\/wp-content\/uploads\/sites\/3\/2021\/04\/Reducer-1024x637.jpg 1024w, https:\/\/raufoss.stage.webcore.no\/it\/wp-content\/uploads\/sites\/3\/2021\/04\/Reducer-1536x955.jpg 1536w, https:\/\/raufoss.stage.webcore.no\/it\/wp-content\/uploads\/sites\/3\/2021\/04\/Reducer-64x40.jpg 64w, https:\/\/raufoss.stage.webcore.no\/it\/wp-content\/uploads\/sites\/3\/2021\/04\/Reducer.jpg 1552w\" sizes=\"(max-width: 768px) 100vw, 768px\" \/><\/div><div class=\"product-image\"><h3>RACCORDO A CROCE CON RIDUZIONE<\/h3><img width=\"768\" height=\"577\" src=\"https:\/\/raufoss.stage.webcore.no\/it\/wp-content\/uploads\/sites\/3\/2021\/04\/4_Way_Cross_with_Reducer-768x577.jpg\" class=\"attachment-medium_large size-medium_large\" alt=\"\" loading=\"lazy\" srcset=\"https:\/\/raufoss.stage.webcore.no\/it\/wp-content\/uploads\/sites\/3\/2021\/04\/4_Way_Cross_with_Reducer-768x577.jpg 768w, https:\/\/raufoss.stage.webcore.no\/it\/wp-content\/uploads\/sites\/3\/2021\/04\/4_Way_Cross_with_Reducer-300x225.jpg 300w, https:\/\/raufoss.stage.webcore.no\/it\/wp-content\/uploads\/sites\/3\/2021\/04\/4_Way_Cross_with_Reducer-1024x769.jpg 1024w, https:\/\/raufoss.stage.webcore.no\/it\/wp-content\/uploads\/sites\/3\/2021\/04\/4_Way_Cross_with_Reducer-600x450.jpg 600w, https:\/\/raufoss.stage.webcore.no\/it\/wp-content\/uploads\/sites\/3\/2021\/04\/4_Way_Cross_with_Reducer-64x48.jpg 64w, https:\/\/raufoss.stage.webcore.no\/it\/wp-content\/uploads\/sites\/3\/2021\/04\/4_Way_Cross_with_Reducer.jpg 1051w\" sizes=\"(max-width: 768px) 100vw, 768px\" \/><\/div><div class=\"product-image\"><h3>UNIONE DI RACCORDI A CROCE<\/h3><img width=\"768\" height=\"478\" src=\"https:\/\/raufoss.stage.webcore.no\/it\/wp-content\/uploads\/sites\/3\/2021\/04\/4-way-union-couplings-768x478.jpg\" class=\"attachment-medium_large size-medium_large\" alt=\"\" loading=\"lazy\" srcset=\"https:\/\/raufoss.stage.webcore.no\/it\/wp-content\/uploads\/sites\/3\/2021\/04\/4-way-union-couplings-768x478.jpg 768w, https:\/\/raufoss.stage.webcore.no\/it\/wp-content\/uploads\/sites\/3\/2021\/04\/4-way-union-couplings-300x187.jpg 300w, https:\/\/raufoss.stage.webcore.no\/it\/wp-content\/uploads\/sites\/3\/2021\/04\/4-way-union-couplings-1024x637.jpg 1024w, https:\/\/raufoss.stage.webcore.no\/it\/wp-content\/uploads\/sites\/3\/2021\/04\/4-way-union-couplings-1536x955.jpg 1536w, https:\/\/raufoss.stage.webcore.no\/it\/wp-content\/uploads\/sites\/3\/2021\/04\/4-way-union-couplings-64x40.jpg 64w, https:\/\/raufoss.stage.webcore.no\/it\/wp-content\/uploads\/sites\/3\/2021\/04\/4-way-union-couplings.jpg 1552w\" sizes=\"(max-width: 768px) 100vw, 768px\" \/><\/div><div class=\"product-image\"><h3>RACCORDI VARI<\/h3><img width=\"768\" height=\"478\" src=\"https:\/\/raufoss.stage.webcore.no\/it\/wp-content\/uploads\/sites\/3\/2021\/04\/10_Reg_Swi-TogL-Union-Y-Threadl-768x478.jpg\" class=\"attachment-medium_large size-medium_large\" alt=\"\" loading=\"lazy\" srcset=\"https:\/\/raufoss.stage.webcore.no\/it\/wp-content\/uploads\/sites\/3\/2021\/04\/10_Reg_Swi-TogL-Union-Y-Threadl-768x478.jpg 768w, https:\/\/raufoss.stage.webcore.no\/it\/wp-content\/uploads\/sites\/3\/2021\/04\/10_Reg_Swi-TogL-Union-Y-Threadl-300x187.jpg 300w, https:\/\/raufoss.stage.webcore.no\/it\/wp-content\/uploads\/sites\/3\/2021\/04\/10_Reg_Swi-TogL-Union-Y-Threadl-1024x637.jpg 1024w, https:\/\/raufoss.stage.webcore.no\/it\/wp-content\/uploads\/sites\/3\/2021\/04\/10_Reg_Swi-TogL-Union-Y-Threadl-1536x955.jpg 1536w, https:\/\/raufoss.stage.webcore.no\/it\/wp-content\/uploads\/sites\/3\/2021\/04\/10_Reg_Swi-TogL-Union-Y-Threadl-64x40.jpg 64w, https:\/\/raufoss.stage.webcore.no\/it\/wp-content\/uploads\/sites\/3\/2021\/04\/10_Reg_Swi-TogL-Union-Y-Threadl.jpg 1552w\" sizes=\"(max-width: 768px) 100vw, 768px\" \/><\/div>        <\/div>\n    <\/div>\n","protected":false},"excerpt":{"rendered":"<p>ISTRUZIONI DI MONTAGGIO E PER\u00a0L\u2018ASSISTENZA ISTRUZIONI DI MONTAGGIO ISTRUZIONI\u00a0PER\u00a0L\u2018ASSISTENZA Leggere le seguenti istruzioni per la sicurezza personale e l\u2019uso sicuro dei raccordi, come parte del sistema frenante, per evitare di perdere la funzione del freno. Per il rilascio dei tubi dai raccordi Raufoss ABC devono essere utilizzati solo attrezzi originali Raufoss ABC Release. L&#8217;uso di &hellip; <a href=\"https:\/\/raufoss.stage.webcore.no\/it\/instructions\/\">Continued<\/a><\/p>\n","protected":false},"author":2,"featured_media":0,"parent":0,"menu_order":0,"comment_status":"closed","ping_status":"closed","template":"","meta":[],"acf":[],"_links":{"self":[{"href":"https:\/\/raufoss.stage.webcore.no\/it\/wp-json\/wp\/v2\/pages\/1943"}],"collection":[{"href":"https:\/\/raufoss.stage.webcore.no\/it\/wp-json\/wp\/v2\/pages"}],"about":[{"href":"https:\/\/raufoss.stage.webcore.no\/it\/wp-json\/wp\/v2\/types\/page"}],"author":[{"embeddable":true,"href":"https:\/\/raufoss.stage.webcore.no\/it\/wp-json\/wp\/v2\/users\/2"}],"replies":[{"embeddable":true,"href":"https:\/\/raufoss.stage.webcore.no\/it\/wp-json\/wp\/v2\/comments?post=1943"}],"version-history":[{"count":7,"href":"https:\/\/raufoss.stage.webcore.no\/it\/wp-json\/wp\/v2\/pages\/1943\/revisions"}],"predecessor-version":[{"id":5734,"href":"https:\/\/raufoss.stage.webcore.no\/it\/wp-json\/wp\/v2\/pages\/1943\/revisions\/5734"}],"wp:attachment":[{"href":"https:\/\/raufoss.stage.webcore.no\/it\/wp-json\/wp\/v2\/media?parent=1943"}],"curies":[{"name":"wp","href":"https:\/\/api.w.org\/{rel}","templated":true}]}}