{"id":1982,"date":"2021-03-12T12:17:17","date_gmt":"2021-03-12T12:17:17","guid":{"rendered":"http:\/\/work.localhost\/raufosscouplings\/?page_id=1982"},"modified":"2021-05-10T16:35:00","modified_gmt":"2021-05-10T14:35:00","slug":"uso-dellutensile-di-sgancio-del-tubo","status":"publish","type":"page","link":"https:\/\/raufoss.stage.webcore.no\/it\/instructions\/uso-dellutensile-di-sgancio-del-tubo\/","title":{"rendered":"USO DELL\u2019UTENSILE DI SGANCIO DEL TUBO"},"content":{"rendered":"\n<h1><strong>USO DELL\u2019UTENSILE DI SGANCIO DEL TUBO<\/strong><\/h1>\n\n\n\n<h1 class=\"is-style-alt\">ISTRUZIONI PER LA SOSTITUZIONE<\/h1>\n\n\n\n<p>Utilizzare solo strumenti di rilascio originali forniti da KA. Non inserire mai altre parti o apparecchiature nel giunto.<\/p>\n\n\n\n<p>1. Verificare l\u2019integrit\u00e0 dell\u2019utensile. Sostituirlo se danneggiato.<\/p>\n\n\n    <div class=\"wp-block-product-images \">\n        <div class=\"wp-block-product-images__inner-container columns-3\">\n            <div class=\"product-image\"><h3>1<\/h3><img width=\"768\" height=\"596\" src=\"https:\/\/raufoss.stage.webcore.no\/it\/wp-content\/uploads\/sites\/3\/2021\/04\/New-Line-tube-release-picture_1-768x596.png\" class=\"attachment-medium_large size-medium_large\" alt=\"\" loading=\"lazy\" srcset=\"https:\/\/raufoss.stage.webcore.no\/it\/wp-content\/uploads\/sites\/3\/2021\/04\/New-Line-tube-release-picture_1-768x596.png 768w, https:\/\/raufoss.stage.webcore.no\/it\/wp-content\/uploads\/sites\/3\/2021\/04\/New-Line-tube-release-picture_1-300x233.png 300w, https:\/\/raufoss.stage.webcore.no\/it\/wp-content\/uploads\/sites\/3\/2021\/04\/New-Line-tube-release-picture_1-1024x794.png 1024w, https:\/\/raufoss.stage.webcore.no\/it\/wp-content\/uploads\/sites\/3\/2021\/04\/New-Line-tube-release-picture_1-64x50.png 64w, https:\/\/raufoss.stage.webcore.no\/it\/wp-content\/uploads\/sites\/3\/2021\/04\/New-Line-tube-release-picture_1.png 1106w\" sizes=\"(max-width: 768px) 100vw, 768px\" \/><\/div>        <\/div>\n    <\/div>\n\n\n\n<p>2. Ruotandolo, premere il tubo verso il raccordo.<\/p>\n\n\n\n<p>3. Dilatare l\u2019utensile premendo sulle apposite alette.<\/p>\n\n\n\n<p>4. Calzare l\u2019utensile sul tubo (lato sottile verso il raccordo) assicurandosi che esso sia aderente al tubo.<\/p>\n\n\n    <div class=\"wp-block-product-images \">\n        <div class=\"wp-block-product-images__inner-container columns-3\">\n            <div class=\"product-image\"><h3>2 \/ 3 \/ 4<\/h3><img width=\"768\" height=\"793\" src=\"https:\/\/raufoss.stage.webcore.no\/it\/wp-content\/uploads\/sites\/3\/2021\/04\/picture-64-katalog-768x793.png\" class=\"attachment-medium_large size-medium_large\" alt=\"\" loading=\"lazy\" srcset=\"https:\/\/raufoss.stage.webcore.no\/it\/wp-content\/uploads\/sites\/3\/2021\/04\/picture-64-katalog-768x793.png 768w, https:\/\/raufoss.stage.webcore.no\/it\/wp-content\/uploads\/sites\/3\/2021\/04\/picture-64-katalog-291x300.png 291w, https:\/\/raufoss.stage.webcore.no\/it\/wp-content\/uploads\/sites\/3\/2021\/04\/picture-64-katalog-64x66.png 64w, https:\/\/raufoss.stage.webcore.no\/it\/wp-content\/uploads\/sites\/3\/2021\/04\/picture-64-katalog.png 782w\" sizes=\"(max-width: 768px) 100vw, 768px\" \/><\/div><div class=\"product-image\"><h3>&nbsp;<\/h3><img width=\"768\" height=\"764\" src=\"https:\/\/raufoss.stage.webcore.no\/it\/wp-content\/uploads\/sites\/3\/2021\/04\/96608021_cat-3D-768x764.png\" class=\"attachment-medium_large size-medium_large\" alt=\"\" loading=\"lazy\" srcset=\"https:\/\/raufoss.stage.webcore.no\/it\/wp-content\/uploads\/sites\/3\/2021\/04\/96608021_cat-3D-768x764.png 768w, https:\/\/raufoss.stage.webcore.no\/it\/wp-content\/uploads\/sites\/3\/2021\/04\/96608021_cat-3D-300x298.png 300w, https:\/\/raufoss.stage.webcore.no\/it\/wp-content\/uploads\/sites\/3\/2021\/04\/96608021_cat-3D-1024x1018.png 1024w, https:\/\/raufoss.stage.webcore.no\/it\/wp-content\/uploads\/sites\/3\/2021\/04\/96608021_cat-3D-150x150.png 150w, https:\/\/raufoss.stage.webcore.no\/it\/wp-content\/uploads\/sites\/3\/2021\/04\/96608021_cat-3D-100x100.png 100w, https:\/\/raufoss.stage.webcore.no\/it\/wp-content\/uploads\/sites\/3\/2021\/04\/96608021_cat-3D-64x64.png 64w, https:\/\/raufoss.stage.webcore.no\/it\/wp-content\/uploads\/sites\/3\/2021\/04\/96608021_cat-3D.png 1087w\" sizes=\"(max-width: 768px) 100vw, 768px\" \/><\/div><div class=\"product-image\"><h3>&nbsp;<\/h3><img width=\"768\" height=\"768\" src=\"https:\/\/raufoss.stage.webcore.no\/it\/wp-content\/uploads\/sites\/3\/2021\/04\/picture-65-katalog-768x768.png\" class=\"attachment-medium_large size-medium_large\" alt=\"\" loading=\"lazy\" srcset=\"https:\/\/raufoss.stage.webcore.no\/it\/wp-content\/uploads\/sites\/3\/2021\/04\/picture-65-katalog-768x768.png 768w, https:\/\/raufoss.stage.webcore.no\/it\/wp-content\/uploads\/sites\/3\/2021\/04\/picture-65-katalog-300x300.png 300w, https:\/\/raufoss.stage.webcore.no\/it\/wp-content\/uploads\/sites\/3\/2021\/04\/picture-65-katalog-150x150.png 150w, https:\/\/raufoss.stage.webcore.no\/it\/wp-content\/uploads\/sites\/3\/2021\/04\/picture-65-katalog-100x100.png 100w, https:\/\/raufoss.stage.webcore.no\/it\/wp-content\/uploads\/sites\/3\/2021\/04\/picture-65-katalog-64x64.png 64w, https:\/\/raufoss.stage.webcore.no\/it\/wp-content\/uploads\/sites\/3\/2021\/04\/picture-65-katalog.png 810w\" sizes=\"(max-width: 768px) 100vw, 768px\" \/><\/div>        <\/div>\n    <\/div>\n\n\n\n<p>5. Spingere l\u2019utensile all\u2019interno del raccordo. Non sforzare durante l\u2019inserimento.<\/p>\n\n\n\n<p>6. Pu\u00f2 essere usato spray al silicone per facilitare l\u2019operazione.<\/p>\n\n\n    <div class=\"wp-block-product-images \">\n        <div class=\"wp-block-product-images__inner-container columns-3\">\n            <div class=\"product-image\"><h3>5 \/ 6<\/h3><img width=\"768\" height=\"596\" src=\"https:\/\/raufoss.stage.webcore.no\/it\/wp-content\/uploads\/sites\/3\/2021\/04\/New-Line-tube-release_2-768x596.png\" class=\"attachment-medium_large size-medium_large\" alt=\"\" loading=\"lazy\" srcset=\"https:\/\/raufoss.stage.webcore.no\/it\/wp-content\/uploads\/sites\/3\/2021\/04\/New-Line-tube-release_2-768x596.png 768w, https:\/\/raufoss.stage.webcore.no\/it\/wp-content\/uploads\/sites\/3\/2021\/04\/New-Line-tube-release_2-300x233.png 300w, https:\/\/raufoss.stage.webcore.no\/it\/wp-content\/uploads\/sites\/3\/2021\/04\/New-Line-tube-release_2-1024x794.png 1024w, https:\/\/raufoss.stage.webcore.no\/it\/wp-content\/uploads\/sites\/3\/2021\/04\/New-Line-tube-release_2-64x50.png 64w, https:\/\/raufoss.stage.webcore.no\/it\/wp-content\/uploads\/sites\/3\/2021\/04\/New-Line-tube-release_2.png 1106w\" sizes=\"(max-width: 768px) 100vw, 768px\" \/><\/div>        <\/div>\n    <\/div>\n\n\n\n<p>7. Mantenendo premuto l\u2019utensile all\u2019interno del raccordo, estrarre il tubo.<\/p>\n\n\n\n<p>8. Estrarre l\u2019utensile.<\/p>\n\n\n    <div class=\"wp-block-product-images \">\n        <div class=\"wp-block-product-images__inner-container columns-3\">\n            <div class=\"product-image\"><h3>7 \/ 8<\/h3><img width=\"768\" height=\"596\" src=\"https:\/\/raufoss.stage.webcore.no\/it\/wp-content\/uploads\/sites\/3\/2021\/04\/New-Line-tube-release_3-768x596.png\" class=\"attachment-medium_large size-medium_large\" alt=\"\" loading=\"lazy\" srcset=\"https:\/\/raufoss.stage.webcore.no\/it\/wp-content\/uploads\/sites\/3\/2021\/04\/New-Line-tube-release_3-768x596.png 768w, https:\/\/raufoss.stage.webcore.no\/it\/wp-content\/uploads\/sites\/3\/2021\/04\/New-Line-tube-release_3-300x233.png 300w, https:\/\/raufoss.stage.webcore.no\/it\/wp-content\/uploads\/sites\/3\/2021\/04\/New-Line-tube-release_3-1024x794.png 1024w, https:\/\/raufoss.stage.webcore.no\/it\/wp-content\/uploads\/sites\/3\/2021\/04\/New-Line-tube-release_3-64x50.png 64w, https:\/\/raufoss.stage.webcore.no\/it\/wp-content\/uploads\/sites\/3\/2021\/04\/New-Line-tube-release_3.png 1106w\" sizes=\"(max-width: 768px) 100vw, 768px\" \/><\/div>        <\/div>\n    <\/div>\n\n\n\n<p>9. Prima di reinserire il tubo nel raccordo, verificare che esso sia pulito e non danneggiato. Eventualmente tagliare l\u2019estremit\u00e0 danneggiata.<\/p>\n\n\n\n<p>10. Prima del montaggio del tubo, controllare visivamente che l\u2019imboccatura sia del tubo che del raccordo siano pulite e prive di impurit\u00e0. Kongsberg Automotive non \u00e8 responsabile per le conseguenze generate dalla presenza di impurit\u00e0 all\u2019interno dell\u2019impianto pneumatico.<\/p>\n\n\n\n<p>11. Inserire il tubo applicando una leggera rotazione.<\/p>\n\n\n\n<p>12. Effettuare una prova di tenuta in pressione. In caso di perdita d\u2019aria, sostituire il raccordo.<\/p>\n\n\n    <div class=\"wp-block-product-images \">\n        <div class=\"wp-block-product-images__inner-container columns-3\">\n            <div class=\"product-image\"><h3><\/h3><img width=\"768\" height=\"768\" src=\"https:\/\/raufoss.stage.webcore.no\/it\/wp-content\/uploads\/sites\/3\/2021\/04\/Base-med-skrutrekker.png\" class=\"attachment-medium_large size-medium_large\" alt=\"\" loading=\"lazy\" \/><\/div>        <\/div>\n    <\/div>\n\n\n\n<p>Qualora non sia disponibile l\u2019utensile specifico per lo sgancio del tubo, \u00e8 possibile svitare il raccordo con il tubo montato. Il raccordo ruoter\u00e0 sul tubo.<\/p>\n\n\n\n<p><\/p>\n","protected":false},"excerpt":{"rendered":"<p>USO DELL\u2019UTENSILE DI SGANCIO DEL TUBO ISTRUZIONI PER LA SOSTITUZIONE Utilizzare solo strumenti di rilascio originali forniti da KA. Non inserire mai altre parti o apparecchiature nel giunto. 1. Verificare l\u2019integrit\u00e0 dell\u2019utensile. Sostituirlo se danneggiato. 2. Ruotandolo, premere il tubo verso il raccordo. 3. Dilatare l\u2019utensile premendo sulle apposite alette. 4. Calzare l\u2019utensile sul tubo &hellip; <a href=\"https:\/\/raufoss.stage.webcore.no\/it\/instructions\/uso-dellutensile-di-sgancio-del-tubo\/\">Continued<\/a><\/p>\n","protected":false},"author":2,"featured_media":0,"parent":1943,"menu_order":0,"comment_status":"closed","ping_status":"closed","template":"","meta":[],"acf":[],"_links":{"self":[{"href":"https:\/\/raufoss.stage.webcore.no\/it\/wp-json\/wp\/v2\/pages\/1982"}],"collection":[{"href":"https:\/\/raufoss.stage.webcore.no\/it\/wp-json\/wp\/v2\/pages"}],"about":[{"href":"https:\/\/raufoss.stage.webcore.no\/it\/wp-json\/wp\/v2\/types\/page"}],"author":[{"embeddable":true,"href":"https:\/\/raufoss.stage.webcore.no\/it\/wp-json\/wp\/v2\/users\/2"}],"replies":[{"embeddable":true,"href":"https:\/\/raufoss.stage.webcore.no\/it\/wp-json\/wp\/v2\/comments?post=1982"}],"version-history":[{"count":3,"href":"https:\/\/raufoss.stage.webcore.no\/it\/wp-json\/wp\/v2\/pages\/1982\/revisions"}],"predecessor-version":[{"id":5580,"href":"https:\/\/raufoss.stage.webcore.no\/it\/wp-json\/wp\/v2\/pages\/1982\/revisions\/5580"}],"up":[{"embeddable":true,"href":"https:\/\/raufoss.stage.webcore.no\/it\/wp-json\/wp\/v2\/pages\/1943"}],"wp:attachment":[{"href":"https:\/\/raufoss.stage.webcore.no\/it\/wp-json\/wp\/v2\/media?parent=1982"}],"curies":[{"name":"wp","href":"https:\/\/api.w.org\/{rel}","templated":true}]}}