{"id":4128,"date":"2021-03-15T15:27:16","date_gmt":"2021-03-15T14:27:16","guid":{"rendered":"https:\/\/stage.couplingscatalog.kongsbergautomotive.com\/?page_id=4128"},"modified":"2021-06-11T11:43:24","modified_gmt":"2021-06-11T09:43:24","slug":"raufoss-abc","status":"publish","type":"page","link":"https:\/\/raufoss.stage.webcore.no\/it\/raufoss-abc\/","title":{"rendered":"Raufoss ABC"},"content":{"rendered":"\n<h1><strong>RAUFOSS<\/strong> ABC\u2122\u00a0<\/h1>\n\n\n\n<h1 class=\"is-style-alt\">SYSTEMA<\/h1>\n\n\n\n<p class=\"is-style-lead\">LA MISSIONE E L\u2019IMPEGNO DI KONGSBERG AUTOMOTIVE E\u2019 QUELLO DI ESSERE PARTNER PREFERENZIALI DEI PROPRI CLIENTI, DIPENDENTI ED INVESTITORI OFFRENDO LORO SOLUZIONI CHE VALORIZZINO L\u2019ESPERIENZA DI GUIDA.<\/p>\n\n\n\n<p class=\"is-style-default\">> Una nuova generazione di raccordi in materiale composito abbinato alla tecnologia leader del mercato.<\/p>\n\n\n\n<p class=\"is-style-default\">> Il sistema offre tangibili miglioramenti nel settore dei raccordi e rende Raufoss fornitore chiave nei componenti per l\u2019impianto pneumatico dei veicoli industriali. I materiali compositi riducono i costi, il peso, i codici aumentando la flessibilit\u00e0 del sistema.<\/p>\n\n\n\n<p class=\"is-style-default\">> I raccordi tuttora in ottone garantiscono l\u2019integrit\u00e0 richiesta nelle funzioni ad alto stress<\/p>\n\n\n\n<p class=\"is-style-default\">> Un solo sistema globale in grado di soddisfare le molteplici filosofie per lo sviluppo di camion stradali e da cantiere, bus, rimorchi.\u00a0<\/p>\n\n\n\n<div style=\"height:60px\" aria-hidden=\"true\" class=\"wp-block-spacer\"><\/div>\n\n\n\n<div class=\"wp-block-product-categories alignfull\">\n    <div class=\"wp-block-product-categories__inner-container\">\n        <a href=\"https:\/\/raufoss.stage.webcore.no\/it\/product-category\/abc-push-in\/\"><div class=\"cat-block\"><img width=\"768\" height=\"512\" src=\"https:\/\/raufoss.stage.webcore.no\/it\/wp-content\/uploads\/sites\/3\/2021\/03\/Raufoss102ddd-768x512.jpg\" class=\"attachment-medium_large size-medium_large\" alt=\"\" loading=\"lazy\" srcset=\"https:\/\/raufoss.stage.webcore.no\/it\/wp-content\/uploads\/sites\/3\/2021\/03\/Raufoss102ddd-768x512.jpg 768w, https:\/\/raufoss.stage.webcore.no\/it\/wp-content\/uploads\/sites\/3\/2021\/03\/Raufoss102ddd-300x200.jpg 300w, https:\/\/raufoss.stage.webcore.no\/it\/wp-content\/uploads\/sites\/3\/2021\/03\/Raufoss102ddd-1024x683.jpg 1024w, https:\/\/raufoss.stage.webcore.no\/it\/wp-content\/uploads\/sites\/3\/2021\/03\/Raufoss102ddd-64x43.jpg 64w, https:\/\/raufoss.stage.webcore.no\/it\/wp-content\/uploads\/sites\/3\/2021\/03\/Raufoss102ddd.jpg 1500w\" sizes=\"(max-width: 768px) 100vw, 768px\" \/><div class=\"overlay\"><\/div><div class=\"cat-title\"><span><svg width=\"37\" height=\"69\" viewBox=\"0 0 37 69\" version=\"1.1\" xmlns=\"http:\/\/www.w3.org\/2000\/svg\"><path d=\"M16.7.532H.872a.5.5 0 00-.431.752l19.424 33.161a.5.5 0 010 .506L.441 68.11a.5.5 0 00.431.754H16.7a.5.5 0 00.431-.248L36.852 34.95a.5.5 0 000-.506L17.132.78A.5.5 0 0016.7.532z\" fill=\"#FFF\" fill-rule=\"evenodd\"\/><\/svg><\/span><h2>ABC Push-In<\/h2><\/div><\/div><\/a><a href=\"https:\/\/raufoss.stage.webcore.no\/it\/product-category\/abc-building-block-system\/\"><div class=\"cat-block\"><img width=\"768\" height=\"512\" src=\"https:\/\/raufoss.stage.webcore.no\/it\/wp-content\/uploads\/sites\/3\/2021\/03\/Raufoss192ddd-768x512.jpg\" class=\"attachment-medium_large size-medium_large\" alt=\"\" loading=\"lazy\" srcset=\"https:\/\/raufoss.stage.webcore.no\/it\/wp-content\/uploads\/sites\/3\/2021\/03\/Raufoss192ddd-768x512.jpg 768w, https:\/\/raufoss.stage.webcore.no\/it\/wp-content\/uploads\/sites\/3\/2021\/03\/Raufoss192ddd-300x200.jpg 300w, https:\/\/raufoss.stage.webcore.no\/it\/wp-content\/uploads\/sites\/3\/2021\/03\/Raufoss192ddd-1024x683.jpg 1024w, https:\/\/raufoss.stage.webcore.no\/it\/wp-content\/uploads\/sites\/3\/2021\/03\/Raufoss192ddd-64x43.jpg 64w, https:\/\/raufoss.stage.webcore.no\/it\/wp-content\/uploads\/sites\/3\/2021\/03\/Raufoss192ddd.jpg 1500w\" sizes=\"(max-width: 768px) 100vw, 768px\" \/><div class=\"overlay\"><\/div><div class=\"cat-title\"><span><svg width=\"37\" height=\"69\" viewBox=\"0 0 37 69\" version=\"1.1\" xmlns=\"http:\/\/www.w3.org\/2000\/svg\"><path d=\"M16.7.532H.872a.5.5 0 00-.431.752l19.424 33.161a.5.5 0 010 .506L.441 68.11a.5.5 0 00.431.754H16.7a.5.5 0 00.431-.248L36.852 34.95a.5.5 0 000-.506L17.132.78A.5.5 0 0016.7.532z\" fill=\"#FFF\" fill-rule=\"evenodd\"\/><\/svg><\/span><h2>ABC Building Block System<\/h2><\/div><\/div><\/a><a href=\"https:\/\/raufoss.stage.webcore.no\/it\/product-category\/abc-complementary\/\"><div class=\"cat-block\"><img width=\"768\" height=\"512\" src=\"https:\/\/raufoss.stage.webcore.no\/it\/wp-content\/uploads\/sites\/3\/2021\/03\/Raufoss089ddd-768x512.jpg\" class=\"attachment-medium_large size-medium_large\" alt=\"\" loading=\"lazy\" srcset=\"https:\/\/raufoss.stage.webcore.no\/it\/wp-content\/uploads\/sites\/3\/2021\/03\/Raufoss089ddd-768x512.jpg 768w, https:\/\/raufoss.stage.webcore.no\/it\/wp-content\/uploads\/sites\/3\/2021\/03\/Raufoss089ddd-300x200.jpg 300w, https:\/\/raufoss.stage.webcore.no\/it\/wp-content\/uploads\/sites\/3\/2021\/03\/Raufoss089ddd-1024x683.jpg 1024w, https:\/\/raufoss.stage.webcore.no\/it\/wp-content\/uploads\/sites\/3\/2021\/03\/Raufoss089ddd-1536x1024.jpg 1536w, https:\/\/raufoss.stage.webcore.no\/it\/wp-content\/uploads\/sites\/3\/2021\/03\/Raufoss089ddd-2048x1365.jpg 2048w, https:\/\/raufoss.stage.webcore.no\/it\/wp-content\/uploads\/sites\/3\/2021\/03\/Raufoss089ddd-64x43.jpg 64w\" sizes=\"(max-width: 768px) 100vw, 768px\" \/><div class=\"overlay\"><\/div><div class=\"cat-title\"><span><svg width=\"37\" height=\"69\" viewBox=\"0 0 37 69\" version=\"1.1\" xmlns=\"http:\/\/www.w3.org\/2000\/svg\"><path d=\"M16.7.532H.872a.5.5 0 00-.431.752l19.424 33.161a.5.5 0 010 .506L.441 68.11a.5.5 0 00.431.754H16.7a.5.5 0 00.431-.248L36.852 34.95a.5.5 0 000-.506L17.132.78A.5.5 0 0016.7.532z\" fill=\"#FFF\" fill-rule=\"evenodd\"\/><\/svg><\/span><h2>ABC Complementary<\/h2><\/div><\/div><\/a><a href=\"https:\/\/raufoss.stage.webcore.no\/it\/product-category\/abc-tools\/\"><div class=\"cat-block\"><img width=\"768\" height=\"487\" src=\"https:\/\/raufoss.stage.webcore.no\/it\/wp-content\/uploads\/sites\/3\/2021\/03\/picture-64-katalogddd-768x487.jpg\" class=\"attachment-medium_large size-medium_large\" alt=\"\" loading=\"lazy\" srcset=\"https:\/\/raufoss.stage.webcore.no\/it\/wp-content\/uploads\/sites\/3\/2021\/03\/picture-64-katalogddd-768x487.jpg 768w, https:\/\/raufoss.stage.webcore.no\/it\/wp-content\/uploads\/sites\/3\/2021\/03\/picture-64-katalogddd-300x190.jpg 300w, https:\/\/raufoss.stage.webcore.no\/it\/wp-content\/uploads\/sites\/3\/2021\/03\/picture-64-katalogddd-1024x649.jpg 1024w, https:\/\/raufoss.stage.webcore.no\/it\/wp-content\/uploads\/sites\/3\/2021\/03\/picture-64-katalogddd-64x41.jpg 64w, https:\/\/raufoss.stage.webcore.no\/it\/wp-content\/uploads\/sites\/3\/2021\/03\/picture-64-katalogddd.jpg 1416w\" sizes=\"(max-width: 768px) 100vw, 768px\" \/><div class=\"overlay\"><\/div><div class=\"cat-title\"><span><svg width=\"37\" height=\"69\" viewBox=\"0 0 37 69\" version=\"1.1\" xmlns=\"http:\/\/www.w3.org\/2000\/svg\"><path d=\"M16.7.532H.872a.5.5 0 00-.431.752l19.424 33.161a.5.5 0 010 .506L.441 68.11a.5.5 0 00.431.754H16.7a.5.5 0 00.431-.248L36.852 34.95a.5.5 0 000-.506L17.132.78A.5.5 0 0016.7.532z\" fill=\"#FFF\" fill-rule=\"evenodd\"\/><\/svg><\/span><h2>ABC Tools<\/h2><\/div><\/div><\/a>    <\/div>\n<\/div>\n\n\n\n<div style=\"height:60px\" aria-hidden=\"true\" class=\"wp-block-spacer\"><\/div>\n\n\n\n<h2>CODIFICHE<\/h2>\n\n\n\n<p class=\"is-style-with-chevron\">Stai cercando un sostituto per un prodotto pi\u00f9 vecchio e obsoleto? Si prega di controllare la nostra tabella di riferimento incrociato per vedere se \u00e8 stata sostituita da un modello pi\u00f9 recente.<br><a href=\"https:\/\/couplingscatalog.kongsbergautomotive.com\/it\/cross-reference\/\" data-type=\"page\" data-id=\"1998\">CODIFICHE<\/a><\/p>\n\n\n\n<h2><strong>INFORMAZIONI\u00a0GENERALI<\/strong><\/h2>\n\n\n\n<p class=\"is-style-with-chevron\">Per maggiori informazioni sui nostri prodotti e proposte di montaggio, visita la nostra pagina per informazioni generali.<br><a href=\"https:\/\/couplingscatalog.kongsbergautomotive.com\/it\/informazioni-generali\/\" data-type=\"page\" data-id=\"4383\"><strong>INFORMAZIONI\u00a0GENERALI<\/strong><\/a><\/p>\n","protected":false},"excerpt":{"rendered":"<p>RAUFOSS ABC\u2122\u00a0 SYSTEMA LA MISSIONE E L\u2019IMPEGNO DI KONGSBERG AUTOMOTIVE E\u2019 QUELLO DI ESSERE PARTNER PREFERENZIALI DEI PROPRI CLIENTI, DIPENDENTI ED INVESTITORI OFFRENDO LORO SOLUZIONI CHE VALORIZZINO L\u2019ESPERIENZA DI GUIDA. > Una nuova generazione di raccordi in materiale composito abbinato alla tecnologia leader del mercato. > Il sistema offre tangibili miglioramenti nel settore dei raccordi &hellip; <a href=\"https:\/\/raufoss.stage.webcore.no\/it\/raufoss-abc\/\">Continued<\/a><\/p>\n","protected":false},"author":2,"featured_media":0,"parent":0,"menu_order":0,"comment_status":"closed","ping_status":"closed","template":"","meta":[],"acf":[],"_links":{"self":[{"href":"https:\/\/raufoss.stage.webcore.no\/it\/wp-json\/wp\/v2\/pages\/4128"}],"collection":[{"href":"https:\/\/raufoss.stage.webcore.no\/it\/wp-json\/wp\/v2\/pages"}],"about":[{"href":"https:\/\/raufoss.stage.webcore.no\/it\/wp-json\/wp\/v2\/types\/page"}],"author":[{"embeddable":true,"href":"https:\/\/raufoss.stage.webcore.no\/it\/wp-json\/wp\/v2\/users\/2"}],"replies":[{"embeddable":true,"href":"https:\/\/raufoss.stage.webcore.no\/it\/wp-json\/wp\/v2\/comments?post=4128"}],"version-history":[{"count":6,"href":"https:\/\/raufoss.stage.webcore.no\/it\/wp-json\/wp\/v2\/pages\/4128\/revisions"}],"predecessor-version":[{"id":5731,"href":"https:\/\/raufoss.stage.webcore.no\/it\/wp-json\/wp\/v2\/pages\/4128\/revisions\/5731"}],"wp:attachment":[{"href":"https:\/\/raufoss.stage.webcore.no\/it\/wp-json\/wp\/v2\/media?parent=4128"}],"curies":[{"name":"wp","href":"https:\/\/api.w.org\/{rel}","templated":true}]}}