{"id":580,"date":"2021-02-22T10:08:59","date_gmt":"2021-02-22T09:08:59","guid":{"rendered":"http:\/\/work.localhost\/raufosscouplings\/?page_id=580"},"modified":"2021-06-11T12:01:21","modified_gmt":"2021-06-11T10:01:21","slug":"about-us","status":"publish","type":"page","link":"https:\/\/raufoss.stage.webcore.no\/it\/about-us\/","title":{"rendered":"L\u2019AZIENDA"},"content":{"rendered":"\n<h1 class=\"has-core-blue-color has-text-color\">RAUFOSS<\/h1>\n\n\n\n<h1 class=\"is-style-alt has-core-blue-color has-text-color\">COUPLINGS<\/h1>\n\n\n\n<p class=\"is-style-lead\">La Divisione Raccordi di Kongsberg Automotive \u00e8 leader tecnologica nei raccordi per aria compressa per il mercato globale dei veicoli industriali.<\/p>\n\n\n\n<p>I nostri raccordi, progettati ed ottimizzati unicamente per l\u2019impiego con aria compressa, venduti e distribuiti con il nome Raccordi Raufoss, rispettano tutte le normative internazionali e le specifiche che riguardano l\u2019impianto frenante dei Costruttori di veicoli industriali.<\/p>\n\n\n\n<p>Il sistema ABC di Kongsberg Automotive \u00e8 stato studiato per assicurare il massimo flusso nelle tubazioni e la minima perdita di pressione in frenata, garantire un montaggio sicuro e durevole dei suoi componenti e dei tubi nel rispetto delle norme pi\u00f9 severe del mercato. Queste caratteristiche lo rendono un prodotto di riferimento per la concorrenza.<\/p>\n\n\n\n<h2 class=\"is-style-default\"><strong>LE SOLUZIONI<\/strong><\/h2>\n\n\n\n<p>Impiegando la gamma di Raccordi Raufoss, composta da raccordi rapidi e raccordi modulari multipli, i Clienti trovano le configurazioni e le dimensioni necessarie al proprio impianto pneumatico.<\/p>\n\n\n\n<p>L\u2019ampia gamma di Raccordi Raufoss ABC offre funzionalit\u00e0 e benefici, flessibilit\u00e0 e soluzioni mirate anche ad esigenze particolari.<\/p>\n\n\n\n<p>La gamma di cartucce Kartridge sono sviluppate per impieghi in spazi molto ridotti e con limitato tempo di montaggio a disposizione, in sedi in materiale plastico.<\/p>\n\n\n\n<p>Il sistema ABC offre la smontabilit\u00e0 di ogni suo singolo componente e del tubo dal raccordo, riducendo cos\u00ec i tempi ed i costi di manutenzione.<\/p>\n\n\n\n<figure class=\"wp-block-image size-large\"><img loading=\"lazy\" width=\"1024\" height=\"654\" src=\"https:\/\/couplingscatalog.kongsbergautomotive.com\/it\/wp-content\/uploads\/sites\/3\/2021\/06\/ABC-couplings-1024x654.png\" alt=\"\" class=\"wp-image-5586\" srcset=\"https:\/\/raufoss.stage.webcore.no\/it\/wp-content\/uploads\/sites\/3\/2021\/06\/ABC-couplings-1024x654.png 1024w, https:\/\/raufoss.stage.webcore.no\/it\/wp-content\/uploads\/sites\/3\/2021\/06\/ABC-couplings-300x192.png 300w, https:\/\/raufoss.stage.webcore.no\/it\/wp-content\/uploads\/sites\/3\/2021\/06\/ABC-couplings-768x490.png 768w, https:\/\/raufoss.stage.webcore.no\/it\/wp-content\/uploads\/sites\/3\/2021\/06\/ABC-couplings-1536x980.png 1536w, https:\/\/raufoss.stage.webcore.no\/it\/wp-content\/uploads\/sites\/3\/2021\/06\/ABC-couplings-2048x1307.png 2048w, https:\/\/raufoss.stage.webcore.no\/it\/wp-content\/uploads\/sites\/3\/2021\/06\/ABC-couplings-64x41.png 64w\" sizes=\"(max-width: 1024px) 100vw, 1024px\" \/><\/figure>\n\n\n\n<h2><strong>VANTAGGI PER I CLIENTI<\/strong><\/h2>\n\n\n\n<p>Le soluzioni possibili offrono il meglio della flessibilit\u00e0, modularit\u00e0 e delle funzioni integrate soddisfacendo le esigenze di progetto dell\u2019impianto pneumatico. Con il sistema ABC, anche le configurazioni pi\u00f9 complesse richiedono pochi componenti, riducendo i tempi di montaggio ed i costi. La lunga ricerca tecnologica ed il largo impiego dei polimeri garantiscono la soddisfazione delle attuali e future aspettative del Cliente.<\/p>\n\n\n\n<p>I nostri specialisti sono a disposizione del Cliente per offrire il supporto tecnico necessario e consigliare soluzioni ottimizzate per ridurre i costi ed i tempi di ogni singolo montaggio. In vista della nuova generazione di raccordi, Kongsberg Automotive rivolge particolare attenzione a progetti innovativi dove saranno necessarie nuove soluzioni di raccordi.<\/p>\n\n\n\n<p>La produzione, altamente automatizzata e controllata in ogni fase del processo, offre al Cliente un ottimo rapporto qualit\u00e0-prezzo per applicazione, con un alto livello di sicurezza.<\/p>\n\n\n\n<p>L&#8217;esperienza di Kongsberg Automotive, maturata nel settore pneumatico dei veicoli industriali, combinata con l\u2019impiego di materiali tecnologici e competenza nella fabbricazione, ha permesso di creare una nuova ed innovativa gamma di prodotti per il successo attuale e futuro dei propri Clienti. Noi di Kongsberg Automotive ci impegnamo a fornire un prodotto competitivo in assoluto, sia per il costo al montaggio che per la durata.<\/p>\n\n\n\n<h2><strong>PRESENZA GLOBALE<\/strong><\/h2>\n\n\n\n<p>La Divisione Raccordi \u00e8 in continua crescita, espandendo la propria attivit\u00e0 a livello globale in tutti i continenti, con il fine di fornire l\u2019industria del veicolo industriale in tutto il mondo.<\/p>\n\n\n\n<p>Nel 2020, la Divisione Raccordi di Kongsberg Automotive ha aumentato la propria quota di mercato in Asia, Europa e nelle Americhe. I lunghi collaudi, le certificazioni, la sicurezza integrata, la funzionalit\u00e0, la flessibilit\u00e0, la semplicit\u00e0 di montaggio ed il peso ridotto hanno generato una domanda crescente.<\/p>\n\n\n\n<p>L\u2019innovativo ed unico sistema di raccordi Raufoss di Kongsberg Automotive \u00e8 disponibile anche vicino a te!<\/p>\n\n\n\n<div style=\"height:60px\" aria-hidden=\"true\" class=\"wp-block-spacer\"><\/div>\n\n\n\n<figure class=\"wp-block-embed alignfull is-type-video is-provider-vimeo wp-block-embed-vimeo wp-embed-aspect-16-9 wp-has-aspect-ratio\"><div class=\"wp-block-embed__wrapper\">\n<iframe loading=\"lazy\" title=\"Raufoss&amp;trade; Couplings ABC film\" src=\"https:\/\/player.vimeo.com\/video\/162885286?dnt=1&amp;app_id=122963\" width=\"500\" height=\"281\" frameborder=\"0\" allow=\"autoplay; fullscreen; picture-in-picture\" allowfullscreen><\/iframe>\n<\/div><\/figure>\n","protected":false},"excerpt":{"rendered":"<p>RAUFOSS COUPLINGS La Divisione Raccordi di Kongsberg Automotive \u00e8 leader tecnologica nei raccordi per aria compressa per il mercato globale dei veicoli industriali. I nostri raccordi, progettati ed ottimizzati unicamente per l\u2019impiego con aria compressa, venduti e distribuiti con il nome Raccordi Raufoss, rispettano tutte le normative internazionali e le specifiche che riguardano l\u2019impianto frenante &hellip; <a href=\"https:\/\/raufoss.stage.webcore.no\/it\/about-us\/\">Continued<\/a><\/p>\n","protected":false},"author":2,"featured_media":0,"parent":0,"menu_order":0,"comment_status":"closed","ping_status":"closed","template":"","meta":[],"acf":[],"_links":{"self":[{"href":"https:\/\/raufoss.stage.webcore.no\/it\/wp-json\/wp\/v2\/pages\/580"}],"collection":[{"href":"https:\/\/raufoss.stage.webcore.no\/it\/wp-json\/wp\/v2\/pages"}],"about":[{"href":"https:\/\/raufoss.stage.webcore.no\/it\/wp-json\/wp\/v2\/types\/page"}],"author":[{"embeddable":true,"href":"https:\/\/raufoss.stage.webcore.no\/it\/wp-json\/wp\/v2\/users\/2"}],"replies":[{"embeddable":true,"href":"https:\/\/raufoss.stage.webcore.no\/it\/wp-json\/wp\/v2\/comments?post=580"}],"version-history":[{"count":8,"href":"https:\/\/raufoss.stage.webcore.no\/it\/wp-json\/wp\/v2\/pages\/580\/revisions"}],"predecessor-version":[{"id":5739,"href":"https:\/\/raufoss.stage.webcore.no\/it\/wp-json\/wp\/v2\/pages\/580\/revisions\/5739"}],"wp:attachment":[{"href":"https:\/\/raufoss.stage.webcore.no\/it\/wp-json\/wp\/v2\/media?parent=580"}],"curies":[{"name":"wp","href":"https:\/\/api.w.org\/{rel}","templated":true}]}}